{"id":2178,"date":"2023-10-10T14:06:39","date_gmt":"2023-10-10T11:06:39","guid":{"rendered":"https:\/\/radiaatorikeskus.ee\/toode\/agora\/"},"modified":"2023-12-21T15:42:27","modified_gmt":"2023-12-21T13:42:27","slug":"agora","status":"publish","type":"product","link":"https:\/\/radiaatorikeskus.ee\/en\/product\/agora\/","title":{"rendered":"Agora"},"content":{"rendered":"","protected":false},"excerpt":{"rendered":"<p>A designer radiator that\u2019s perfect for refurbishment work, blending classic with contemporary, Agor\u00e0 teams formal research with technological innovation, providing the perfect solution for any room in your home.<\/p>\n<p>Owing to its versatility, to the three versions (d\u00e9cor-free, with single d\u00e9cor and with double d\u00e9cor) and 190 available sizes, it can be fitted in new installations or replace old radiators without the need for any masonry work.<\/p>\n","protected":false},"featured_media":1135,"template":"","meta":{"_acf_changed":false},"product_brand":[],"product_cat":[80],"product_tag":[],"class_list":{"0":"post-2178","1":"product","2":"type-product","3":"status-publish","4":"has-post-thumbnail","6":"product_cat-aluminum-radiators","8":"first","9":"instock","10":"taxable","11":"shipping-taxable","12":"product-type-simple"},"acf":[],"yoast_head":"<!-- This site is optimized with the Yoast SEO plugin v26.2 - https:\/\/yoast.com\/wordpress\/plugins\/seo\/ -->\n<title>Agora - Radiaatorikeskus<\/title>\n<meta name=\"robots\" content=\"index, follow, max-snippet:-1, max-image-preview:large, max-video-preview:-1\" \/>\n<link rel=\"canonical\" href=\"https:\/\/radiaatorikeskus.ee\/en\/product\/agora\/\" \/>\n<meta property=\"og:locale\" content=\"en_US\" \/>\n<meta property=\"og:type\" content=\"article\" \/>\n<meta property=\"og:title\" content=\"Agora - Radiaatorikeskus\" \/>\n<meta property=\"og:description\" content=\"A designer radiator that\u2019s perfect for refurbishment work, blending classic with contemporary, Agor\u00e0 teams formal research with technological innovation, providing the perfect solution for any room in your home.  Owing to its versatility, to the three versions (d\u00e9cor-free, with single d\u00e9cor and with double d\u00e9cor) and 190 available sizes, it can be fitted in new installations or replace old radiators without the need for any masonry work.\" \/>\n<meta property=\"og:url\" content=\"https:\/\/radiaatorikeskus.ee\/en\/product\/agora\/\" \/>\n<meta property=\"og:site_name\" content=\"Radiaatorikeskus\" \/>\n<meta property=\"article:modified_time\" content=\"2023-12-21T13:42:27+00:00\" \/>\n<meta property=\"og:image\" content=\"https:\/\/radiaatorikeskus.ee\/wp-content\/uploads\/2023\/10\/Tubes-Agora-1.jpg\" \/>\n\t<meta property=\"og:image:width\" content=\"850\" \/>\n\t<meta property=\"og:image:height\" content=\"1275\" \/>\n\t<meta property=\"og:image:type\" content=\"image\/jpeg\" \/>\n<meta name=\"twitter:card\" content=\"summary_large_image\" \/>\n<meta name=\"twitter:label1\" content=\"Est. reading time\" \/>\n\t<meta name=\"twitter:data1\" content=\"1 minute\" \/>\n<script type=\"application\/ld+json\" class=\"yoast-schema-graph\">{\"@context\":\"https:\/\/schema.org\",\"@graph\":[{\"@type\":\"WebPage\",\"@id\":\"https:\/\/radiaatorikeskus.ee\/en\/product\/agora\/\",\"url\":\"https:\/\/radiaatorikeskus.ee\/en\/product\/agora\/\",\"name\":\"Agora - Radiaatorikeskus\",\"isPartOf\":{\"@id\":\"https:\/\/radiaatorikeskus.ee\/en\/#website\"},\"primaryImageOfPage\":{\"@id\":\"https:\/\/radiaatorikeskus.ee\/en\/product\/agora\/#primaryimage\"},\"image\":{\"@id\":\"https:\/\/radiaatorikeskus.ee\/en\/product\/agora\/#primaryimage\"},\"thumbnailUrl\":\"https:\/\/radiaatorikeskus.ee\/wp-content\/uploads\/2023\/10\/Tubes-Agora-1.jpg\",\"datePublished\":\"2023-10-10T11:06:39+00:00\",\"dateModified\":\"2023-12-21T13:42:27+00:00\",\"breadcrumb\":{\"@id\":\"https:\/\/radiaatorikeskus.ee\/en\/product\/agora\/#breadcrumb\"},\"inLanguage\":\"en-US\",\"potentialAction\":[{\"@type\":\"ReadAction\",\"target\":[\"https:\/\/radiaatorikeskus.ee\/en\/product\/agora\/\"]}]},{\"@type\":\"ImageObject\",\"inLanguage\":\"en-US\",\"@id\":\"https:\/\/radiaatorikeskus.ee\/en\/product\/agora\/#primaryimage\",\"url\":\"https:\/\/radiaatorikeskus.ee\/wp-content\/uploads\/2023\/10\/Tubes-Agora-1.jpg\",\"contentUrl\":\"https:\/\/radiaatorikeskus.ee\/wp-content\/uploads\/2023\/10\/Tubes-Agora-1.jpg\",\"width\":850,\"height\":1275},{\"@type\":\"BreadcrumbList\",\"@id\":\"https:\/\/radiaatorikeskus.ee\/en\/product\/agora\/#breadcrumb\",\"itemListElement\":[{\"@type\":\"ListItem\",\"position\":1,\"name\":\"Home\",\"item\":\"https:\/\/radiaatorikeskus.ee\/en\/\"},{\"@type\":\"ListItem\",\"position\":2,\"name\":\"Products\",\"item\":\"https:\/\/radiaatorikeskus.ee\/en\/products\/\"},{\"@type\":\"ListItem\",\"position\":3,\"name\":\"Agora\"}]},{\"@type\":\"WebSite\",\"@id\":\"https:\/\/radiaatorikeskus.ee\/en\/#website\",\"url\":\"https:\/\/radiaatorikeskus.ee\/en\/\",\"name\":\"Radiaatorikeskus\",\"description\":\"Parim radiaatorite valik Eestis\",\"potentialAction\":[{\"@type\":\"SearchAction\",\"target\":{\"@type\":\"EntryPoint\",\"urlTemplate\":\"https:\/\/radiaatorikeskus.ee\/en\/?s={search_term_string}\"},\"query-input\":{\"@type\":\"PropertyValueSpecification\",\"valueRequired\":true,\"valueName\":\"search_term_string\"}}],\"inLanguage\":\"en-US\"}]}<\/script>\n<!-- \/ Yoast SEO plugin. -->","yoast_head_json":{"title":"Agora - Radiaatorikeskus","robots":{"index":"index","follow":"follow","max-snippet":"max-snippet:-1","max-image-preview":"max-image-preview:large","max-video-preview":"max-video-preview:-1"},"canonical":"https:\/\/radiaatorikeskus.ee\/en\/product\/agora\/","og_locale":"en_US","og_type":"article","og_title":"Agora - Radiaatorikeskus","og_description":"A designer radiator that\u2019s perfect for refurbishment work, blending classic with contemporary, Agor\u00e0 teams formal research with technological innovation, providing the perfect solution for any room in your home.  Owing to its versatility, to the three versions (d\u00e9cor-free, with single d\u00e9cor and with double d\u00e9cor) and 190 available sizes, it can be fitted in new installations or replace old radiators without the need for any masonry work.","og_url":"https:\/\/radiaatorikeskus.ee\/en\/product\/agora\/","og_site_name":"Radiaatorikeskus","article_modified_time":"2023-12-21T13:42:27+00:00","og_image":[{"width":850,"height":1275,"url":"https:\/\/radiaatorikeskus.ee\/wp-content\/uploads\/2023\/10\/Tubes-Agora-1.jpg","type":"image\/jpeg"}],"twitter_card":"summary_large_image","twitter_misc":{"Est. reading time":"1 minute"},"schema":{"@context":"https:\/\/schema.org","@graph":[{"@type":"WebPage","@id":"https:\/\/radiaatorikeskus.ee\/en\/product\/agora\/","url":"https:\/\/radiaatorikeskus.ee\/en\/product\/agora\/","name":"Agora - Radiaatorikeskus","isPartOf":{"@id":"https:\/\/radiaatorikeskus.ee\/en\/#website"},"primaryImageOfPage":{"@id":"https:\/\/radiaatorikeskus.ee\/en\/product\/agora\/#primaryimage"},"image":{"@id":"https:\/\/radiaatorikeskus.ee\/en\/product\/agora\/#primaryimage"},"thumbnailUrl":"https:\/\/radiaatorikeskus.ee\/wp-content\/uploads\/2023\/10\/Tubes-Agora-1.jpg","datePublished":"2023-10-10T11:06:39+00:00","dateModified":"2023-12-21T13:42:27+00:00","breadcrumb":{"@id":"https:\/\/radiaatorikeskus.ee\/en\/product\/agora\/#breadcrumb"},"inLanguage":"en-US","potentialAction":[{"@type":"ReadAction","target":["https:\/\/radiaatorikeskus.ee\/en\/product\/agora\/"]}]},{"@type":"ImageObject","inLanguage":"en-US","@id":"https:\/\/radiaatorikeskus.ee\/en\/product\/agora\/#primaryimage","url":"https:\/\/radiaatorikeskus.ee\/wp-content\/uploads\/2023\/10\/Tubes-Agora-1.jpg","contentUrl":"https:\/\/radiaatorikeskus.ee\/wp-content\/uploads\/2023\/10\/Tubes-Agora-1.jpg","width":850,"height":1275},{"@type":"BreadcrumbList","@id":"https:\/\/radiaatorikeskus.ee\/en\/product\/agora\/#breadcrumb","itemListElement":[{"@type":"ListItem","position":1,"name":"Home","item":"https:\/\/radiaatorikeskus.ee\/en\/"},{"@type":"ListItem","position":2,"name":"Products","item":"https:\/\/radiaatorikeskus.ee\/en\/products\/"},{"@type":"ListItem","position":3,"name":"Agora"}]},{"@type":"WebSite","@id":"https:\/\/radiaatorikeskus.ee\/en\/#website","url":"https:\/\/radiaatorikeskus.ee\/en\/","name":"Radiaatorikeskus","description":"Parim radiaatorite valik Eestis","potentialAction":[{"@type":"SearchAction","target":{"@type":"EntryPoint","urlTemplate":"https:\/\/radiaatorikeskus.ee\/en\/?s={search_term_string}"},"query-input":{"@type":"PropertyValueSpecification","valueRequired":true,"valueName":"search_term_string"}}],"inLanguage":"en-US"}]}},"_links":{"self":[{"href":"https:\/\/radiaatorikeskus.ee\/en\/wp-json\/wp\/v2\/product\/2178","targetHints":{"allow":["GET"]}}],"collection":[{"href":"https:\/\/radiaatorikeskus.ee\/en\/wp-json\/wp\/v2\/product"}],"about":[{"href":"https:\/\/radiaatorikeskus.ee\/en\/wp-json\/wp\/v2\/types\/product"}],"wp:featuredmedia":[{"embeddable":true,"href":"https:\/\/radiaatorikeskus.ee\/en\/wp-json\/wp\/v2\/media\/1135"}],"wp:attachment":[{"href":"https:\/\/radiaatorikeskus.ee\/en\/wp-json\/wp\/v2\/media?parent=2178"}],"wp:term":[{"taxonomy":"product_brand","embeddable":true,"href":"https:\/\/radiaatorikeskus.ee\/en\/wp-json\/wp\/v2\/product_brand?post=2178"},{"taxonomy":"product_cat","embeddable":true,"href":"https:\/\/radiaatorikeskus.ee\/en\/wp-json\/wp\/v2\/product_cat?post=2178"},{"taxonomy":"product_tag","embeddable":true,"href":"https:\/\/radiaatorikeskus.ee\/en\/wp-json\/wp\/v2\/product_tag?post=2178"}],"curies":[{"name":"wp","href":"https:\/\/api.w.org\/{rel}","templated":true}]}}