{"id":4381,"date":"2023-09-22T15:08:09","date_gmt":"2023-09-22T12:08:09","guid":{"rendered":"https:\/\/radiaatorikeskus.ee\/hyva-tietaa\/"},"modified":"2024-09-12T10:36:43","modified_gmt":"2024-09-12T07:36:43","slug":"hyva-tietaa","status":"publish","type":"page","link":"https:\/\/radiaatorikeskus.ee\/fi\/hyva-tietaa\/","title":{"rendered":"Hyv\u00e4 tiet\u00e4\u00e4"},"content":{"rendered":"<p>Tiesitk\u00f6, ett\u00e4 uusia pattereita ei tarvita vain uusien rakennusten rakentamiseen \u2013 Tallinnan teknillisen yliopiston l\u00e4mp\u00f6energeetikkojen laskelmien perusteella l\u00e4mmitysj\u00e4rjestelm\u00e4n kunnostus on yksi kannattavimmista energians\u00e4\u00e4st\u00f6toimenpiteist\u00e4 l\u00e4hi\u00f6iden asuinrakennusten kunnostamisessa.<\/p>\n<p>Seuraavassa on joitain n\u00e4k\u00f6kohtia, jotka tulevat useimmin esiin patteril\u00e4mmityksen asennuksen tai k\u00e4yt\u00f6n yhteydess\u00e4.<\/p>\n","protected":false},"excerpt":{"rendered":"<p>Tiesitk\u00f6, ett\u00e4 uusia pattereita ei tarvita vain uusien rakennusten rakentamiseen \u2013 Tallinnan teknillisen yliopiston l\u00e4mp\u00f6energeetikkojen laskelmien perusteella l\u00e4mmitysj\u00e4rjestelm\u00e4n kunnostus on yksi kannattavimmista energians\u00e4\u00e4st\u00f6toimenpiteist\u00e4 l\u00e4hi\u00f6iden asuinrakennusten kunnostamisessa. Seuraavassa on joitain n\u00e4k\u00f6kohtia, jotka tulevat useimmin esiin patteril\u00e4mmityksen asennuksen tai k\u00e4yt\u00f6n yhteydess\u00e4.<\/p>\n","protected":false},"author":3,"featured_media":3826,"parent":0,"menu_order":0,"comment_status":"closed","ping_status":"closed","template":"template-kkk.php","meta":{"_acf_changed":false,"footnotes":""},"class_list":["post-4381","page","type-page","status-publish","has-post-thumbnail","hentry"],"acf":[],"yoast_head":"<!-- This site is optimized with the Yoast SEO plugin v26.2 - https:\/\/yoast.com\/wordpress\/plugins\/seo\/ -->\n<title>Hyv\u00e4 tiet\u00e4\u00e4 - Radiaatorikeskus<\/title>\n<meta name=\"robots\" content=\"index, follow, max-snippet:-1, max-image-preview:large, max-video-preview:-1\" \/>\n<link rel=\"canonical\" href=\"https:\/\/radiaatorikeskus.ee\/fi\/hyva-tietaa\/\" \/>\n<meta property=\"og:locale\" content=\"fi_FI\" \/>\n<meta property=\"og:type\" content=\"article\" \/>\n<meta property=\"og:title\" content=\"Hyv\u00e4 tiet\u00e4\u00e4 - Radiaatorikeskus\" \/>\n<meta property=\"og:description\" content=\"Tiesitk\u00f6, ett\u00e4 uusia pattereita ei tarvita vain uusien rakennusten rakentamiseen \u2013 Tallinnan teknillisen yliopiston l\u00e4mp\u00f6energeetikkojen laskelmien perusteella l\u00e4mmitysj\u00e4rjestelm\u00e4n kunnostus on yksi kannattavimmista energians\u00e4\u00e4st\u00f6toimenpiteist\u00e4 l\u00e4hi\u00f6iden asuinrakennusten kunnostamisessa. Seuraavassa on joitain n\u00e4k\u00f6kohtia, jotka tulevat useimmin esiin patteril\u00e4mmityksen asennuksen tai k\u00e4yt\u00f6n yhteydess\u00e4.\" \/>\n<meta property=\"og:url\" content=\"https:\/\/radiaatorikeskus.ee\/fi\/hyva-tietaa\/\" \/>\n<meta property=\"og:site_name\" content=\"Radiaatorikeskus\" \/>\n<meta property=\"article:modified_time\" content=\"2024-09-12T07:36:43+00:00\" \/>\n<meta property=\"og:image\" content=\"https:\/\/radiaatorikeskus.ee\/wp-content\/uploads\/2023\/10\/Jaga-Clima-Canal-5.jpeg\" \/>\n\t<meta property=\"og:image:width\" content=\"2560\" \/>\n\t<meta property=\"og:image:height\" content=\"1707\" \/>\n\t<meta property=\"og:image:type\" content=\"image\/jpeg\" \/>\n<meta name=\"twitter:card\" content=\"summary_large_image\" \/>\n<meta name=\"twitter:label1\" content=\"Arvioitu lukuaika\" \/>\n\t<meta name=\"twitter:data1\" content=\"4 minuuttia\" \/>\n<script type=\"application\/ld+json\" class=\"yoast-schema-graph\">{\"@context\":\"https:\/\/schema.org\",\"@graph\":[{\"@type\":\"WebPage\",\"@id\":\"https:\/\/radiaatorikeskus.ee\/fi\/hyva-tietaa\/\",\"url\":\"https:\/\/radiaatorikeskus.ee\/fi\/hyva-tietaa\/\",\"name\":\"Hyv\u00e4 tiet\u00e4\u00e4 - Radiaatorikeskus\",\"isPartOf\":{\"@id\":\"https:\/\/radiaatorikeskus.ee\/fi\/#website\"},\"primaryImageOfPage\":{\"@id\":\"https:\/\/radiaatorikeskus.ee\/fi\/hyva-tietaa\/#primaryimage\"},\"image\":{\"@id\":\"https:\/\/radiaatorikeskus.ee\/fi\/hyva-tietaa\/#primaryimage\"},\"thumbnailUrl\":\"https:\/\/radiaatorikeskus.ee\/wp-content\/uploads\/2023\/10\/Jaga-Clima-Canal-5.jpeg\",\"datePublished\":\"2023-09-22T12:08:09+00:00\",\"dateModified\":\"2024-09-12T07:36:43+00:00\",\"breadcrumb\":{\"@id\":\"https:\/\/radiaatorikeskus.ee\/fi\/hyva-tietaa\/#breadcrumb\"},\"inLanguage\":\"fi\",\"potentialAction\":[{\"@type\":\"ReadAction\",\"target\":[\"https:\/\/radiaatorikeskus.ee\/fi\/hyva-tietaa\/\"]}]},{\"@type\":\"ImageObject\",\"inLanguage\":\"fi\",\"@id\":\"https:\/\/radiaatorikeskus.ee\/fi\/hyva-tietaa\/#primaryimage\",\"url\":\"https:\/\/radiaatorikeskus.ee\/wp-content\/uploads\/2023\/10\/Jaga-Clima-Canal-5.jpeg\",\"contentUrl\":\"https:\/\/radiaatorikeskus.ee\/wp-content\/uploads\/2023\/10\/Jaga-Clima-Canal-5.jpeg\",\"width\":2560,\"height\":1707},{\"@type\":\"BreadcrumbList\",\"@id\":\"https:\/\/radiaatorikeskus.ee\/fi\/hyva-tietaa\/#breadcrumb\",\"itemListElement\":[{\"@type\":\"ListItem\",\"position\":1,\"name\":\"Kotisivu\",\"item\":\"https:\/\/radiaatorikeskus.ee\/fi\/\"},{\"@type\":\"ListItem\",\"position\":2,\"name\":\"Hyv\u00e4 tiet\u00e4\u00e4\"}]},{\"@type\":\"WebSite\",\"@id\":\"https:\/\/radiaatorikeskus.ee\/fi\/#website\",\"url\":\"https:\/\/radiaatorikeskus.ee\/fi\/\",\"name\":\"Radiaatorikeskus\",\"description\":\"Parim radiaatorite valik Eestis\",\"potentialAction\":[{\"@type\":\"SearchAction\",\"target\":{\"@type\":\"EntryPoint\",\"urlTemplate\":\"https:\/\/radiaatorikeskus.ee\/fi\/?s={search_term_string}\"},\"query-input\":{\"@type\":\"PropertyValueSpecification\",\"valueRequired\":true,\"valueName\":\"search_term_string\"}}],\"inLanguage\":\"fi\"}]}<\/script>\n<!-- \/ Yoast SEO plugin. -->","yoast_head_json":{"title":"Hyv\u00e4 tiet\u00e4\u00e4 - Radiaatorikeskus","robots":{"index":"index","follow":"follow","max-snippet":"max-snippet:-1","max-image-preview":"max-image-preview:large","max-video-preview":"max-video-preview:-1"},"canonical":"https:\/\/radiaatorikeskus.ee\/fi\/hyva-tietaa\/","og_locale":"fi_FI","og_type":"article","og_title":"Hyv\u00e4 tiet\u00e4\u00e4 - Radiaatorikeskus","og_description":"Tiesitk\u00f6, ett\u00e4 uusia pattereita ei tarvita vain uusien rakennusten rakentamiseen \u2013 Tallinnan teknillisen yliopiston l\u00e4mp\u00f6energeetikkojen laskelmien perusteella l\u00e4mmitysj\u00e4rjestelm\u00e4n kunnostus on yksi kannattavimmista energians\u00e4\u00e4st\u00f6toimenpiteist\u00e4 l\u00e4hi\u00f6iden asuinrakennusten kunnostamisessa. Seuraavassa on joitain n\u00e4k\u00f6kohtia, jotka tulevat useimmin esiin patteril\u00e4mmityksen asennuksen tai k\u00e4yt\u00f6n yhteydess\u00e4.","og_url":"https:\/\/radiaatorikeskus.ee\/fi\/hyva-tietaa\/","og_site_name":"Radiaatorikeskus","article_modified_time":"2024-09-12T07:36:43+00:00","og_image":[{"width":2560,"height":1707,"url":"https:\/\/radiaatorikeskus.ee\/wp-content\/uploads\/2023\/10\/Jaga-Clima-Canal-5.jpeg","type":"image\/jpeg"}],"twitter_card":"summary_large_image","twitter_misc":{"Arvioitu lukuaika":"4 minuuttia"},"schema":{"@context":"https:\/\/schema.org","@graph":[{"@type":"WebPage","@id":"https:\/\/radiaatorikeskus.ee\/fi\/hyva-tietaa\/","url":"https:\/\/radiaatorikeskus.ee\/fi\/hyva-tietaa\/","name":"Hyv\u00e4 tiet\u00e4\u00e4 - Radiaatorikeskus","isPartOf":{"@id":"https:\/\/radiaatorikeskus.ee\/fi\/#website"},"primaryImageOfPage":{"@id":"https:\/\/radiaatorikeskus.ee\/fi\/hyva-tietaa\/#primaryimage"},"image":{"@id":"https:\/\/radiaatorikeskus.ee\/fi\/hyva-tietaa\/#primaryimage"},"thumbnailUrl":"https:\/\/radiaatorikeskus.ee\/wp-content\/uploads\/2023\/10\/Jaga-Clima-Canal-5.jpeg","datePublished":"2023-09-22T12:08:09+00:00","dateModified":"2024-09-12T07:36:43+00:00","breadcrumb":{"@id":"https:\/\/radiaatorikeskus.ee\/fi\/hyva-tietaa\/#breadcrumb"},"inLanguage":"fi","potentialAction":[{"@type":"ReadAction","target":["https:\/\/radiaatorikeskus.ee\/fi\/hyva-tietaa\/"]}]},{"@type":"ImageObject","inLanguage":"fi","@id":"https:\/\/radiaatorikeskus.ee\/fi\/hyva-tietaa\/#primaryimage","url":"https:\/\/radiaatorikeskus.ee\/wp-content\/uploads\/2023\/10\/Jaga-Clima-Canal-5.jpeg","contentUrl":"https:\/\/radiaatorikeskus.ee\/wp-content\/uploads\/2023\/10\/Jaga-Clima-Canal-5.jpeg","width":2560,"height":1707},{"@type":"BreadcrumbList","@id":"https:\/\/radiaatorikeskus.ee\/fi\/hyva-tietaa\/#breadcrumb","itemListElement":[{"@type":"ListItem","position":1,"name":"Kotisivu","item":"https:\/\/radiaatorikeskus.ee\/fi\/"},{"@type":"ListItem","position":2,"name":"Hyv\u00e4 tiet\u00e4\u00e4"}]},{"@type":"WebSite","@id":"https:\/\/radiaatorikeskus.ee\/fi\/#website","url":"https:\/\/radiaatorikeskus.ee\/fi\/","name":"Radiaatorikeskus","description":"Parim radiaatorite valik Eestis","potentialAction":[{"@type":"SearchAction","target":{"@type":"EntryPoint","urlTemplate":"https:\/\/radiaatorikeskus.ee\/fi\/?s={search_term_string}"},"query-input":{"@type":"PropertyValueSpecification","valueRequired":true,"valueName":"search_term_string"}}],"inLanguage":"fi"}]}},"_links":{"self":[{"href":"https:\/\/radiaatorikeskus.ee\/fi\/wp-json\/wp\/v2\/pages\/4381","targetHints":{"allow":["GET"]}}],"collection":[{"href":"https:\/\/radiaatorikeskus.ee\/fi\/wp-json\/wp\/v2\/pages"}],"about":[{"href":"https:\/\/radiaatorikeskus.ee\/fi\/wp-json\/wp\/v2\/types\/page"}],"author":[{"embeddable":true,"href":"https:\/\/radiaatorikeskus.ee\/fi\/wp-json\/wp\/v2\/users\/3"}],"replies":[{"embeddable":true,"href":"https:\/\/radiaatorikeskus.ee\/fi\/wp-json\/wp\/v2\/comments?post=4381"}],"version-history":[{"count":4,"href":"https:\/\/radiaatorikeskus.ee\/fi\/wp-json\/wp\/v2\/pages\/4381\/revisions"}],"predecessor-version":[{"id":5284,"href":"https:\/\/radiaatorikeskus.ee\/fi\/wp-json\/wp\/v2\/pages\/4381\/revisions\/5284"}],"wp:featuredmedia":[{"embeddable":true,"href":"https:\/\/radiaatorikeskus.ee\/fi\/wp-json\/wp\/v2\/media\/3826"}],"wp:attachment":[{"href":"https:\/\/radiaatorikeskus.ee\/fi\/wp-json\/wp\/v2\/media?parent=4381"}],"curies":[{"name":"wp","href":"https:\/\/api.w.org\/{rel}","templated":true}]}}