{"id":4382,"date":"2023-09-21T16:17:15","date_gmt":"2023-09-21T13:17:15","guid":{"rendered":"https:\/\/radiaatorikeskus.ee\/yritys\/"},"modified":"2024-10-11T14:09:39","modified_gmt":"2024-10-11T11:09:39","slug":"yritys","status":"publish","type":"page","link":"https:\/\/radiaatorikeskus.ee\/fi\/yritys\/","title":{"rendered":"Yritys"},"content":{"rendered":"<p>Radiaatorikeskus on l\u00e4mp\u00f6patterien maahantuontiin, myyntiin ja toimialakohtaiseen konsultointiin erikoistunut yritys. Olemme kyseisell\u00e4 suunnalla ainutlaatuisia Skandinavian ja Baltian markkinoilla, ja meill\u00e4 on muun muassa alueen suurin radiaattorien keskusvarasto Tallinnassa.<\/p>\n<p>Valikoimassamme on tuotteita arkip\u00e4iv\u00e4isist\u00e4 paneeliradiaattoreista mittatilausty\u00f6n\u00e4 valmistettuihin designradiaattoreihin. Teemme yhteisty\u00f6t\u00e4 useimpien maailman johtavien valmistajien kanssa ja edustamme tuotemerkkej\u00e4 Termolux, Jaga, Licon, Isan, Arbonia, Zehnder, Calidor, Paladin jne. Yrityksen toimittamat radiaattorit l\u00e4mmitt\u00e4v\u00e4t niin omakotitaloja, kunnostettuja kerrostaloja kuin edustavia asuin-, liike- ja julkisia rakennuksiakin koko alueellamme. Radiaatorikeskuksen palveluita ja konsultointia k\u00e4ytt\u00e4\u00e4 s\u00e4\u00e4nn\u00f6llisesti suuri osa alueen rakennusyrityksist\u00e4, suunnittelijoista ja sisustusarkkitehdeista.<\/p>\n<p>Radiaatorikeskus on tunnustettu ja menestyv\u00e4 virolainen yritys vuodesta 2005. Radiaatorikeskus kuuluu <a href=\"https:\/\/kyttemaailm.ee\/\" target=\"_blank\" rel=\"noopener\">K\u00fcttemaailm<\/a>-konserniin ja on rekister\u00f6ity tavaramerkki.<\/p>\n","protected":false},"excerpt":{"rendered":"<p>Radiaatorikeskus on l\u00e4mp\u00f6patterien maahantuontiin, myyntiin ja toimialakohtaiseen konsultointiin erikoistunut yritys. Olemme kyseisell\u00e4 suunnalla ainutlaatuisia Skandinavian ja Baltian markkinoilla, ja meill\u00e4 on muun muassa alueen suurin radiaattorien keskusvarasto Tallinnassa. Valikoimassamme on tuotteita arkip\u00e4iv\u00e4isist\u00e4 paneeliradiaattoreista mittatilausty\u00f6n\u00e4 valmistettuihin designradiaattoreihin. Teemme yhteisty\u00f6t\u00e4 useimpien maailman johtavien valmistajien kanssa ja edustamme tuotemerkkej\u00e4 Termolux, Jaga, Licon, Isan, Arbonia, Zehnder, Calidor, Paladin jne. [&hellip;]<\/p>\n","protected":false},"author":3,"featured_media":0,"parent":0,"menu_order":0,"comment_status":"closed","ping_status":"closed","template":"template-ettevottest.php","meta":{"_acf_changed":false,"footnotes":""},"class_list":["post-4382","page","type-page","status-publish","hentry"],"acf":[],"yoast_head":"<!-- This site is optimized with the Yoast SEO plugin v26.2 - https:\/\/yoast.com\/wordpress\/plugins\/seo\/ -->\n<title>Yritys - Radiaatorikeskus<\/title>\n<meta name=\"robots\" content=\"index, follow, max-snippet:-1, max-image-preview:large, max-video-preview:-1\" \/>\n<link rel=\"canonical\" href=\"https:\/\/radiaatorikeskus.ee\/fi\/yritys\/\" \/>\n<meta property=\"og:locale\" content=\"fi_FI\" \/>\n<meta property=\"og:type\" content=\"article\" \/>\n<meta property=\"og:title\" content=\"Yritys - Radiaatorikeskus\" \/>\n<meta property=\"og:description\" content=\"Radiaatorikeskus on l\u00e4mp\u00f6patterien maahantuontiin, myyntiin ja toimialakohtaiseen konsultointiin erikoistunut yritys. Olemme kyseisell\u00e4 suunnalla ainutlaatuisia Skandinavian ja Baltian markkinoilla, ja meill\u00e4 on muun muassa alueen suurin radiaattorien keskusvarasto Tallinnassa. Valikoimassamme on tuotteita arkip\u00e4iv\u00e4isist\u00e4 paneeliradiaattoreista mittatilausty\u00f6n\u00e4 valmistettuihin designradiaattoreihin. Teemme yhteisty\u00f6t\u00e4 useimpien maailman johtavien valmistajien kanssa ja edustamme tuotemerkkej\u00e4 Termolux, Jaga, Licon, Isan, Arbonia, Zehnder, Calidor, Paladin jne. [&hellip;]\" \/>\n<meta property=\"og:url\" content=\"https:\/\/radiaatorikeskus.ee\/fi\/yritys\/\" \/>\n<meta property=\"og:site_name\" content=\"Radiaatorikeskus\" \/>\n<meta property=\"article:modified_time\" content=\"2024-10-11T11:09:39+00:00\" \/>\n<meta name=\"twitter:card\" content=\"summary_large_image\" \/>\n<meta name=\"twitter:label1\" content=\"Arvioitu lukuaika\" \/>\n\t<meta name=\"twitter:data1\" content=\"3 minuuttia\" \/>\n<script type=\"application\/ld+json\" class=\"yoast-schema-graph\">{\"@context\":\"https:\/\/schema.org\",\"@graph\":[{\"@type\":\"WebPage\",\"@id\":\"https:\/\/radiaatorikeskus.ee\/fi\/yritys\/\",\"url\":\"https:\/\/radiaatorikeskus.ee\/fi\/yritys\/\",\"name\":\"Yritys - Radiaatorikeskus\",\"isPartOf\":{\"@id\":\"https:\/\/radiaatorikeskus.ee\/fi\/#website\"},\"datePublished\":\"2023-09-21T13:17:15+00:00\",\"dateModified\":\"2024-10-11T11:09:39+00:00\",\"breadcrumb\":{\"@id\":\"https:\/\/radiaatorikeskus.ee\/fi\/yritys\/#breadcrumb\"},\"inLanguage\":\"fi\",\"potentialAction\":[{\"@type\":\"ReadAction\",\"target\":[\"https:\/\/radiaatorikeskus.ee\/fi\/yritys\/\"]}]},{\"@type\":\"BreadcrumbList\",\"@id\":\"https:\/\/radiaatorikeskus.ee\/fi\/yritys\/#breadcrumb\",\"itemListElement\":[{\"@type\":\"ListItem\",\"position\":1,\"name\":\"Kotisivu\",\"item\":\"https:\/\/radiaatorikeskus.ee\/fi\/\"},{\"@type\":\"ListItem\",\"position\":2,\"name\":\"Yritys\"}]},{\"@type\":\"WebSite\",\"@id\":\"https:\/\/radiaatorikeskus.ee\/fi\/#website\",\"url\":\"https:\/\/radiaatorikeskus.ee\/fi\/\",\"name\":\"Radiaatorikeskus\",\"description\":\"Parim radiaatorite valik Eestis\",\"potentialAction\":[{\"@type\":\"SearchAction\",\"target\":{\"@type\":\"EntryPoint\",\"urlTemplate\":\"https:\/\/radiaatorikeskus.ee\/fi\/?s={search_term_string}\"},\"query-input\":{\"@type\":\"PropertyValueSpecification\",\"valueRequired\":true,\"valueName\":\"search_term_string\"}}],\"inLanguage\":\"fi\"}]}<\/script>\n<!-- \/ Yoast SEO plugin. -->","yoast_head_json":{"title":"Yritys - Radiaatorikeskus","robots":{"index":"index","follow":"follow","max-snippet":"max-snippet:-1","max-image-preview":"max-image-preview:large","max-video-preview":"max-video-preview:-1"},"canonical":"https:\/\/radiaatorikeskus.ee\/fi\/yritys\/","og_locale":"fi_FI","og_type":"article","og_title":"Yritys - Radiaatorikeskus","og_description":"Radiaatorikeskus on l\u00e4mp\u00f6patterien maahantuontiin, myyntiin ja toimialakohtaiseen konsultointiin erikoistunut yritys. Olemme kyseisell\u00e4 suunnalla ainutlaatuisia Skandinavian ja Baltian markkinoilla, ja meill\u00e4 on muun muassa alueen suurin radiaattorien keskusvarasto Tallinnassa. Valikoimassamme on tuotteita arkip\u00e4iv\u00e4isist\u00e4 paneeliradiaattoreista mittatilausty\u00f6n\u00e4 valmistettuihin designradiaattoreihin. Teemme yhteisty\u00f6t\u00e4 useimpien maailman johtavien valmistajien kanssa ja edustamme tuotemerkkej\u00e4 Termolux, Jaga, Licon, Isan, Arbonia, Zehnder, Calidor, Paladin jne. [&hellip;]","og_url":"https:\/\/radiaatorikeskus.ee\/fi\/yritys\/","og_site_name":"Radiaatorikeskus","article_modified_time":"2024-10-11T11:09:39+00:00","twitter_card":"summary_large_image","twitter_misc":{"Arvioitu lukuaika":"3 minuuttia"},"schema":{"@context":"https:\/\/schema.org","@graph":[{"@type":"WebPage","@id":"https:\/\/radiaatorikeskus.ee\/fi\/yritys\/","url":"https:\/\/radiaatorikeskus.ee\/fi\/yritys\/","name":"Yritys - Radiaatorikeskus","isPartOf":{"@id":"https:\/\/radiaatorikeskus.ee\/fi\/#website"},"datePublished":"2023-09-21T13:17:15+00:00","dateModified":"2024-10-11T11:09:39+00:00","breadcrumb":{"@id":"https:\/\/radiaatorikeskus.ee\/fi\/yritys\/#breadcrumb"},"inLanguage":"fi","potentialAction":[{"@type":"ReadAction","target":["https:\/\/radiaatorikeskus.ee\/fi\/yritys\/"]}]},{"@type":"BreadcrumbList","@id":"https:\/\/radiaatorikeskus.ee\/fi\/yritys\/#breadcrumb","itemListElement":[{"@type":"ListItem","position":1,"name":"Kotisivu","item":"https:\/\/radiaatorikeskus.ee\/fi\/"},{"@type":"ListItem","position":2,"name":"Yritys"}]},{"@type":"WebSite","@id":"https:\/\/radiaatorikeskus.ee\/fi\/#website","url":"https:\/\/radiaatorikeskus.ee\/fi\/","name":"Radiaatorikeskus","description":"Parim radiaatorite valik Eestis","potentialAction":[{"@type":"SearchAction","target":{"@type":"EntryPoint","urlTemplate":"https:\/\/radiaatorikeskus.ee\/fi\/?s={search_term_string}"},"query-input":{"@type":"PropertyValueSpecification","valueRequired":true,"valueName":"search_term_string"}}],"inLanguage":"fi"}]}},"_links":{"self":[{"href":"https:\/\/radiaatorikeskus.ee\/fi\/wp-json\/wp\/v2\/pages\/4382","targetHints":{"allow":["GET"]}}],"collection":[{"href":"https:\/\/radiaatorikeskus.ee\/fi\/wp-json\/wp\/v2\/pages"}],"about":[{"href":"https:\/\/radiaatorikeskus.ee\/fi\/wp-json\/wp\/v2\/types\/page"}],"author":[{"embeddable":true,"href":"https:\/\/radiaatorikeskus.ee\/fi\/wp-json\/wp\/v2\/users\/3"}],"replies":[{"embeddable":true,"href":"https:\/\/radiaatorikeskus.ee\/fi\/wp-json\/wp\/v2\/comments?post=4382"}],"version-history":[{"count":5,"href":"https:\/\/radiaatorikeskus.ee\/fi\/wp-json\/wp\/v2\/pages\/4382\/revisions"}],"predecessor-version":[{"id":5305,"href":"https:\/\/radiaatorikeskus.ee\/fi\/wp-json\/wp\/v2\/pages\/4382\/revisions\/5305"}],"wp:attachment":[{"href":"https:\/\/radiaatorikeskus.ee\/fi\/wp-json\/wp\/v2\/media?parent=4382"}],"curies":[{"name":"wp","href":"https:\/\/api.w.org\/{rel}","templated":true}]}}