{"id":4386,"date":"2023-08-24T16:48:05","date_gmt":"2023-08-24T13:48:05","guid":{"rendered":"https:\/\/radiaatorikeskus.ee\/tilausehdot\/"},"modified":"2024-08-12T10:33:12","modified_gmt":"2024-08-12T07:33:12","slug":"tilausehdot","status":"publish","type":"page","link":"https:\/\/radiaatorikeskus.ee\/fi\/tilausehdot\/","title":{"rendered":"Tilausehdot"},"content":{"rendered":"&#13;\n<p>Ehtoja sovelletaan tilaajan (yritys tai yksityishenkil\u00f6) ja myyj\u00e4n (K\u00fcttemaailm O\u00dc, rekisteritunnus 11119508, osoite Kadaka tee 181, Tallinna 12618, Viro) tuotevalikoimaan kuuluvan materiaalin hankinta- ja tilausprosesseihin.<\/p>&#13;\n<p>Tehdess\u00e4\u00e4n ostoksen tilaaja vahvistaa tutustuneensa ostohetkell\u00e4 voimassa oleviin myyj\u00e4n ehtoihin (myyj\u00e4 l\u00e4hett\u00e4\u00e4 tilausehdot laskun mukana tilaushetkell\u00e4). Tilaaja esitt\u00e4\u00e4 hintatiedustelun ja myyj\u00e4 laatii tarjouksen, joka sis\u00e4lt\u00e4\u00e4 tilatun materiaalin lopullisen hinnan, arvioidun toimitusajan ja maksuehdot. Ennen tilauksen lopullista vahvistamista tilaajan on varmistettava, ett\u00e4 tarjouksen tiedot (materiaali, m\u00e4\u00e4r\u00e4, mitat jne.) ovat oikein.<\/p>&#13;\n<p>Myyntisopimus katsotaan solmituksi, kun tarjouksen ehtoihin merkitty maksettava summa n\u00e4kyy myyj\u00e4n pankkitilill\u00e4. Tilaus peruutetaan, jos tilaaja ei maksa ostohintaa m\u00e4\u00e4r\u00e4ajassa. Myyj\u00e4ll\u00e4 on oikeus peruuttaa myyntisopimus tai olla tarjoamatta palvelua ja palauttaa tilaajalle 100 % etuk\u00e4teen maksetusta summasta seuraavissa tapauksissa: Materiaali ei ole en\u00e4\u00e4 saatavilla (valmistus lopetettu); valmistaja on ennakoimattomasti muuttanut myyntihintaa; myyj\u00e4st\u00e4 riippumattomista syist\u00e4 materiaalin toimitus ei ole en\u00e4\u00e4 mahdollista.<\/p>&#13;\n<p>Ellei toisin ole sovittu, materiaali l\u00e4hetet\u00e4\u00e4n tilauksen vastaanottamisen j\u00e4lkeen myyj\u00e4n varastosta. Materiaalia vastaanottaessaan tilaaja on velvollinen tarkastamaan materiaalin ja tarkistamaan, ett\u00e4 tilaus (mukaan lukien liiteasiakirjat) vastaa tilausehtoja. Jos tilaaja havaitsee materiaalin luovutuksen yhteydess\u00e4 poikkeamia (erityisesti m\u00e4\u00e4r\u00e4\u00e4n ja valikoimaan liittyvi\u00e4 poikkeamia sek\u00e4 ulkoisia vaurioita), ne on kuvailtava myyj\u00e4lle mahdollisimman tarkasti. Jos materiaalin ja tilausehtojen eroavuutta ei ole kuvailtu tai sit\u00e4 on kuvailtu riitt\u00e4m\u00e4tt\u00f6m\u00e4sti, mink\u00e4 vuoksi eroavuutta ei ole mahdollista todeta materiaalin luovutushetkell\u00e4, tilauksen katsotaan olleen tilaussopimuksen ehtojen mukainen luovutushetkell\u00e4. Myyj\u00e4 ei ole vastuussa tilaajan toivomien materiaalin erityisominaisuuksien (mukaan lukien esimerkiksi tietyn henkil\u00f6n my\u00f6nt\u00e4m\u00e4n sertifikaatin, todistuksen, vaatimustenmukaisuusvakuutuksen jne. olemassaolo) ja\/tai kriteerien (mukaan lukien esimerkiksi tietyn rakennuksen projektidokumentoinnista tms. johtuen) olemassaolosta.<\/p>&#13;\n<p>Myyj\u00e4ll\u00e4 on oikeus my\u00f6nt\u00e4\u00e4 materiaalille lis\u00e4takuu (valmistajan takuu) edellytt\u00e4en, ett\u00e4 se on asennettu, k\u00e4ytetty ja\/tai huollettu vaatimuksia vastaavasti asennus- ja turvallisuusohjeiden mukaisesti tai, jos niit\u00e4 ei ole, valmistajan asettamien ehtojen mukaisesti. Selvyyden vuoksi tilaaja t\u00e4sment\u00e4\u00e4, ett\u00e4 myyj\u00e4 asettaa materiaalille, jota lis\u00e4takuu koskee, vastaavat takuuehdot ja ett\u00e4 muutoin takuu ei kata materiaalia. <br\/>Viron velvoiteoikeuslain 53 \u00a7:n 4 momentin 3 kohdassa s\u00e4\u00e4det\u00e4\u00e4n, ett\u00e4 14 p\u00e4iv\u00e4n peruuttamisoikeutta ei sovelleta sellaisten tuotteiden luovutukseen, jotka on valmistettu kuluttajan esitt\u00e4mien edellytysten mukaisesti. Kaikki myyj\u00e4lt\u00e4 tilatut materiaalit valmistetaan aina tilaajan edellytysten (mitat, liit\u00e4nn\u00e4t, v\u00e4ri jne.) mukaan erikoistilauksena, joten palautusoikeus ei koske mit\u00e4\u00e4n myyj\u00e4n tuotevalikoimaan kuuluvaa materiaalia.<\/p>&#13;\n<p>Myyj\u00e4 ei vastaa vahingoista, jotka asiakas tai kolmas osapuoli on aiheuttanut k\u00e4ytt\u00e4m\u00e4ll\u00e4 materiaalia muuhun tarkoitukseen kuin mihin se on tarkoitettu (mukaan lukien ep\u00e4asianmukainen huolto ja\/tai asennus, joka ei ole asennusohjeiden mukainen). Myyj\u00e4 ei my\u00f6sk\u00e4\u00e4n ole vastuussa materiaalin kuljetuksen tai uudelleenlastauksen aikana aiheutuneista vahingoista. Myyj\u00e4n vastuu materiaalin vaatimustenvastaisuudesta k\u00e4sitt\u00e4\u00e4 vain viallisen materiaalin korjaamisen tai vaihtamisen. Myyj\u00e4 ei ole vastuussa mist\u00e4\u00e4n vahingoista tai kustannuksista, jotka aiheutuvat viallisen materiaalin korjaamisesta tai vaihtamisesta, mukaan lukien kolmansille osapuolille aiheutuneet\/aiheutetut vahingot. Myyj\u00e4 ei my\u00f6sk\u00e4\u00e4n ole vastuussa materiaalin korjaamiseen tai vaihtamiseen ep\u00e4suorasti liittyvist\u00e4 lis\u00e4toimien kustannuksista, mukaan lukien esimerkiksi ty\u00f6voiman, rakennus- ja kaivostekniikan, nosto- ja muiden apuv\u00e4lineiden, kuljetuksen ja j\u00e4lkit\u00f6iden kustannukset, jotka eiv\u00e4t ole suoranaisesti viallisen materiaalin korjaamista ja\/tai vaihtamista.<\/p>&#13;\n<p>Myyj\u00e4n henkil\u00f6kunnan ja edustajien tekem\u00e4t sopimukset, lausunnot ja vahvistukset sitovat myyj\u00e4\u00e4 vain, jos myyj\u00e4 on vahvistanut sen kirjallisesti. Jos tilaussopimusta rikotaan, v\u00e4lillist\u00e4 vahinkoa (mukaan lukien tulonmenetys) tai tilaajaan liittyv\u00e4lle muulle henkil\u00f6lle mahdollisesti aiheutuvaa aineetonta vahinkoa ei milloinkaan korvata. Jos vastuurajoitus on sovellettavan lain mukaan mit\u00e4t\u00f6n, myyj\u00e4n vastuu tilaajalle mink\u00e4 tahansa vaatimusten suhteen rajoittuu tilaajalle myydyn sopimusehtoja vastaamattoman ja\/tai myyj\u00e4n takia tilaajalle luovuttamattoman materiaalin myyntihintaan.<\/p>&#13;\n<p>\u00a0<\/p>&#13;\n","protected":false},"excerpt":{"rendered":"<p>&#13; Ehtoja sovelletaan tilaajan (yritys tai yksityishenkil\u00f6) ja myyj\u00e4n (K\u00fcttemaailm O\u00dc, rekisteritunnus 11119508, osoite Kadaka tee 181, Tallinna 12618, Viro) tuotevalikoimaan kuuluvan materiaalin hankinta- ja tilausprosesseihin. &#13; Tehdess\u00e4\u00e4n ostoksen tilaaja vahvistaa tutustuneensa ostohetkell\u00e4 voimassa oleviin myyj\u00e4n ehtoihin (myyj\u00e4 l\u00e4hett\u00e4\u00e4 tilausehdot laskun mukana tilaushetkell\u00e4). Tilaaja esitt\u00e4\u00e4 hintatiedustelun ja myyj\u00e4 laatii tarjouksen, joka sis\u00e4lt\u00e4\u00e4 tilatun materiaalin lopullisen [&hellip;]<\/p>\n","protected":false},"author":3,"featured_media":3620,"parent":0,"menu_order":0,"comment_status":"closed","ping_status":"open","template":"","meta":{"_acf_changed":false,"footnotes":""},"class_list":["post-4386","page","type-page","status-publish","has-post-thumbnail","hentry"],"acf":[],"yoast_head":"<!-- This site is optimized with the Yoast SEO plugin v26.2 - https:\/\/yoast.com\/wordpress\/plugins\/seo\/ -->\n<title>Tilausehdot - Radiaatorikeskus<\/title>\n<meta name=\"robots\" content=\"index, follow, max-snippet:-1, max-image-preview:large, max-video-preview:-1\" \/>\n<link rel=\"canonical\" href=\"https:\/\/radiaatorikeskus.ee\/fi\/tilausehdot\/\" \/>\n<meta property=\"og:locale\" content=\"fi_FI\" \/>\n<meta property=\"og:type\" content=\"article\" \/>\n<meta property=\"og:title\" content=\"Tilausehdot - Radiaatorikeskus\" \/>\n<meta property=\"og:description\" content=\"&#013; Ehtoja sovelletaan tilaajan (yritys tai yksityishenkil\u00f6) ja myyj\u00e4n (K\u00fcttemaailm O\u00dc, rekisteritunnus 11119508, osoite Kadaka tee 181, Tallinna 12618, Viro) tuotevalikoimaan kuuluvan materiaalin hankinta- ja tilausprosesseihin. &#013; Tehdess\u00e4\u00e4n ostoksen tilaaja vahvistaa tutustuneensa ostohetkell\u00e4 voimassa oleviin myyj\u00e4n ehtoihin (myyj\u00e4 l\u00e4hett\u00e4\u00e4 tilausehdot laskun mukana tilaushetkell\u00e4). Tilaaja esitt\u00e4\u00e4 hintatiedustelun ja myyj\u00e4 laatii tarjouksen, joka sis\u00e4lt\u00e4\u00e4 tilatun materiaalin lopullisen [&hellip;]\" \/>\n<meta property=\"og:url\" content=\"https:\/\/radiaatorikeskus.ee\/fi\/tilausehdot\/\" \/>\n<meta property=\"og:site_name\" content=\"Radiaatorikeskus\" \/>\n<meta property=\"article:modified_time\" content=\"2024-08-12T07:33:12+00:00\" \/>\n<meta property=\"og:image\" content=\"https:\/\/radiaatorikeskus.ee\/wp-content\/uploads\/2023\/10\/Kremi-Credo-Half-flat-4.webp\" \/>\n\t<meta property=\"og:image:width\" content=\"2560\" \/>\n\t<meta property=\"og:image:height\" content=\"1920\" \/>\n\t<meta property=\"og:image:type\" content=\"image\/webp\" \/>\n<meta name=\"twitter:card\" content=\"summary_large_image\" \/>\n<meta name=\"twitter:label1\" content=\"Arvioitu lukuaika\" \/>\n\t<meta name=\"twitter:data1\" content=\"3 minuuttia\" \/>\n<script type=\"application\/ld+json\" class=\"yoast-schema-graph\">{\"@context\":\"https:\/\/schema.org\",\"@graph\":[{\"@type\":\"WebPage\",\"@id\":\"https:\/\/radiaatorikeskus.ee\/fi\/tilausehdot\/\",\"url\":\"https:\/\/radiaatorikeskus.ee\/fi\/tilausehdot\/\",\"name\":\"Tilausehdot - Radiaatorikeskus\",\"isPartOf\":{\"@id\":\"https:\/\/radiaatorikeskus.ee\/fi\/#website\"},\"primaryImageOfPage\":{\"@id\":\"https:\/\/radiaatorikeskus.ee\/fi\/tilausehdot\/#primaryimage\"},\"image\":{\"@id\":\"https:\/\/radiaatorikeskus.ee\/fi\/tilausehdot\/#primaryimage\"},\"thumbnailUrl\":\"https:\/\/radiaatorikeskus.ee\/wp-content\/uploads\/2023\/10\/Kremi-Credo-Half-flat-4.webp\",\"datePublished\":\"2023-08-24T13:48:05+00:00\",\"dateModified\":\"2024-08-12T07:33:12+00:00\",\"breadcrumb\":{\"@id\":\"https:\/\/radiaatorikeskus.ee\/fi\/tilausehdot\/#breadcrumb\"},\"inLanguage\":\"fi\",\"potentialAction\":[{\"@type\":\"ReadAction\",\"target\":[\"https:\/\/radiaatorikeskus.ee\/fi\/tilausehdot\/\"]}]},{\"@type\":\"ImageObject\",\"inLanguage\":\"fi\",\"@id\":\"https:\/\/radiaatorikeskus.ee\/fi\/tilausehdot\/#primaryimage\",\"url\":\"https:\/\/radiaatorikeskus.ee\/wp-content\/uploads\/2023\/10\/Kremi-Credo-Half-flat-4.webp\",\"contentUrl\":\"https:\/\/radiaatorikeskus.ee\/wp-content\/uploads\/2023\/10\/Kremi-Credo-Half-flat-4.webp\",\"width\":2560,\"height\":1920},{\"@type\":\"BreadcrumbList\",\"@id\":\"https:\/\/radiaatorikeskus.ee\/fi\/tilausehdot\/#breadcrumb\",\"itemListElement\":[{\"@type\":\"ListItem\",\"position\":1,\"name\":\"Kotisivu\",\"item\":\"https:\/\/radiaatorikeskus.ee\/fi\/\"},{\"@type\":\"ListItem\",\"position\":2,\"name\":\"Tilausehdot\"}]},{\"@type\":\"WebSite\",\"@id\":\"https:\/\/radiaatorikeskus.ee\/fi\/#website\",\"url\":\"https:\/\/radiaatorikeskus.ee\/fi\/\",\"name\":\"Radiaatorikeskus\",\"description\":\"Parim radiaatorite valik Eestis\",\"potentialAction\":[{\"@type\":\"SearchAction\",\"target\":{\"@type\":\"EntryPoint\",\"urlTemplate\":\"https:\/\/radiaatorikeskus.ee\/fi\/?s={search_term_string}\"},\"query-input\":{\"@type\":\"PropertyValueSpecification\",\"valueRequired\":true,\"valueName\":\"search_term_string\"}}],\"inLanguage\":\"fi\"}]}<\/script>\n<!-- \/ Yoast SEO plugin. -->","yoast_head_json":{"title":"Tilausehdot - Radiaatorikeskus","robots":{"index":"index","follow":"follow","max-snippet":"max-snippet:-1","max-image-preview":"max-image-preview:large","max-video-preview":"max-video-preview:-1"},"canonical":"https:\/\/radiaatorikeskus.ee\/fi\/tilausehdot\/","og_locale":"fi_FI","og_type":"article","og_title":"Tilausehdot - Radiaatorikeskus","og_description":"&#13; Ehtoja sovelletaan tilaajan (yritys tai yksityishenkil\u00f6) ja myyj\u00e4n (K\u00fcttemaailm O\u00dc, rekisteritunnus 11119508, osoite Kadaka tee 181, Tallinna 12618, Viro) tuotevalikoimaan kuuluvan materiaalin hankinta- ja tilausprosesseihin. &#13; Tehdess\u00e4\u00e4n ostoksen tilaaja vahvistaa tutustuneensa ostohetkell\u00e4 voimassa oleviin myyj\u00e4n ehtoihin (myyj\u00e4 l\u00e4hett\u00e4\u00e4 tilausehdot laskun mukana tilaushetkell\u00e4). Tilaaja esitt\u00e4\u00e4 hintatiedustelun ja myyj\u00e4 laatii tarjouksen, joka sis\u00e4lt\u00e4\u00e4 tilatun materiaalin lopullisen [&hellip;]","og_url":"https:\/\/radiaatorikeskus.ee\/fi\/tilausehdot\/","og_site_name":"Radiaatorikeskus","article_modified_time":"2024-08-12T07:33:12+00:00","og_image":[{"width":2560,"height":1920,"url":"https:\/\/radiaatorikeskus.ee\/wp-content\/uploads\/2023\/10\/Kremi-Credo-Half-flat-4.webp","type":"image\/webp"}],"twitter_card":"summary_large_image","twitter_misc":{"Arvioitu lukuaika":"3 minuuttia"},"schema":{"@context":"https:\/\/schema.org","@graph":[{"@type":"WebPage","@id":"https:\/\/radiaatorikeskus.ee\/fi\/tilausehdot\/","url":"https:\/\/radiaatorikeskus.ee\/fi\/tilausehdot\/","name":"Tilausehdot - Radiaatorikeskus","isPartOf":{"@id":"https:\/\/radiaatorikeskus.ee\/fi\/#website"},"primaryImageOfPage":{"@id":"https:\/\/radiaatorikeskus.ee\/fi\/tilausehdot\/#primaryimage"},"image":{"@id":"https:\/\/radiaatorikeskus.ee\/fi\/tilausehdot\/#primaryimage"},"thumbnailUrl":"https:\/\/radiaatorikeskus.ee\/wp-content\/uploads\/2023\/10\/Kremi-Credo-Half-flat-4.webp","datePublished":"2023-08-24T13:48:05+00:00","dateModified":"2024-08-12T07:33:12+00:00","breadcrumb":{"@id":"https:\/\/radiaatorikeskus.ee\/fi\/tilausehdot\/#breadcrumb"},"inLanguage":"fi","potentialAction":[{"@type":"ReadAction","target":["https:\/\/radiaatorikeskus.ee\/fi\/tilausehdot\/"]}]},{"@type":"ImageObject","inLanguage":"fi","@id":"https:\/\/radiaatorikeskus.ee\/fi\/tilausehdot\/#primaryimage","url":"https:\/\/radiaatorikeskus.ee\/wp-content\/uploads\/2023\/10\/Kremi-Credo-Half-flat-4.webp","contentUrl":"https:\/\/radiaatorikeskus.ee\/wp-content\/uploads\/2023\/10\/Kremi-Credo-Half-flat-4.webp","width":2560,"height":1920},{"@type":"BreadcrumbList","@id":"https:\/\/radiaatorikeskus.ee\/fi\/tilausehdot\/#breadcrumb","itemListElement":[{"@type":"ListItem","position":1,"name":"Kotisivu","item":"https:\/\/radiaatorikeskus.ee\/fi\/"},{"@type":"ListItem","position":2,"name":"Tilausehdot"}]},{"@type":"WebSite","@id":"https:\/\/radiaatorikeskus.ee\/fi\/#website","url":"https:\/\/radiaatorikeskus.ee\/fi\/","name":"Radiaatorikeskus","description":"Parim radiaatorite valik Eestis","potentialAction":[{"@type":"SearchAction","target":{"@type":"EntryPoint","urlTemplate":"https:\/\/radiaatorikeskus.ee\/fi\/?s={search_term_string}"},"query-input":{"@type":"PropertyValueSpecification","valueRequired":true,"valueName":"search_term_string"}}],"inLanguage":"fi"}]}},"_links":{"self":[{"href":"https:\/\/radiaatorikeskus.ee\/fi\/wp-json\/wp\/v2\/pages\/4386","targetHints":{"allow":["GET"]}}],"collection":[{"href":"https:\/\/radiaatorikeskus.ee\/fi\/wp-json\/wp\/v2\/pages"}],"about":[{"href":"https:\/\/radiaatorikeskus.ee\/fi\/wp-json\/wp\/v2\/types\/page"}],"author":[{"embeddable":true,"href":"https:\/\/radiaatorikeskus.ee\/fi\/wp-json\/wp\/v2\/users\/3"}],"replies":[{"embeddable":true,"href":"https:\/\/radiaatorikeskus.ee\/fi\/wp-json\/wp\/v2\/comments?post=4386"}],"version-history":[{"count":1,"href":"https:\/\/radiaatorikeskus.ee\/fi\/wp-json\/wp\/v2\/pages\/4386\/revisions"}],"predecessor-version":[{"id":4387,"href":"https:\/\/radiaatorikeskus.ee\/fi\/wp-json\/wp\/v2\/pages\/4386\/revisions\/4387"}],"wp:featuredmedia":[{"embeddable":true,"href":"https:\/\/radiaatorikeskus.ee\/fi\/wp-json\/wp\/v2\/media\/3620"}],"wp:attachment":[{"href":"https:\/\/radiaatorikeskus.ee\/fi\/wp-json\/wp\/v2\/media?parent=4386"}],"curies":[{"name":"wp","href":"https:\/\/api.w.org\/{rel}","templated":true}]}}