{"id":4388,"date":"2023-08-24T16:48:05","date_gmt":"2023-08-24T13:48:05","guid":{"rendered":"https:\/\/radiaatorikeskus.ee\/tietosuojakaytanto\/"},"modified":"2024-08-12T10:33:12","modified_gmt":"2024-08-12T07:33:12","slug":"tietosuojakaytanto","status":"publish","type":"page","link":"https:\/\/radiaatorikeskus.ee\/fi\/tietosuojakaytanto\/","title":{"rendered":"Tietosuojak\u00e4yt\u00e4nt\u00f6"},"content":{"rendered":"&#13;\n<p>Privaatsustingimused reguleerivad isikuandmete t\u00f6\u00f6tlemist ja k\u00fcpsiste kasutamist K\u00fcttemaailm O\u00dc veebilehel <a href=\"http:\/\/www.radiaatorikeskus.ee\">www.radiaatorikeskus.ee<\/a> (edaspidi veebileht).<\/p>&#13;\n<h2 class=\"wp-block-heading\">K\u00c4SITTEET<\/h2>&#13;\n<ul>&#13;\n<li>Isikuandmete t\u00f6\u00f6tlemine on igasugune veebilehe k\u00fclastaja (edaspidi k\u00fclastaja) isikuandmetega tehtav tegevus \u2013 andmete kogumine, t\u00f6\u00f6tlemine, talletamine, parandamine v\u00f5i kustutamine.<\/li>&#13;\n<li>K\u00fclastajad on k\u00f5ik isikud, kes k\u00fclastavad veebilehte v\u00f5i edastavad K\u00fcttemaailm O\u00dc-le omalt poolt infot. N\u00e4iteks pakkumise k\u00fcsimine v\u00f5i K\u00fcttemaailm O\u00dc-ga meili teel \u00fchendust v\u00f5tmine.<\/li>&#13;\n<li>Teenused on k\u00f5ik K\u00fcttemaailm O\u00dc poolt pakutavad teenused.<\/li>&#13;\n<\/ul>&#13;\n<h2>HENKIL\u00d6TIETOJEN K\u00c4SITTELY<\/h2>&#13;\n<p>Veebilehte kasutades annab k\u00fclastaja n\u00f5usoleku oma andmete t\u00f6\u00f6tlemiseks koosk\u00f5las k\u00e4esolevate privaatsustingimustega.<\/p>&#13;\n<p><strong>K\u00fcttemaailm O\u00dc kogub veebilehe kaudu allj\u00e4rgnevaid k\u00fclastajate isikuandmeid j\u00e4rgnevalt kirjeldatud viisidel:<\/strong><\/p>&#13;\n<ul>&#13;\n<li>k\u00fclastaja meiliaadress: k\u00fclastaja poolt e-kirja saatmisel v\u00f5i pakkumise k\u00fcsimisel;<\/li>&#13;\n<li>k\u00fclastaja nimi, telefon ja meiliaadress: k\u00fclastaja poolt infop\u00e4ringu tegemisel v\u00f5i pakkumise k\u00fcsimisel;<\/li>&#13;\n<li>veebilehe k\u00fclastatavuse statistika: Google Analyticsi abil.<\/li>&#13;\n<\/ul>&#13;\n<p>Veebilehte k\u00fclastades ja\/v\u00f5i K\u00fcttemaailm O\u00dc-le isikuandmeid esitades m\u00f5istate ja n\u00f5ustute, et teie isikuandmeid v\u00f5idakse t\u00f6\u00f6delda k\u00e4esoleva privaatsuspoliitika kohaselt. Kui te k\u00e4esoleva privaatsuspoliitikaga ei n\u00f5ustu, soovitab K\u00fcttemaailm O\u00dc teil veebilehte mitte kasutada ja K\u00fcttemaailm O\u00dc-le mitte oma isikuandmeid esitada.<\/p>&#13;\n<h2>HENKIL\u00d6TIETOJEN K\u00c4YTT\u00d6<\/h2>&#13;\n<p>K\u00fcttemaailm O\u00dc kasutab isikuandmeid k\u00fclastaja poolt esitatud p\u00e4ringule vastamiseks ja pakkumiste tegemiseks, k\u00fclastajaga suhtlemiseks ja arvete edastamiseks. K\u00fcttemaailm O\u00dc kasutab veebilehe k\u00fclastatavuse statistikat veebilehe kasutajakogemuse parandamiseks ja efektiivsemaks turundamiseks. K\u00fclastajal on igal ajal \u00f5igus keelata oma isikuandmete t\u00f6\u00f6tlemine, v\u00e4lja arvatud juhul, kui see on vajalik teenuse osutamiseks.<\/p>&#13;\n<h2>HENKIL\u00d6TIETOJEN LUOVUTTAMINEN KOLMANSILLE OSAPUOLILLE<\/h2>&#13;\n<p>Kolmas osapool on K\u00fcttemaailm O\u00dc lepingupartner, kes t\u00f6\u00f6tleb isikuandmeid ja kelle toote v\u00f5i teenuse abil pakub K\u00fcttemaailm O\u00dc k\u00fclastajatele tooteid ja teenuseid.<\/p>&#13;\n<p><strong>K\u00fcttemaailm O\u00dc kasutab igap\u00e4evaseks tegevuseks kolmandaid osapooli, kes pakuvad:<\/strong><\/p>&#13;\n<ul>&#13;\n<li>e-mailide edastamise ja haldamise s\u00fcsteemi;<\/li>&#13;\n<li>veebilehe majutust;<\/li>&#13;\n<li>veebilehe kasutusstatistika anal\u00fc\u00fcsi;<\/li>&#13;\n<li>sotsiaalmeedia kasutamist ja sotsiaalmeedia statistika anal\u00fc\u00fcsi,<\/li>&#13;\n<li>raamatupidamistarkvara kasutamist.<\/li>&#13;\n<\/ul>&#13;\n<p>Lisaks eelnevas punktis nimetatud kolmandatele osapooltele, edastab K\u00fcttemaailm O\u00dc k\u00fclastaja isikuandmeid koost\u00f6\u00f6partneritele. Seda vaid ulatuses, mis on vajalik k\u00fclastajale teenuse osutamiseks.<\/p>&#13;\n<p>K\u00fcttemaailm O\u00dc veebileht v\u00f5ib sisaldada linke teiste ettev\u00f5tete veebilehtedele, millel on oma privaatsuspoliitikad, ja\/v\u00f5i teie seadmesse installeeritud kolmandate osapoolte teenused v\u00f5ivad lubada juurdep\u00e4\u00e4su teie seadmes olevale teabele. K\u00fcttemaailm O\u00dc soovitab teil t\u00e4helepanelikult lugeda nende kolmandate osapoolte privaatsuspoliitikaid. K\u00fcttemaailm O\u00dc ei vastuta nende kolmandate osapoolte teenusepakkujate privaatsustavade v\u00f5i sisude eest.<\/p>&#13;\n<h2>HENKIL\u00d6TIETOJEN S\u00c4ILYTT\u00c4MINEN JA TURVALLISUUS<\/h2>&#13;\n<p>K\u00fcttemaailm O\u00dc s\u00e4ilitab isikuandmeid nii kaua, kuni see on seadusest tulenevalt vajalik ja\/v\u00f5i nende kogumise eesm\u00e4rgi t\u00e4itmiseks oluline. N\u00e4iteks raamatupidamisandmeid s\u00e4ilitatakse 7 aastat majandusaasta l\u00f5ppemisest. K\u00fcttemaailm O\u00dc rakendab k\u00f5iki m\u00f5istlikke meetmeid t\u00f6\u00f6deldavate isikuandmete kaitseks. Juurdep\u00e4\u00e4s isikuandmete muutmiseks ja t\u00f6\u00f6tlemiseks on ainult selleks volitatud isikutel ning k\u00f5ikide k\u00fclastajate isikuandmeid k\u00e4sitletakse kui konfidentsiaalset informatsiooni.<\/p>&#13;\n<h2>VIERAILIJAN OIKEUDET<\/h2>&#13;\n<p><strong>K\u00fclastajal on \u00f5igus igal ajal:<\/strong><\/p>&#13;\n<ul>&#13;\n<li>avaldada soovi juurdep\u00e4\u00e4suks enda andmetele;<\/li>&#13;\n<li>n\u00f5uda isikuandmete parandamist, t\u00e4iendamist v\u00f5i seaduses etten\u00e4htud tingimustel kustutamist;<\/li>&#13;\n<li>n\u00f5uda isikuandmete t\u00f6\u00f6tlemise piiramist;<\/li>&#13;\n<li>n\u00f5uda isikuandmete \u00fclekandmist.<\/li>&#13;\n<\/ul>&#13;\n<p>Oma \u00f5iguste kasutamiseks tuleb k\u00fclastajal saata meiliaadressile <a href=\"mailto:info@radiaatorikeskus.ee\">info@radiaatorikeskus.ee<\/a> vastavasisuline sooviavaldus. K\u00fcpsiste kasutamise piiramiseks saab k\u00fclastaja teha vastavad valikud oma veebilehitseja seadete alt. Kui k\u00fclastaja usub, et tema \u00f5igusi on isikuandmete t\u00f6\u00f6tlemisel rikutud, on tal \u00f5igus p\u00f6\u00f6rduda Andmekaitse Inspektsiooni poole.<\/p>&#13;\n<h2>EV\u00c4STEET<\/h2>&#13;\n<p>K\u00fcttemaailm O\u00dc veebilehel kasutatakse k\u00fcpsiseid, eesm\u00e4rgiga tagada parem kasutajakogemus ja efektiivsem turundustegevus ning koguda kasutusstatistikat. K\u00fclastades K\u00fcttemaailm O\u00dc veebilehte, n\u00f5ustub k\u00fclastaja k\u00fcpsiste kasutamisega k\u00e4esolevas korras kirjeldatud viisil.<\/p>&#13;\n<p>K\u00fcpsis on v\u00e4ike tekstifail, mille veebilehitseja automaatselt k\u00fclastaja poolt kasutatavasse seadmesse salvestab. K\u00fcpsised v\u00f5ivad olla loodud erinevate teenusepakkujate poolt, n\u00e4iteks Google. K\u00fcpsisefailid ei ole arvuti jaoks ohtlikud.<\/p>&#13;\n<p><strong>K\u00fcpsiseid on kahte t\u00fc\u00fcpi:<\/strong><\/p>&#13;\n<ul>&#13;\n<li>P\u00fcsivaid k\u00fcpsiseid, mis j\u00e4\u00e4vad k\u00fclastaja arvutis olevasse k\u00fcpsiste faili p\u00fcsivalt. Neid v\u00f5idakse kasutada n\u00e4iteks k\u00fclastaja, kui veebilehe korduvk\u00fclastaja, \u00e4ratundmiseks ja veebilehe sisu kohandamiseks vastavalt k\u00fclastaja eelnevatele valikutele v\u00f5i statistiliste andmete kogumiseks.<\/li>&#13;\n<li>Seansik\u00fcpsised on ajutised ja kaovad, kui k\u00fclastaja veebilehelt lahkub v\u00f5i oma veebilehitseja sulgeb. Seansik\u00fcpsiseid v\u00f5idakse kasutada veebilehe teatud funktsioonide, n\u00e4iteks teenuse taotlemise jms v\u00f5imaldamiseks.<br\/>K\u00fcpsiseid kasutatakse teabe kogumiseks selle kohta, kuidas veebilehte kasutatakse, et seda k\u00fclastajale isiklikumaks ja kasutajas\u00f5bralikumaks muuta. Lisaks aitavad k\u00fcpsised koguda k\u00fclastajastatistikat, mis v\u00f5imaldab m\u00f5\u00f5ta ja parandada veebilehe toimivust ning annab alusandmed, et viia l\u00e4bi efektiivne turundustegevus.<\/li>&#13;\n<\/ul>&#13;\n<p>K\u00fclastaja loetakse k\u00fcpsistega n\u00f5ustunuks, kui tema veebilehitseja seadistustes on k\u00fcpsised lubatud. Tihtipeale veebilehitsejad lubavad vaikimisi k\u00fcpsisefailide s\u00e4ilitamist seadmesse. K\u00fclastaja v\u00f5ib oma seadmes k\u00fcpsiste kasutamise \u00e4ra keelata v\u00f5i need kustutada, muutes oma veebilehitseja vastavaid seadeid. K\u00fcpsiste mittekasutamisel ei pruugi veebileht korrektselt t\u00f6\u00f6tada. Juhiseid veebilehitsejast k\u00fcpsiste kustutamiseks ja seadistamiseks leiab n\u00e4iteks siit: <a href=\"https:\/\/support.google.com\/chrome\/answer\/95647?hl=en\" target=\"_blank\" rel=\"noopener\">Google Chrome<\/a>, <a href=\"https:\/\/support.microsoft.com\/en-us\/topic\/how-to-delete-cookie-files-in-internet-explorer-bca9446f-d873-78de-77ba-d42645fa52fc\" target=\"_blank\" rel=\"noopener\">Internet Explorer<\/a>.<\/p>&#13;\n<p>Kasutusstatistika kogumiseks kasutab K\u00fcttemaailm O\u00dc Google Analytics teenust, kogudes andmeid k\u00fclastatud alalehtede, k\u00fclastusaja, k\u00fclastuste arvu, kasutatavate seadmete, sisenemiskanalite ja muu statistika kohta. Google Analytics v\u00f5ib siiski koguda andmeid k\u00fclastajate aktiivsuse kohta ka ilma k\u00fcpsisefaile kasutamata. Selleks, et Google Analytics ei saaks andmeid kasutada, saab k\u00fclastaja paigaldada oma seadmesse Google Analytics\u2019i blokeeriva rakenduse: <a href=\"https:\/\/tools.google.com\/dlpage\/gaoptout?hl=en\" target=\"_blank\" rel=\"noopener\">Google Analyticsist<\/a> loobumise brauserilaiend.<\/p>&#13;\n<h2>TIETOSUOJAEHTOJEN MUUTTAMINEN<\/h2>&#13;\n<p>K\u00fcttemaailm O\u00dc j\u00e4tab endale \u00f5iguse muuta privaatsustingimusi \u00fchepoolselt ja ette teatamata, eesm\u00e4rgiga kindlustada nende vastavus seadustele. Privaatsustingimused on oma uusimas versioonis alati veebilehel saadaval. K\u00f5igi privaatsustingimuste ja andmet\u00f6\u00f6tluse kohta tekkivate k\u00fcsimustega palume v\u00f5tta meiega \u00fchendust aadressil <a href=\"mailto:info@radiaatorikeskus.ee\">info@radiaatorikeskus.ee<\/a>.<\/p>&#13;\n","protected":false},"excerpt":{"rendered":"<p>&#13; Privaatsustingimused reguleerivad isikuandmete t\u00f6\u00f6tlemist ja k\u00fcpsiste kasutamist K\u00fcttemaailm O\u00dc veebilehel www.radiaatorikeskus.ee (edaspidi veebileht). &#13; K\u00c4SITTEET &#13; &#13; Isikuandmete t\u00f6\u00f6tlemine on igasugune veebilehe k\u00fclastaja (edaspidi k\u00fclastaja) isikuandmetega tehtav tegevus \u2013 andmete kogumine, t\u00f6\u00f6tlemine, talletamine, parandamine v\u00f5i kustutamine. &#13; K\u00fclastajad on k\u00f5ik isikud, kes k\u00fclastavad veebilehte v\u00f5i edastavad K\u00fcttemaailm O\u00dc-le omalt poolt infot. N\u00e4iteks pakkumise k\u00fcsimine [&hellip;]<\/p>\n","protected":false},"author":3,"featured_media":3634,"parent":0,"menu_order":0,"comment_status":"closed","ping_status":"closed","template":"","meta":{"_acf_changed":false,"footnotes":""},"class_list":["post-4388","page","type-page","status-publish","has-post-thumbnail","hentry"],"acf":[],"yoast_head":"<!-- This site is optimized with the Yoast SEO plugin v26.2 - https:\/\/yoast.com\/wordpress\/plugins\/seo\/ -->\n<title>Tietosuojak\u00e4yt\u00e4nt\u00f6 - Radiaatorikeskus<\/title>\n<meta name=\"robots\" content=\"index, follow, max-snippet:-1, max-image-preview:large, max-video-preview:-1\" \/>\n<link rel=\"canonical\" href=\"https:\/\/radiaatorikeskus.ee\/fi\/tietosuojakaytanto\/\" \/>\n<meta property=\"og:locale\" content=\"fi_FI\" \/>\n<meta property=\"og:type\" content=\"article\" \/>\n<meta property=\"og:title\" content=\"Tietosuojak\u00e4yt\u00e4nt\u00f6 - Radiaatorikeskus\" \/>\n<meta property=\"og:description\" content=\"&#013; Privaatsustingimused reguleerivad isikuandmete t\u00f6\u00f6tlemist ja k\u00fcpsiste kasutamist K\u00fcttemaailm O\u00dc veebilehel www.radiaatorikeskus.ee (edaspidi veebileht). &#013; K\u00c4SITTEET &#013; &#013; Isikuandmete t\u00f6\u00f6tlemine on igasugune veebilehe k\u00fclastaja (edaspidi k\u00fclastaja) isikuandmetega tehtav tegevus \u2013 andmete kogumine, t\u00f6\u00f6tlemine, talletamine, parandamine v\u00f5i kustutamine. &#013; K\u00fclastajad on k\u00f5ik isikud, kes k\u00fclastavad veebilehte v\u00f5i edastavad K\u00fcttemaailm O\u00dc-le omalt poolt infot. N\u00e4iteks pakkumise k\u00fcsimine [&hellip;]\" \/>\n<meta property=\"og:url\" content=\"https:\/\/radiaatorikeskus.ee\/fi\/tietosuojakaytanto\/\" \/>\n<meta property=\"og:site_name\" content=\"Radiaatorikeskus\" \/>\n<meta property=\"article:modified_time\" content=\"2024-08-12T07:33:12+00:00\" \/>\n<meta property=\"og:image\" content=\"https:\/\/radiaatorikeskus.ee\/wp-content\/uploads\/2023\/10\/Paladin-Victoriana-745-Farrow-and-Ball-Downpipe-Front-View.jpg\" \/>\n\t<meta property=\"og:image:width\" content=\"2500\" \/>\n\t<meta property=\"og:image:height\" content=\"2163\" \/>\n\t<meta property=\"og:image:type\" content=\"image\/jpeg\" \/>\n<meta name=\"twitter:card\" content=\"summary_large_image\" \/>\n<meta name=\"twitter:label1\" content=\"Arvioitu lukuaika\" \/>\n\t<meta name=\"twitter:data1\" content=\"5 minuuttia\" \/>\n<script type=\"application\/ld+json\" class=\"yoast-schema-graph\">{\"@context\":\"https:\/\/schema.org\",\"@graph\":[{\"@type\":\"WebPage\",\"@id\":\"https:\/\/radiaatorikeskus.ee\/fi\/tietosuojakaytanto\/\",\"url\":\"https:\/\/radiaatorikeskus.ee\/fi\/tietosuojakaytanto\/\",\"name\":\"Tietosuojak\u00e4yt\u00e4nt\u00f6 - Radiaatorikeskus\",\"isPartOf\":{\"@id\":\"https:\/\/radiaatorikeskus.ee\/fi\/#website\"},\"primaryImageOfPage\":{\"@id\":\"https:\/\/radiaatorikeskus.ee\/fi\/tietosuojakaytanto\/#primaryimage\"},\"image\":{\"@id\":\"https:\/\/radiaatorikeskus.ee\/fi\/tietosuojakaytanto\/#primaryimage\"},\"thumbnailUrl\":\"https:\/\/radiaatorikeskus.ee\/wp-content\/uploads\/2023\/10\/Paladin-Victoriana-745-Farrow-and-Ball-Downpipe-Front-View.jpg\",\"datePublished\":\"2023-08-24T13:48:05+00:00\",\"dateModified\":\"2024-08-12T07:33:12+00:00\",\"breadcrumb\":{\"@id\":\"https:\/\/radiaatorikeskus.ee\/fi\/tietosuojakaytanto\/#breadcrumb\"},\"inLanguage\":\"fi\",\"potentialAction\":[{\"@type\":\"ReadAction\",\"target\":[\"https:\/\/radiaatorikeskus.ee\/fi\/tietosuojakaytanto\/\"]}]},{\"@type\":\"ImageObject\",\"inLanguage\":\"fi\",\"@id\":\"https:\/\/radiaatorikeskus.ee\/fi\/tietosuojakaytanto\/#primaryimage\",\"url\":\"https:\/\/radiaatorikeskus.ee\/wp-content\/uploads\/2023\/10\/Paladin-Victoriana-745-Farrow-and-Ball-Downpipe-Front-View.jpg\",\"contentUrl\":\"https:\/\/radiaatorikeskus.ee\/wp-content\/uploads\/2023\/10\/Paladin-Victoriana-745-Farrow-and-Ball-Downpipe-Front-View.jpg\",\"width\":2500,\"height\":2163},{\"@type\":\"BreadcrumbList\",\"@id\":\"https:\/\/radiaatorikeskus.ee\/fi\/tietosuojakaytanto\/#breadcrumb\",\"itemListElement\":[{\"@type\":\"ListItem\",\"position\":1,\"name\":\"Kotisivu\",\"item\":\"https:\/\/radiaatorikeskus.ee\/fi\/\"},{\"@type\":\"ListItem\",\"position\":2,\"name\":\"Tietosuojak\u00e4yt\u00e4nt\u00f6\"}]},{\"@type\":\"WebSite\",\"@id\":\"https:\/\/radiaatorikeskus.ee\/fi\/#website\",\"url\":\"https:\/\/radiaatorikeskus.ee\/fi\/\",\"name\":\"Radiaatorikeskus\",\"description\":\"Parim radiaatorite valik Eestis\",\"potentialAction\":[{\"@type\":\"SearchAction\",\"target\":{\"@type\":\"EntryPoint\",\"urlTemplate\":\"https:\/\/radiaatorikeskus.ee\/fi\/?s={search_term_string}\"},\"query-input\":{\"@type\":\"PropertyValueSpecification\",\"valueRequired\":true,\"valueName\":\"search_term_string\"}}],\"inLanguage\":\"fi\"}]}<\/script>\n<!-- \/ Yoast SEO plugin. -->","yoast_head_json":{"title":"Tietosuojak\u00e4yt\u00e4nt\u00f6 - Radiaatorikeskus","robots":{"index":"index","follow":"follow","max-snippet":"max-snippet:-1","max-image-preview":"max-image-preview:large","max-video-preview":"max-video-preview:-1"},"canonical":"https:\/\/radiaatorikeskus.ee\/fi\/tietosuojakaytanto\/","og_locale":"fi_FI","og_type":"article","og_title":"Tietosuojak\u00e4yt\u00e4nt\u00f6 - Radiaatorikeskus","og_description":"&#13; Privaatsustingimused reguleerivad isikuandmete t\u00f6\u00f6tlemist ja k\u00fcpsiste kasutamist K\u00fcttemaailm O\u00dc veebilehel www.radiaatorikeskus.ee (edaspidi veebileht). &#13; K\u00c4SITTEET &#13; &#13; Isikuandmete t\u00f6\u00f6tlemine on igasugune veebilehe k\u00fclastaja (edaspidi k\u00fclastaja) isikuandmetega tehtav tegevus \u2013 andmete kogumine, t\u00f6\u00f6tlemine, talletamine, parandamine v\u00f5i kustutamine. &#13; K\u00fclastajad on k\u00f5ik isikud, kes k\u00fclastavad veebilehte v\u00f5i edastavad K\u00fcttemaailm O\u00dc-le omalt poolt infot. N\u00e4iteks pakkumise k\u00fcsimine [&hellip;]","og_url":"https:\/\/radiaatorikeskus.ee\/fi\/tietosuojakaytanto\/","og_site_name":"Radiaatorikeskus","article_modified_time":"2024-08-12T07:33:12+00:00","og_image":[{"width":2500,"height":2163,"url":"https:\/\/radiaatorikeskus.ee\/wp-content\/uploads\/2023\/10\/Paladin-Victoriana-745-Farrow-and-Ball-Downpipe-Front-View.jpg","type":"image\/jpeg"}],"twitter_card":"summary_large_image","twitter_misc":{"Arvioitu lukuaika":"5 minuuttia"},"schema":{"@context":"https:\/\/schema.org","@graph":[{"@type":"WebPage","@id":"https:\/\/radiaatorikeskus.ee\/fi\/tietosuojakaytanto\/","url":"https:\/\/radiaatorikeskus.ee\/fi\/tietosuojakaytanto\/","name":"Tietosuojak\u00e4yt\u00e4nt\u00f6 - Radiaatorikeskus","isPartOf":{"@id":"https:\/\/radiaatorikeskus.ee\/fi\/#website"},"primaryImageOfPage":{"@id":"https:\/\/radiaatorikeskus.ee\/fi\/tietosuojakaytanto\/#primaryimage"},"image":{"@id":"https:\/\/radiaatorikeskus.ee\/fi\/tietosuojakaytanto\/#primaryimage"},"thumbnailUrl":"https:\/\/radiaatorikeskus.ee\/wp-content\/uploads\/2023\/10\/Paladin-Victoriana-745-Farrow-and-Ball-Downpipe-Front-View.jpg","datePublished":"2023-08-24T13:48:05+00:00","dateModified":"2024-08-12T07:33:12+00:00","breadcrumb":{"@id":"https:\/\/radiaatorikeskus.ee\/fi\/tietosuojakaytanto\/#breadcrumb"},"inLanguage":"fi","potentialAction":[{"@type":"ReadAction","target":["https:\/\/radiaatorikeskus.ee\/fi\/tietosuojakaytanto\/"]}]},{"@type":"ImageObject","inLanguage":"fi","@id":"https:\/\/radiaatorikeskus.ee\/fi\/tietosuojakaytanto\/#primaryimage","url":"https:\/\/radiaatorikeskus.ee\/wp-content\/uploads\/2023\/10\/Paladin-Victoriana-745-Farrow-and-Ball-Downpipe-Front-View.jpg","contentUrl":"https:\/\/radiaatorikeskus.ee\/wp-content\/uploads\/2023\/10\/Paladin-Victoriana-745-Farrow-and-Ball-Downpipe-Front-View.jpg","width":2500,"height":2163},{"@type":"BreadcrumbList","@id":"https:\/\/radiaatorikeskus.ee\/fi\/tietosuojakaytanto\/#breadcrumb","itemListElement":[{"@type":"ListItem","position":1,"name":"Kotisivu","item":"https:\/\/radiaatorikeskus.ee\/fi\/"},{"@type":"ListItem","position":2,"name":"Tietosuojak\u00e4yt\u00e4nt\u00f6"}]},{"@type":"WebSite","@id":"https:\/\/radiaatorikeskus.ee\/fi\/#website","url":"https:\/\/radiaatorikeskus.ee\/fi\/","name":"Radiaatorikeskus","description":"Parim radiaatorite valik Eestis","potentialAction":[{"@type":"SearchAction","target":{"@type":"EntryPoint","urlTemplate":"https:\/\/radiaatorikeskus.ee\/fi\/?s={search_term_string}"},"query-input":{"@type":"PropertyValueSpecification","valueRequired":true,"valueName":"search_term_string"}}],"inLanguage":"fi"}]}},"_links":{"self":[{"href":"https:\/\/radiaatorikeskus.ee\/fi\/wp-json\/wp\/v2\/pages\/4388","targetHints":{"allow":["GET"]}}],"collection":[{"href":"https:\/\/radiaatorikeskus.ee\/fi\/wp-json\/wp\/v2\/pages"}],"about":[{"href":"https:\/\/radiaatorikeskus.ee\/fi\/wp-json\/wp\/v2\/types\/page"}],"author":[{"embeddable":true,"href":"https:\/\/radiaatorikeskus.ee\/fi\/wp-json\/wp\/v2\/users\/3"}],"replies":[{"embeddable":true,"href":"https:\/\/radiaatorikeskus.ee\/fi\/wp-json\/wp\/v2\/comments?post=4388"}],"version-history":[{"count":1,"href":"https:\/\/radiaatorikeskus.ee\/fi\/wp-json\/wp\/v2\/pages\/4388\/revisions"}],"predecessor-version":[{"id":4389,"href":"https:\/\/radiaatorikeskus.ee\/fi\/wp-json\/wp\/v2\/pages\/4388\/revisions\/4389"}],"wp:featuredmedia":[{"embeddable":true,"href":"https:\/\/radiaatorikeskus.ee\/fi\/wp-json\/wp\/v2\/media\/3634"}],"wp:attachment":[{"href":"https:\/\/radiaatorikeskus.ee\/fi\/wp-json\/wp\/v2\/media?parent=4388"}],"curies":[{"name":"wp","href":"https:\/\/api.w.org\/{rel}","templated":true}]}}