{"id":4402,"date":"2023-11-16T15:55:54","date_gmt":"2023-11-16T13:55:54","guid":{"rendered":"https:\/\/radiaatorikeskus.ee\/paladin-colours\/"},"modified":"2024-08-12T17:10:10","modified_gmt":"2024-08-12T14:10:10","slug":"paladin-varit","status":"publish","type":"page","link":"https:\/\/radiaatorikeskus.ee\/fi\/paladin-varit\/","title":{"rendered":"Paladin-v\u00e4rit"},"content":{"rendered":"<p>Erilaisiin metalleihin perustuva Paladin-v\u00e4ripaletti on luotu tarjoamaan todellinen klassinen ilme. 10 ainutlaatuisen Paladin-v\u00e4rin k\u00e4ytt\u00e4minen on suosittu tapa saavuttaa haluttu ulkoasu. Valurautaisiin pattereihin sopii tummempi v\u00e4ri, ja Natural Cast- ja Old Pewter -viimeistelyt ovat suosituimpia valintojamme. My\u00f6s Copper- ja Gold-s\u00e4vyt ovat hienoja vaihtoehtoja, jos tarvitset rikkaita ja komeita v\u00e4rej\u00e4, jotka t\u00e4ydent\u00e4v\u00e4t v\u00e4rimaailmaasi. Valitsitpa mink\u00e4 v\u00e4rin tahansa, Paladin-v\u00e4rit on valittu huolellisesti ja sekoitettu juuri Paladinia varten. Ne ovat kovaa kulutusta kest\u00e4vi\u00e4 sek\u00e4 pest\u00e4vi\u00e4 ja tuovat valurautaisiin pattereihin upean metallisen ilmeen.<\/p>\n<h2>VAKIOVIIMEISTELY<\/h2>\n<p>Vakiopinnoitteemme on Eggshell, mutta voimme my\u00f6s tarjota pyynn\u00f6st\u00e4 koko valikoiman pinnoitteita mattapintaisesta t\u00e4yskiilt\u00e4v\u00e4\u00e4n.<\/p>\n<p><a href=\"https:\/\/radiaatorikeskus.ee\/wp-content\/uploads\/2023\/10\/Paladin-Colours.jpg\"><img loading=\"lazy\" decoding=\"async\" class=\"alignnone wp-image-845 size-full\" src=\"https:\/\/radiaatorikeskus.ee\/wp-content\/uploads\/2023\/10\/Paladin-Colours.jpg\" alt=\"\" width=\"1223\" height=\"584\" srcset=\"https:\/\/radiaatorikeskus.ee\/wp-content\/uploads\/2023\/10\/Paladin-Colours.jpg 1223w, https:\/\/radiaatorikeskus.ee\/wp-content\/uploads\/2023\/10\/Paladin-Colours-300x143.jpg 300w, https:\/\/radiaatorikeskus.ee\/wp-content\/uploads\/2023\/10\/Paladin-Colours-1024x489.jpg 1024w, https:\/\/radiaatorikeskus.ee\/wp-content\/uploads\/2023\/10\/Paladin-Colours-768x367.jpg 768w, https:\/\/radiaatorikeskus.ee\/wp-content\/uploads\/2023\/10\/Paladin-Colours-600x287.jpg 600w\" sizes=\"auto, (max-width: 1223px) 100vw, 1223px\" \/><\/a><\/p>\n<h2>ANTIIKKIMAALIEFEKTI<\/h2>\n<p><strong>Siirry ajassa taaksep\u00e4in antiikkimaaliefektien avulla<\/strong><\/p>\n<p>Mikset tehostaisi koristeellisten valurautapatteriesi ihastuttavia korotettuja piirteit\u00e4 antiikkimaaliefektill\u00e4? K\u00e4ytt\u00e4m\u00e4ll\u00e4 kontrastista antiikkimaalia yksityiskohdat saavat aidon vanhentuneen ilmeen, jossa yksityiskohdat korostuvat ja patteri muuttuu todelliseksi taideteokseksi.<\/p>\n<p><a href=\"https:\/\/radiaatorikeskus.ee\/wp-content\/uploads\/2023\/11\/Paladin-ANTIQUED-PAINT-EFFECT.jpg\"><img loading=\"lazy\" decoding=\"async\" class=\"alignnone wp-image-1771 size-full\" src=\"https:\/\/radiaatorikeskus.ee\/wp-content\/uploads\/2023\/11\/Paladin-ANTIQUED-PAINT-EFFECT.jpg\" alt=\"\" width=\"1213\" height=\"530\" srcset=\"https:\/\/radiaatorikeskus.ee\/wp-content\/uploads\/2023\/11\/Paladin-ANTIQUED-PAINT-EFFECT.jpg 1213w, https:\/\/radiaatorikeskus.ee\/wp-content\/uploads\/2023\/11\/Paladin-ANTIQUED-PAINT-EFFECT-300x131.jpg 300w, https:\/\/radiaatorikeskus.ee\/wp-content\/uploads\/2023\/11\/Paladin-ANTIQUED-PAINT-EFFECT-1024x447.jpg 1024w, https:\/\/radiaatorikeskus.ee\/wp-content\/uploads\/2023\/11\/Paladin-ANTIQUED-PAINT-EFFECT-768x336.jpg 768w, https:\/\/radiaatorikeskus.ee\/wp-content\/uploads\/2023\/11\/Paladin-ANTIQUED-PAINT-EFFECT-600x262.jpg 600w\" sizes=\"auto, (max-width: 1213px) 100vw, 1213px\" \/><\/a><\/p>\n<h2>KOROSTEMAALIEFEKTI<\/h2>\n<p><strong>Ainutlaatuiset k\u00e4sin maalatut kohokohdat luovat dramatiikkaa ja silm\u00e4\u00e4npist\u00e4vi\u00e4 keskipisteit\u00e4 mihin tahansa huoneeseen<\/strong><\/p>\n<p>Korostemaaliefekti on t\u00e4ysin ainutlaatuinen k\u00e4sity\u00f6l\u00e4isvaikutelma, joka her\u00e4tt\u00e4\u00e4 pattereiden yksityiskohdat eloon. Paladin on vuosien varrella hionut t\u00e4m\u00e4n upean efektin t\u00e4ydelliseksi luomaan upeita ja yksil\u00f6llisi\u00e4 valurautapattereita, jotka ovat upeita katseenvangitsijoita ja keskipisteit\u00e4 miss\u00e4 tahansa huoneessa.<\/p>\n<p>Jos haluat todella dramaattisen ja tunnelmallisen lopputuloksen, valitse korostemaaliefekti, jossa jokaisen koristeellisen valurautapatterin kauniit valetut yksityiskohdat tehostetaan kontrastisen pohjav\u00e4rin p\u00e4\u00e4lle k\u00e4sin kultaustahnalla, jonka v\u00e4riksi on valittavissa t\u00e4ytel\u00e4inen kulta, silmiinpist\u00e4v\u00e4 tina tai l\u00e4mmin kupari.<\/p>\n<p><a href=\"https:\/\/radiaatorikeskus.ee\/paladin-colours\/attachment\/paladin-highlight-paint-effect\/\"><img loading=\"lazy\" decoding=\"async\" class=\"alignnone wp-image-1778 size-full\" src=\"https:\/\/radiaatorikeskus.ee\/wp-content\/uploads\/2023\/11\/Paladin-HIGHLIGHT-PAINT-EFFECT.jpg\" alt=\"\" width=\"1214\" height=\"742\" srcset=\"https:\/\/radiaatorikeskus.ee\/wp-content\/uploads\/2023\/11\/Paladin-HIGHLIGHT-PAINT-EFFECT.jpg 1214w, https:\/\/radiaatorikeskus.ee\/wp-content\/uploads\/2023\/11\/Paladin-HIGHLIGHT-PAINT-EFFECT-300x183.jpg 300w, https:\/\/radiaatorikeskus.ee\/wp-content\/uploads\/2023\/11\/Paladin-HIGHLIGHT-PAINT-EFFECT-1024x626.jpg 1024w, https:\/\/radiaatorikeskus.ee\/wp-content\/uploads\/2023\/11\/Paladin-HIGHLIGHT-PAINT-EFFECT-768x469.jpg 768w, https:\/\/radiaatorikeskus.ee\/wp-content\/uploads\/2023\/11\/Paladin-HIGHLIGHT-PAINT-EFFECT-600x367.jpg 600w\" sizes=\"auto, (max-width: 1214px) 100vw, 1214px\" \/><\/a><\/p>\n<h2>PREMIUM-LAKKA<\/h2>\n<p>T\u00e4m\u00e4 on mielenkiintoinen prosessi. Ensin k\u00e4sittelemme ja kiillotamme patterin, mink\u00e4 j\u00e4lkeen se peitet\u00e4\u00e4n l\u00e4pin\u00e4kym\u00e4tt\u00f6m\u00e4ll\u00e4, s\u00e4vytetyll\u00e4 lakalla, joka antaa syv\u00e4n loiston n\u00e4ytt\u00e4en silti alla olevat valurautaiset yksityiskohdat. Premium-lakkoja on saatavilla monissa trendiv\u00e4reiss\u00e4, jotka tuovat modernimman tunnelman.<\/p>\n<p><a href=\"https:\/\/radiaatorikeskus.ee\/paladin-colours\/attachment\/paladin-premium-lacquer\/\"><img loading=\"lazy\" decoding=\"async\" class=\"alignnone wp-image-1781 size-full\" src=\"https:\/\/radiaatorikeskus.ee\/wp-content\/uploads\/2023\/11\/Paladin-PREMIUM-LACQUER.jpg\" alt=\"\" width=\"1211\" height=\"402\" srcset=\"https:\/\/radiaatorikeskus.ee\/wp-content\/uploads\/2023\/11\/Paladin-PREMIUM-LACQUER.jpg 1211w, https:\/\/radiaatorikeskus.ee\/wp-content\/uploads\/2023\/11\/Paladin-PREMIUM-LACQUER-300x100.jpg 300w, https:\/\/radiaatorikeskus.ee\/wp-content\/uploads\/2023\/11\/Paladin-PREMIUM-LACQUER-1024x340.jpg 1024w, https:\/\/radiaatorikeskus.ee\/wp-content\/uploads\/2023\/11\/Paladin-PREMIUM-LACQUER-768x255.jpg 768w, https:\/\/radiaatorikeskus.ee\/wp-content\/uploads\/2023\/11\/Paladin-PREMIUM-LACQUER-600x199.jpg 600w\" sizes=\"auto, (max-width: 1211px) 100vw, 1211px\" \/><\/a><\/p>\n<p><strong>T\u00e4rke\u00e4 huomautus!<\/strong><br \/>\nOn t\u00e4rke\u00e4\u00e4 huomata, ett\u00e4 todellisia v\u00e4rej\u00e4 ei ole mahdollista luoda t\u00e4ydellisesti uudelleen s\u00e4hk\u00f6isen ja painetun median avulla. Siksi emme voi ottaa vastuuta verkkosivuillamme ja esitteess\u00e4mme esitettyjen v\u00e4rien oikeellisuudesta.<\/p>\n","protected":false},"excerpt":{"rendered":"<p>Erilaisiin metalleihin perustuva Paladin-v\u00e4ripaletti on luotu tarjoamaan todellinen klassinen ilme. 10 ainutlaatuisen Paladin-v\u00e4rin k\u00e4ytt\u00e4minen on suosittu tapa saavuttaa haluttu ulkoasu. Valurautaisiin pattereihin sopii tummempi v\u00e4ri, ja Natural Cast- ja Old Pewter -viimeistelyt ovat suosituimpia valintojamme. My\u00f6s Copper- ja Gold-s\u00e4vyt ovat hienoja vaihtoehtoja, jos tarvitset rikkaita ja komeita v\u00e4rej\u00e4, jotka t\u00e4ydent\u00e4v\u00e4t v\u00e4rimaailmaasi. Valitsitpa mink\u00e4 v\u00e4rin tahansa, [&hellip;]<\/p>\n","protected":false},"author":3,"featured_media":3675,"parent":0,"menu_order":0,"comment_status":"closed","ping_status":"closed","template":"","meta":{"_acf_changed":false,"footnotes":""},"class_list":["post-4402","page","type-page","status-publish","has-post-thumbnail","hentry"],"acf":[],"yoast_head":"<!-- This site is optimized with the Yoast SEO plugin v26.2 - https:\/\/yoast.com\/wordpress\/plugins\/seo\/ -->\n<title>Paladin-v\u00e4rit - Radiaatorikeskus<\/title>\n<meta name=\"robots\" content=\"index, follow, max-snippet:-1, max-image-preview:large, max-video-preview:-1\" \/>\n<link rel=\"canonical\" href=\"https:\/\/radiaatorikeskus.ee\/fi\/paladin-varit\/\" \/>\n<meta property=\"og:locale\" content=\"fi_FI\" \/>\n<meta property=\"og:type\" content=\"article\" \/>\n<meta property=\"og:title\" content=\"Paladin-v\u00e4rit - Radiaatorikeskus\" \/>\n<meta property=\"og:description\" content=\"Erilaisiin metalleihin perustuva Paladin-v\u00e4ripaletti on luotu tarjoamaan todellinen klassinen ilme. 10 ainutlaatuisen Paladin-v\u00e4rin k\u00e4ytt\u00e4minen on suosittu tapa saavuttaa haluttu ulkoasu. Valurautaisiin pattereihin sopii tummempi v\u00e4ri, ja Natural Cast- ja Old Pewter -viimeistelyt ovat suosituimpia valintojamme. My\u00f6s Copper- ja Gold-s\u00e4vyt ovat hienoja vaihtoehtoja, jos tarvitset rikkaita ja komeita v\u00e4rej\u00e4, jotka t\u00e4ydent\u00e4v\u00e4t v\u00e4rimaailmaasi. Valitsitpa mink\u00e4 v\u00e4rin tahansa, [&hellip;]\" \/>\n<meta property=\"og:url\" content=\"https:\/\/radiaatorikeskus.ee\/fi\/paladin-varit\/\" \/>\n<meta property=\"og:site_name\" content=\"Radiaatorikeskus\" \/>\n<meta property=\"article:modified_time\" content=\"2024-08-12T14:10:10+00:00\" \/>\n<meta property=\"og:image\" content=\"https:\/\/radiaatorikeskus.ee\/wp-content\/uploads\/2023\/10\/Paladin-Oxford-765-Antiqued-Aged-Gold-Close-Up-.jpg\" \/>\n\t<meta property=\"og:image:width\" content=\"2500\" \/>\n\t<meta property=\"og:image:height\" content=\"2000\" \/>\n\t<meta property=\"og:image:type\" content=\"image\/jpeg\" \/>\n<meta name=\"twitter:card\" content=\"summary_large_image\" \/>\n<meta name=\"twitter:label1\" content=\"Arvioitu lukuaika\" \/>\n\t<meta name=\"twitter:data1\" content=\"3 minuuttia\" \/>\n<script type=\"application\/ld+json\" class=\"yoast-schema-graph\">{\"@context\":\"https:\/\/schema.org\",\"@graph\":[{\"@type\":\"WebPage\",\"@id\":\"https:\/\/radiaatorikeskus.ee\/fi\/paladin-varit\/\",\"url\":\"https:\/\/radiaatorikeskus.ee\/fi\/paladin-varit\/\",\"name\":\"Paladin-v\u00e4rit - Radiaatorikeskus\",\"isPartOf\":{\"@id\":\"https:\/\/radiaatorikeskus.ee\/fi\/#website\"},\"primaryImageOfPage\":{\"@id\":\"https:\/\/radiaatorikeskus.ee\/fi\/paladin-varit\/#primaryimage\"},\"image\":{\"@id\":\"https:\/\/radiaatorikeskus.ee\/fi\/paladin-varit\/#primaryimage\"},\"thumbnailUrl\":\"https:\/\/radiaatorikeskus.ee\/wp-content\/uploads\/2023\/10\/Paladin-Oxford-765-Antiqued-Aged-Gold-Close-Up-.jpg\",\"datePublished\":\"2023-11-16T13:55:54+00:00\",\"dateModified\":\"2024-08-12T14:10:10+00:00\",\"breadcrumb\":{\"@id\":\"https:\/\/radiaatorikeskus.ee\/fi\/paladin-varit\/#breadcrumb\"},\"inLanguage\":\"fi\",\"potentialAction\":[{\"@type\":\"ReadAction\",\"target\":[\"https:\/\/radiaatorikeskus.ee\/fi\/paladin-varit\/\"]}]},{\"@type\":\"ImageObject\",\"inLanguage\":\"fi\",\"@id\":\"https:\/\/radiaatorikeskus.ee\/fi\/paladin-varit\/#primaryimage\",\"url\":\"https:\/\/radiaatorikeskus.ee\/wp-content\/uploads\/2023\/10\/Paladin-Oxford-765-Antiqued-Aged-Gold-Close-Up-.jpg\",\"contentUrl\":\"https:\/\/radiaatorikeskus.ee\/wp-content\/uploads\/2023\/10\/Paladin-Oxford-765-Antiqued-Aged-Gold-Close-Up-.jpg\",\"width\":2500,\"height\":2000},{\"@type\":\"BreadcrumbList\",\"@id\":\"https:\/\/radiaatorikeskus.ee\/fi\/paladin-varit\/#breadcrumb\",\"itemListElement\":[{\"@type\":\"ListItem\",\"position\":1,\"name\":\"Kotisivu\",\"item\":\"https:\/\/radiaatorikeskus.ee\/fi\/\"},{\"@type\":\"ListItem\",\"position\":2,\"name\":\"Paladin-v\u00e4rit\"}]},{\"@type\":\"WebSite\",\"@id\":\"https:\/\/radiaatorikeskus.ee\/fi\/#website\",\"url\":\"https:\/\/radiaatorikeskus.ee\/fi\/\",\"name\":\"Radiaatorikeskus\",\"description\":\"Parim radiaatorite valik Eestis\",\"potentialAction\":[{\"@type\":\"SearchAction\",\"target\":{\"@type\":\"EntryPoint\",\"urlTemplate\":\"https:\/\/radiaatorikeskus.ee\/fi\/?s={search_term_string}\"},\"query-input\":{\"@type\":\"PropertyValueSpecification\",\"valueRequired\":true,\"valueName\":\"search_term_string\"}}],\"inLanguage\":\"fi\"}]}<\/script>\n<!-- \/ Yoast SEO plugin. -->","yoast_head_json":{"title":"Paladin-v\u00e4rit - Radiaatorikeskus","robots":{"index":"index","follow":"follow","max-snippet":"max-snippet:-1","max-image-preview":"max-image-preview:large","max-video-preview":"max-video-preview:-1"},"canonical":"https:\/\/radiaatorikeskus.ee\/fi\/paladin-varit\/","og_locale":"fi_FI","og_type":"article","og_title":"Paladin-v\u00e4rit - Radiaatorikeskus","og_description":"Erilaisiin metalleihin perustuva Paladin-v\u00e4ripaletti on luotu tarjoamaan todellinen klassinen ilme. 10 ainutlaatuisen Paladin-v\u00e4rin k\u00e4ytt\u00e4minen on suosittu tapa saavuttaa haluttu ulkoasu. Valurautaisiin pattereihin sopii tummempi v\u00e4ri, ja Natural Cast- ja Old Pewter -viimeistelyt ovat suosituimpia valintojamme. My\u00f6s Copper- ja Gold-s\u00e4vyt ovat hienoja vaihtoehtoja, jos tarvitset rikkaita ja komeita v\u00e4rej\u00e4, jotka t\u00e4ydent\u00e4v\u00e4t v\u00e4rimaailmaasi. Valitsitpa mink\u00e4 v\u00e4rin tahansa, [&hellip;]","og_url":"https:\/\/radiaatorikeskus.ee\/fi\/paladin-varit\/","og_site_name":"Radiaatorikeskus","article_modified_time":"2024-08-12T14:10:10+00:00","og_image":[{"width":2500,"height":2000,"url":"https:\/\/radiaatorikeskus.ee\/wp-content\/uploads\/2023\/10\/Paladin-Oxford-765-Antiqued-Aged-Gold-Close-Up-.jpg","type":"image\/jpeg"}],"twitter_card":"summary_large_image","twitter_misc":{"Arvioitu lukuaika":"3 minuuttia"},"schema":{"@context":"https:\/\/schema.org","@graph":[{"@type":"WebPage","@id":"https:\/\/radiaatorikeskus.ee\/fi\/paladin-varit\/","url":"https:\/\/radiaatorikeskus.ee\/fi\/paladin-varit\/","name":"Paladin-v\u00e4rit - Radiaatorikeskus","isPartOf":{"@id":"https:\/\/radiaatorikeskus.ee\/fi\/#website"},"primaryImageOfPage":{"@id":"https:\/\/radiaatorikeskus.ee\/fi\/paladin-varit\/#primaryimage"},"image":{"@id":"https:\/\/radiaatorikeskus.ee\/fi\/paladin-varit\/#primaryimage"},"thumbnailUrl":"https:\/\/radiaatorikeskus.ee\/wp-content\/uploads\/2023\/10\/Paladin-Oxford-765-Antiqued-Aged-Gold-Close-Up-.jpg","datePublished":"2023-11-16T13:55:54+00:00","dateModified":"2024-08-12T14:10:10+00:00","breadcrumb":{"@id":"https:\/\/radiaatorikeskus.ee\/fi\/paladin-varit\/#breadcrumb"},"inLanguage":"fi","potentialAction":[{"@type":"ReadAction","target":["https:\/\/radiaatorikeskus.ee\/fi\/paladin-varit\/"]}]},{"@type":"ImageObject","inLanguage":"fi","@id":"https:\/\/radiaatorikeskus.ee\/fi\/paladin-varit\/#primaryimage","url":"https:\/\/radiaatorikeskus.ee\/wp-content\/uploads\/2023\/10\/Paladin-Oxford-765-Antiqued-Aged-Gold-Close-Up-.jpg","contentUrl":"https:\/\/radiaatorikeskus.ee\/wp-content\/uploads\/2023\/10\/Paladin-Oxford-765-Antiqued-Aged-Gold-Close-Up-.jpg","width":2500,"height":2000},{"@type":"BreadcrumbList","@id":"https:\/\/radiaatorikeskus.ee\/fi\/paladin-varit\/#breadcrumb","itemListElement":[{"@type":"ListItem","position":1,"name":"Kotisivu","item":"https:\/\/radiaatorikeskus.ee\/fi\/"},{"@type":"ListItem","position":2,"name":"Paladin-v\u00e4rit"}]},{"@type":"WebSite","@id":"https:\/\/radiaatorikeskus.ee\/fi\/#website","url":"https:\/\/radiaatorikeskus.ee\/fi\/","name":"Radiaatorikeskus","description":"Parim radiaatorite valik Eestis","potentialAction":[{"@type":"SearchAction","target":{"@type":"EntryPoint","urlTemplate":"https:\/\/radiaatorikeskus.ee\/fi\/?s={search_term_string}"},"query-input":{"@type":"PropertyValueSpecification","valueRequired":true,"valueName":"search_term_string"}}],"inLanguage":"fi"}]}},"_links":{"self":[{"href":"https:\/\/radiaatorikeskus.ee\/fi\/wp-json\/wp\/v2\/pages\/4402","targetHints":{"allow":["GET"]}}],"collection":[{"href":"https:\/\/radiaatorikeskus.ee\/fi\/wp-json\/wp\/v2\/pages"}],"about":[{"href":"https:\/\/radiaatorikeskus.ee\/fi\/wp-json\/wp\/v2\/types\/page"}],"author":[{"embeddable":true,"href":"https:\/\/radiaatorikeskus.ee\/fi\/wp-json\/wp\/v2\/users\/3"}],"replies":[{"embeddable":true,"href":"https:\/\/radiaatorikeskus.ee\/fi\/wp-json\/wp\/v2\/comments?post=4402"}],"version-history":[{"count":2,"href":"https:\/\/radiaatorikeskus.ee\/fi\/wp-json\/wp\/v2\/pages\/4402\/revisions"}],"predecessor-version":[{"id":4407,"href":"https:\/\/radiaatorikeskus.ee\/fi\/wp-json\/wp\/v2\/pages\/4402\/revisions\/4407"}],"wp:featuredmedia":[{"embeddable":true,"href":"https:\/\/radiaatorikeskus.ee\/fi\/wp-json\/wp\/v2\/media\/3675"}],"wp:attachment":[{"href":"https:\/\/radiaatorikeskus.ee\/fi\/wp-json\/wp\/v2\/media?parent=4402"}],"curies":[{"name":"wp","href":"https:\/\/api.w.org\/{rel}","templated":true}]}}