{"id":3606,"date":"2023-10-31T14:33:32","date_gmt":"2023-10-31T12:33:32","guid":{"rendered":"https:\/\/radiaatorikeskus.ee\/toode\/kkn-kkv\/"},"modified":"2024-08-12T14:25:42","modified_gmt":"2024-08-12T11:25:42","slug":"kkn-kkv","status":"publish","type":"product","link":"https:\/\/radiaatorikeskus.ee\/fi\/tuote\/kkn-kkv\/","title":{"rendered":"KKN\/KKV"},"content":{"rendered":"","protected":false},"excerpt":{"rendered":"<p>Kermi-konvektorit. Tiukat suunnitteluvaatimukset on yhdistetty tehokkaaseen l\u00e4mm\u00f6ntuotantoon. Pieni, kompakti ja t\u00e4ynn\u00e4 energiaa. Kermi-konvektorit sopivat erinomaisesti tiloihin, joissa on suuret lasipinnat. Ne muodostavat korkean l\u00e4mm\u00f6ntuottonsa ansiosta n\u00e4kym\u00e4tt\u00f6m\u00e4n l\u00e4mp\u00f6esteen ja est\u00e4v\u00e4t kylm\u00e4n ilmavirran levi\u00e4misen huoneeseen.<\/p>\n","protected":false},"featured_media":3607,"template":"","meta":{"_acf_changed":false},"product_brand":[],"product_cat":[111],"product_tag":[130],"class_list":{"0":"post-3606","1":"product","2":"type-product","3":"status-publish","4":"has-post-thumbnail","6":"product_cat-konvektorit","7":"product_tag-kermi-fi","9":"first","10":"instock","11":"taxable","12":"shipping-taxable","13":"product-type-simple"},"acf":[],"yoast_head":"<!-- This site is optimized with the Yoast SEO plugin v26.2 - https:\/\/yoast.com\/wordpress\/plugins\/seo\/ -->\n<title>KKN\/KKV - Radiaatorikeskus<\/title>\n<meta name=\"robots\" content=\"index, follow, max-snippet:-1, max-image-preview:large, max-video-preview:-1\" \/>\n<link rel=\"canonical\" href=\"https:\/\/radiaatorikeskus.ee\/fi\/tuote\/kkn-kkv\/\" \/>\n<meta property=\"og:locale\" content=\"fi_FI\" \/>\n<meta property=\"og:type\" content=\"article\" \/>\n<meta property=\"og:title\" content=\"KKN\/KKV - Radiaatorikeskus\" \/>\n<meta property=\"og:description\" content=\"Kermi-konvektorit. Tiukat suunnitteluvaatimukset on yhdistetty tehokkaaseen l\u00e4mm\u00f6ntuotantoon. Pieni, kompakti ja t\u00e4ynn\u00e4 energiaa. Kermi-konvektorit sopivat erinomaisesti tiloihin, joissa on suuret lasipinnat. Ne muodostavat korkean l\u00e4mm\u00f6ntuottonsa ansiosta n\u00e4kym\u00e4tt\u00f6m\u00e4n l\u00e4mp\u00f6esteen ja est\u00e4v\u00e4t kylm\u00e4n ilmavirran levi\u00e4misen huoneeseen.\" \/>\n<meta property=\"og:url\" content=\"https:\/\/radiaatorikeskus.ee\/fi\/tuote\/kkn-kkv\/\" \/>\n<meta property=\"og:site_name\" content=\"Radiaatorikeskus\" \/>\n<meta property=\"article:modified_time\" content=\"2024-08-12T11:25:42+00:00\" \/>\n<meta property=\"og:image\" content=\"https:\/\/radiaatorikeskus.ee\/wp-content\/uploads\/2023\/10\/Kermi-KKNKKV-1.webp\" \/>\n\t<meta property=\"og:image:width\" content=\"1156\" \/>\n\t<meta property=\"og:image:height\" content=\"1155\" \/>\n\t<meta property=\"og:image:type\" content=\"image\/webp\" \/>\n<meta name=\"twitter:card\" content=\"summary_large_image\" \/>\n<meta name=\"twitter:label1\" content=\"Arvioitu lukuaika\" \/>\n\t<meta name=\"twitter:data1\" content=\"2 minuuttia\" \/>\n<script type=\"application\/ld+json\" class=\"yoast-schema-graph\">{\"@context\":\"https:\/\/schema.org\",\"@graph\":[{\"@type\":\"WebPage\",\"@id\":\"https:\/\/radiaatorikeskus.ee\/fi\/tuote\/kkn-kkv\/\",\"url\":\"https:\/\/radiaatorikeskus.ee\/fi\/tuote\/kkn-kkv\/\",\"name\":\"KKN\/KKV - Radiaatorikeskus\",\"isPartOf\":{\"@id\":\"https:\/\/radiaatorikeskus.ee\/fi\/#website\"},\"primaryImageOfPage\":{\"@id\":\"https:\/\/radiaatorikeskus.ee\/fi\/tuote\/kkn-kkv\/#primaryimage\"},\"image\":{\"@id\":\"https:\/\/radiaatorikeskus.ee\/fi\/tuote\/kkn-kkv\/#primaryimage\"},\"thumbnailUrl\":\"https:\/\/radiaatorikeskus.ee\/wp-content\/uploads\/2023\/10\/Kermi-KKNKKV-1.webp\",\"datePublished\":\"2023-10-31T12:33:32+00:00\",\"dateModified\":\"2024-08-12T11:25:42+00:00\",\"breadcrumb\":{\"@id\":\"https:\/\/radiaatorikeskus.ee\/fi\/tuote\/kkn-kkv\/#breadcrumb\"},\"inLanguage\":\"fi\",\"potentialAction\":[{\"@type\":\"ReadAction\",\"target\":[\"https:\/\/radiaatorikeskus.ee\/fi\/tuote\/kkn-kkv\/\"]}]},{\"@type\":\"ImageObject\",\"inLanguage\":\"fi\",\"@id\":\"https:\/\/radiaatorikeskus.ee\/fi\/tuote\/kkn-kkv\/#primaryimage\",\"url\":\"https:\/\/radiaatorikeskus.ee\/wp-content\/uploads\/2023\/10\/Kermi-KKNKKV-1.webp\",\"contentUrl\":\"https:\/\/radiaatorikeskus.ee\/wp-content\/uploads\/2023\/10\/Kermi-KKNKKV-1.webp\",\"width\":1156,\"height\":1155},{\"@type\":\"BreadcrumbList\",\"@id\":\"https:\/\/radiaatorikeskus.ee\/fi\/tuote\/kkn-kkv\/#breadcrumb\",\"itemListElement\":[{\"@type\":\"ListItem\",\"position\":1,\"name\":\"Kotisivu\",\"item\":\"https:\/\/radiaatorikeskus.ee\/fi\/\"},{\"@type\":\"ListItem\",\"position\":2,\"name\":\"Tuotteet\",\"item\":\"https:\/\/radiaatorikeskus.ee\/fi\/tuotteet\/\"},{\"@type\":\"ListItem\",\"position\":3,\"name\":\"KKN\/KKV\"}]},{\"@type\":\"WebSite\",\"@id\":\"https:\/\/radiaatorikeskus.ee\/fi\/#website\",\"url\":\"https:\/\/radiaatorikeskus.ee\/fi\/\",\"name\":\"Radiaatorikeskus\",\"description\":\"Parim radiaatorite valik Eestis\",\"potentialAction\":[{\"@type\":\"SearchAction\",\"target\":{\"@type\":\"EntryPoint\",\"urlTemplate\":\"https:\/\/radiaatorikeskus.ee\/fi\/?s={search_term_string}\"},\"query-input\":{\"@type\":\"PropertyValueSpecification\",\"valueRequired\":true,\"valueName\":\"search_term_string\"}}],\"inLanguage\":\"fi\"}]}<\/script>\n<!-- \/ Yoast SEO plugin. -->","yoast_head_json":{"title":"KKN\/KKV - Radiaatorikeskus","robots":{"index":"index","follow":"follow","max-snippet":"max-snippet:-1","max-image-preview":"max-image-preview:large","max-video-preview":"max-video-preview:-1"},"canonical":"https:\/\/radiaatorikeskus.ee\/fi\/tuote\/kkn-kkv\/","og_locale":"fi_FI","og_type":"article","og_title":"KKN\/KKV - Radiaatorikeskus","og_description":"Kermi-konvektorit. Tiukat suunnitteluvaatimukset on yhdistetty tehokkaaseen l\u00e4mm\u00f6ntuotantoon. Pieni, kompakti ja t\u00e4ynn\u00e4 energiaa. Kermi-konvektorit sopivat erinomaisesti tiloihin, joissa on suuret lasipinnat. Ne muodostavat korkean l\u00e4mm\u00f6ntuottonsa ansiosta n\u00e4kym\u00e4tt\u00f6m\u00e4n l\u00e4mp\u00f6esteen ja est\u00e4v\u00e4t kylm\u00e4n ilmavirran levi\u00e4misen huoneeseen.","og_url":"https:\/\/radiaatorikeskus.ee\/fi\/tuote\/kkn-kkv\/","og_site_name":"Radiaatorikeskus","article_modified_time":"2024-08-12T11:25:42+00:00","og_image":[{"width":1156,"height":1155,"url":"https:\/\/radiaatorikeskus.ee\/wp-content\/uploads\/2023\/10\/Kermi-KKNKKV-1.webp","type":"image\/webp"}],"twitter_card":"summary_large_image","twitter_misc":{"Arvioitu lukuaika":"2 minuuttia"},"schema":{"@context":"https:\/\/schema.org","@graph":[{"@type":"WebPage","@id":"https:\/\/radiaatorikeskus.ee\/fi\/tuote\/kkn-kkv\/","url":"https:\/\/radiaatorikeskus.ee\/fi\/tuote\/kkn-kkv\/","name":"KKN\/KKV - Radiaatorikeskus","isPartOf":{"@id":"https:\/\/radiaatorikeskus.ee\/fi\/#website"},"primaryImageOfPage":{"@id":"https:\/\/radiaatorikeskus.ee\/fi\/tuote\/kkn-kkv\/#primaryimage"},"image":{"@id":"https:\/\/radiaatorikeskus.ee\/fi\/tuote\/kkn-kkv\/#primaryimage"},"thumbnailUrl":"https:\/\/radiaatorikeskus.ee\/wp-content\/uploads\/2023\/10\/Kermi-KKNKKV-1.webp","datePublished":"2023-10-31T12:33:32+00:00","dateModified":"2024-08-12T11:25:42+00:00","breadcrumb":{"@id":"https:\/\/radiaatorikeskus.ee\/fi\/tuote\/kkn-kkv\/#breadcrumb"},"inLanguage":"fi","potentialAction":[{"@type":"ReadAction","target":["https:\/\/radiaatorikeskus.ee\/fi\/tuote\/kkn-kkv\/"]}]},{"@type":"ImageObject","inLanguage":"fi","@id":"https:\/\/radiaatorikeskus.ee\/fi\/tuote\/kkn-kkv\/#primaryimage","url":"https:\/\/radiaatorikeskus.ee\/wp-content\/uploads\/2023\/10\/Kermi-KKNKKV-1.webp","contentUrl":"https:\/\/radiaatorikeskus.ee\/wp-content\/uploads\/2023\/10\/Kermi-KKNKKV-1.webp","width":1156,"height":1155},{"@type":"BreadcrumbList","@id":"https:\/\/radiaatorikeskus.ee\/fi\/tuote\/kkn-kkv\/#breadcrumb","itemListElement":[{"@type":"ListItem","position":1,"name":"Kotisivu","item":"https:\/\/radiaatorikeskus.ee\/fi\/"},{"@type":"ListItem","position":2,"name":"Tuotteet","item":"https:\/\/radiaatorikeskus.ee\/fi\/tuotteet\/"},{"@type":"ListItem","position":3,"name":"KKN\/KKV"}]},{"@type":"WebSite","@id":"https:\/\/radiaatorikeskus.ee\/fi\/#website","url":"https:\/\/radiaatorikeskus.ee\/fi\/","name":"Radiaatorikeskus","description":"Parim radiaatorite valik Eestis","potentialAction":[{"@type":"SearchAction","target":{"@type":"EntryPoint","urlTemplate":"https:\/\/radiaatorikeskus.ee\/fi\/?s={search_term_string}"},"query-input":{"@type":"PropertyValueSpecification","valueRequired":true,"valueName":"search_term_string"}}],"inLanguage":"fi"}]}},"_links":{"self":[{"href":"https:\/\/radiaatorikeskus.ee\/fi\/wp-json\/wp\/v2\/product\/3606","targetHints":{"allow":["GET"]}}],"collection":[{"href":"https:\/\/radiaatorikeskus.ee\/fi\/wp-json\/wp\/v2\/product"}],"about":[{"href":"https:\/\/radiaatorikeskus.ee\/fi\/wp-json\/wp\/v2\/types\/product"}],"wp:featuredmedia":[{"embeddable":true,"href":"https:\/\/radiaatorikeskus.ee\/fi\/wp-json\/wp\/v2\/media\/3607"}],"wp:attachment":[{"href":"https:\/\/radiaatorikeskus.ee\/fi\/wp-json\/wp\/v2\/media?parent=3606"}],"wp:term":[{"taxonomy":"product_brand","embeddable":true,"href":"https:\/\/radiaatorikeskus.ee\/fi\/wp-json\/wp\/v2\/product_brand?post=3606"},{"taxonomy":"product_cat","embeddable":true,"href":"https:\/\/radiaatorikeskus.ee\/fi\/wp-json\/wp\/v2\/product_cat?post=3606"},{"taxonomy":"product_tag","embeddable":true,"href":"https:\/\/radiaatorikeskus.ee\/fi\/wp-json\/wp\/v2\/product_tag?post=3606"}],"curies":[{"name":"wp","href":"https:\/\/api.w.org\/{rel}","templated":true}]}}