{"id":3617,"date":"2023-10-19T14:34:05","date_gmt":"2023-10-19T11:34:05","guid":{"rendered":"https:\/\/radiaatorikeskus.ee\/toode\/credo-half-littea\/"},"modified":"2024-08-12T15:43:17","modified_gmt":"2024-08-12T12:43:17","slug":"credo-half-littea","status":"publish","type":"product","link":"https:\/\/radiaatorikeskus.ee\/fi\/tuote\/credo-half-littea\/","title":{"rendered":"Credo Half \u2013 litte\u00e4"},"content":{"rendered":"","protected":false},"excerpt":{"rendered":"<p>Ep\u00e4symmetrinen muotoilu, joka voidaan toimittaa oikealta tai vasemmalta avoimena.<br \/>\nRyhm\u00e4n\u00e4 sijoitetut litte\u00e4t l\u00e4mmitysputket.<br \/>\nHelppo ripustaa pyyhkeet ja ty\u00f6nt\u00e4\u00e4 ne sis\u00e4\u00e4n sivulta.<br \/>\nLis\u00e4varusteena aidosta puusta valmistettu hylly.<br \/>\nT\u00e4ydent\u00e4v\u00e4 s\u00e4hk\u00f6inen tila mahdollinen.<\/p>\n","protected":false},"featured_media":3618,"template":"","meta":{"_acf_changed":false},"product_brand":[],"product_cat":[115],"product_tag":[130],"class_list":{"0":"post-3617","1":"product","2":"type-product","3":"status-publish","4":"has-post-thumbnail","6":"product_cat-pyyhekuivaimet","7":"product_tag-kermi-fi","9":"first","10":"instock","11":"taxable","12":"shipping-taxable","13":"product-type-simple"},"acf":[],"yoast_head":"<!-- This site is optimized with the Yoast SEO plugin v26.2 - https:\/\/yoast.com\/wordpress\/plugins\/seo\/ -->\n<title>Credo Half \u2013 litte\u00e4 - Radiaatorikeskus<\/title>\n<meta name=\"robots\" content=\"index, follow, max-snippet:-1, max-image-preview:large, max-video-preview:-1\" \/>\n<link rel=\"canonical\" href=\"https:\/\/radiaatorikeskus.ee\/fi\/tuote\/credo-half-littea\/\" \/>\n<meta property=\"og:locale\" content=\"fi_FI\" \/>\n<meta property=\"og:type\" content=\"article\" \/>\n<meta property=\"og:title\" content=\"Credo Half \u2013 litte\u00e4 - Radiaatorikeskus\" \/>\n<meta property=\"og:description\" content=\"Ep\u00e4symmetrinen muotoilu, joka voidaan toimittaa oikealta tai vasemmalta avoimena. Ryhm\u00e4n\u00e4 sijoitetut litte\u00e4t l\u00e4mmitysputket. Helppo ripustaa pyyhkeet ja ty\u00f6nt\u00e4\u00e4 ne sis\u00e4\u00e4n sivulta. Lis\u00e4varusteena aidosta puusta valmistettu hylly. T\u00e4ydent\u00e4v\u00e4 s\u00e4hk\u00f6inen tila mahdollinen.\" \/>\n<meta property=\"og:url\" content=\"https:\/\/radiaatorikeskus.ee\/fi\/tuote\/credo-half-littea\/\" \/>\n<meta property=\"og:site_name\" content=\"Radiaatorikeskus\" \/>\n<meta property=\"article:modified_time\" content=\"2024-08-12T12:43:17+00:00\" \/>\n<meta property=\"og:image\" content=\"https:\/\/radiaatorikeskus.ee\/wp-content\/uploads\/2023\/10\/Kremi-Credo-Half-flat-2.webp\" \/>\n\t<meta property=\"og:image:width\" content=\"1060\" \/>\n\t<meta property=\"og:image:height\" content=\"1414\" \/>\n\t<meta property=\"og:image:type\" content=\"image\/webp\" \/>\n<meta name=\"twitter:card\" content=\"summary_large_image\" \/>\n<meta name=\"twitter:label1\" content=\"Arvioitu lukuaika\" \/>\n\t<meta name=\"twitter:data1\" content=\"1 minuutti\" \/>\n<script type=\"application\/ld+json\" class=\"yoast-schema-graph\">{\"@context\":\"https:\/\/schema.org\",\"@graph\":[{\"@type\":\"WebPage\",\"@id\":\"https:\/\/radiaatorikeskus.ee\/fi\/tuote\/credo-half-littea\/\",\"url\":\"https:\/\/radiaatorikeskus.ee\/fi\/tuote\/credo-half-littea\/\",\"name\":\"Credo Half \u2013 litte\u00e4 - Radiaatorikeskus\",\"isPartOf\":{\"@id\":\"https:\/\/radiaatorikeskus.ee\/fi\/#website\"},\"primaryImageOfPage\":{\"@id\":\"https:\/\/radiaatorikeskus.ee\/fi\/tuote\/credo-half-littea\/#primaryimage\"},\"image\":{\"@id\":\"https:\/\/radiaatorikeskus.ee\/fi\/tuote\/credo-half-littea\/#primaryimage\"},\"thumbnailUrl\":\"https:\/\/radiaatorikeskus.ee\/wp-content\/uploads\/2023\/10\/Kremi-Credo-Half-flat-2.webp\",\"datePublished\":\"2023-10-19T11:34:05+00:00\",\"dateModified\":\"2024-08-12T12:43:17+00:00\",\"breadcrumb\":{\"@id\":\"https:\/\/radiaatorikeskus.ee\/fi\/tuote\/credo-half-littea\/#breadcrumb\"},\"inLanguage\":\"fi\",\"potentialAction\":[{\"@type\":\"ReadAction\",\"target\":[\"https:\/\/radiaatorikeskus.ee\/fi\/tuote\/credo-half-littea\/\"]}]},{\"@type\":\"ImageObject\",\"inLanguage\":\"fi\",\"@id\":\"https:\/\/radiaatorikeskus.ee\/fi\/tuote\/credo-half-littea\/#primaryimage\",\"url\":\"https:\/\/radiaatorikeskus.ee\/wp-content\/uploads\/2023\/10\/Kremi-Credo-Half-flat-2.webp\",\"contentUrl\":\"https:\/\/radiaatorikeskus.ee\/wp-content\/uploads\/2023\/10\/Kremi-Credo-Half-flat-2.webp\",\"width\":1060,\"height\":1414},{\"@type\":\"BreadcrumbList\",\"@id\":\"https:\/\/radiaatorikeskus.ee\/fi\/tuote\/credo-half-littea\/#breadcrumb\",\"itemListElement\":[{\"@type\":\"ListItem\",\"position\":1,\"name\":\"Kotisivu\",\"item\":\"https:\/\/radiaatorikeskus.ee\/fi\/\"},{\"@type\":\"ListItem\",\"position\":2,\"name\":\"Tuotteet\",\"item\":\"https:\/\/radiaatorikeskus.ee\/fi\/tuotteet\/\"},{\"@type\":\"ListItem\",\"position\":3,\"name\":\"Credo Half \u2013 litte\u00e4\"}]},{\"@type\":\"WebSite\",\"@id\":\"https:\/\/radiaatorikeskus.ee\/fi\/#website\",\"url\":\"https:\/\/radiaatorikeskus.ee\/fi\/\",\"name\":\"Radiaatorikeskus\",\"description\":\"Parim radiaatorite valik Eestis\",\"potentialAction\":[{\"@type\":\"SearchAction\",\"target\":{\"@type\":\"EntryPoint\",\"urlTemplate\":\"https:\/\/radiaatorikeskus.ee\/fi\/?s={search_term_string}\"},\"query-input\":{\"@type\":\"PropertyValueSpecification\",\"valueRequired\":true,\"valueName\":\"search_term_string\"}}],\"inLanguage\":\"fi\"}]}<\/script>\n<!-- \/ Yoast SEO plugin. -->","yoast_head_json":{"title":"Credo Half \u2013 litte\u00e4 - Radiaatorikeskus","robots":{"index":"index","follow":"follow","max-snippet":"max-snippet:-1","max-image-preview":"max-image-preview:large","max-video-preview":"max-video-preview:-1"},"canonical":"https:\/\/radiaatorikeskus.ee\/fi\/tuote\/credo-half-littea\/","og_locale":"fi_FI","og_type":"article","og_title":"Credo Half \u2013 litte\u00e4 - Radiaatorikeskus","og_description":"Ep\u00e4symmetrinen muotoilu, joka voidaan toimittaa oikealta tai vasemmalta avoimena. Ryhm\u00e4n\u00e4 sijoitetut litte\u00e4t l\u00e4mmitysputket. Helppo ripustaa pyyhkeet ja ty\u00f6nt\u00e4\u00e4 ne sis\u00e4\u00e4n sivulta. Lis\u00e4varusteena aidosta puusta valmistettu hylly. T\u00e4ydent\u00e4v\u00e4 s\u00e4hk\u00f6inen tila mahdollinen.","og_url":"https:\/\/radiaatorikeskus.ee\/fi\/tuote\/credo-half-littea\/","og_site_name":"Radiaatorikeskus","article_modified_time":"2024-08-12T12:43:17+00:00","og_image":[{"width":1060,"height":1414,"url":"https:\/\/radiaatorikeskus.ee\/wp-content\/uploads\/2023\/10\/Kremi-Credo-Half-flat-2.webp","type":"image\/webp"}],"twitter_card":"summary_large_image","twitter_misc":{"Arvioitu lukuaika":"1 minuutti"},"schema":{"@context":"https:\/\/schema.org","@graph":[{"@type":"WebPage","@id":"https:\/\/radiaatorikeskus.ee\/fi\/tuote\/credo-half-littea\/","url":"https:\/\/radiaatorikeskus.ee\/fi\/tuote\/credo-half-littea\/","name":"Credo Half \u2013 litte\u00e4 - Radiaatorikeskus","isPartOf":{"@id":"https:\/\/radiaatorikeskus.ee\/fi\/#website"},"primaryImageOfPage":{"@id":"https:\/\/radiaatorikeskus.ee\/fi\/tuote\/credo-half-littea\/#primaryimage"},"image":{"@id":"https:\/\/radiaatorikeskus.ee\/fi\/tuote\/credo-half-littea\/#primaryimage"},"thumbnailUrl":"https:\/\/radiaatorikeskus.ee\/wp-content\/uploads\/2023\/10\/Kremi-Credo-Half-flat-2.webp","datePublished":"2023-10-19T11:34:05+00:00","dateModified":"2024-08-12T12:43:17+00:00","breadcrumb":{"@id":"https:\/\/radiaatorikeskus.ee\/fi\/tuote\/credo-half-littea\/#breadcrumb"},"inLanguage":"fi","potentialAction":[{"@type":"ReadAction","target":["https:\/\/radiaatorikeskus.ee\/fi\/tuote\/credo-half-littea\/"]}]},{"@type":"ImageObject","inLanguage":"fi","@id":"https:\/\/radiaatorikeskus.ee\/fi\/tuote\/credo-half-littea\/#primaryimage","url":"https:\/\/radiaatorikeskus.ee\/wp-content\/uploads\/2023\/10\/Kremi-Credo-Half-flat-2.webp","contentUrl":"https:\/\/radiaatorikeskus.ee\/wp-content\/uploads\/2023\/10\/Kremi-Credo-Half-flat-2.webp","width":1060,"height":1414},{"@type":"BreadcrumbList","@id":"https:\/\/radiaatorikeskus.ee\/fi\/tuote\/credo-half-littea\/#breadcrumb","itemListElement":[{"@type":"ListItem","position":1,"name":"Kotisivu","item":"https:\/\/radiaatorikeskus.ee\/fi\/"},{"@type":"ListItem","position":2,"name":"Tuotteet","item":"https:\/\/radiaatorikeskus.ee\/fi\/tuotteet\/"},{"@type":"ListItem","position":3,"name":"Credo Half \u2013 litte\u00e4"}]},{"@type":"WebSite","@id":"https:\/\/radiaatorikeskus.ee\/fi\/#website","url":"https:\/\/radiaatorikeskus.ee\/fi\/","name":"Radiaatorikeskus","description":"Parim radiaatorite valik Eestis","potentialAction":[{"@type":"SearchAction","target":{"@type":"EntryPoint","urlTemplate":"https:\/\/radiaatorikeskus.ee\/fi\/?s={search_term_string}"},"query-input":{"@type":"PropertyValueSpecification","valueRequired":true,"valueName":"search_term_string"}}],"inLanguage":"fi"}]}},"_links":{"self":[{"href":"https:\/\/radiaatorikeskus.ee\/fi\/wp-json\/wp\/v2\/product\/3617","targetHints":{"allow":["GET"]}}],"collection":[{"href":"https:\/\/radiaatorikeskus.ee\/fi\/wp-json\/wp\/v2\/product"}],"about":[{"href":"https:\/\/radiaatorikeskus.ee\/fi\/wp-json\/wp\/v2\/types\/product"}],"wp:featuredmedia":[{"embeddable":true,"href":"https:\/\/radiaatorikeskus.ee\/fi\/wp-json\/wp\/v2\/media\/3618"}],"wp:attachment":[{"href":"https:\/\/radiaatorikeskus.ee\/fi\/wp-json\/wp\/v2\/media?parent=3617"}],"wp:term":[{"taxonomy":"product_brand","embeddable":true,"href":"https:\/\/radiaatorikeskus.ee\/fi\/wp-json\/wp\/v2\/product_brand?post=3617"},{"taxonomy":"product_cat","embeddable":true,"href":"https:\/\/radiaatorikeskus.ee\/fi\/wp-json\/wp\/v2\/product_cat?post=3617"},{"taxonomy":"product_tag","embeddable":true,"href":"https:\/\/radiaatorikeskus.ee\/fi\/wp-json\/wp\/v2\/product_tag?post=3617"}],"curies":[{"name":"wp","href":"https:\/\/api.w.org\/{rel}","templated":true}]}}