{"id":3759,"date":"2023-10-16T14:10:11","date_gmt":"2023-10-16T11:10:11","guid":{"rendered":"https:\/\/radiaatorikeskus.ee\/toode\/exact\/"},"modified":"2024-08-12T14:25:20","modified_gmt":"2024-08-12T11:25:20","slug":"exact","status":"publish","type":"product","link":"https:\/\/radiaatorikeskus.ee\/fi\/tuote\/exact\/","title":{"rendered":"Exact"},"content":{"rendered":"","protected":false},"excerpt":{"rendered":"<p>S\u00e4teilev\u00e4t konvektorit soveltuvat hyvin k\u00e4ytett\u00e4v\u00e4ksi kotitalouksissa, k\u00e4yt\u00e4viss\u00e4, p\u00f6lytt\u00f6miss\u00e4 tiloissa sek\u00e4 julkisissa rakennuksissa. Ne on helppo integroida kaikentyyppisiin l\u00e4mmitysj\u00e4rjestelmiin. Konvektorien toimintaperiaate perustuu k\u00e4sitellyn veden pakkokiertoon. Kompaktit konvektorit, joilla on moderni ulkon\u00e4k\u00f6 ja korkea l\u00e4mm\u00f6ntuotto, l\u00e4mmitt\u00e4v\u00e4t t\u00e4ydellisesti huoneita, joissa on suuret ikkunat, kuten salit, viherhuoneet, kuistit ja muut vastaavat paikat, joissa tavallisella radiaattorilla voi olla raskas vaikutus.<\/p>\n","protected":false},"featured_media":3760,"template":"","meta":{"_acf_changed":false},"product_brand":[],"product_cat":[111],"product_tag":[129],"class_list":{"0":"post-3759","1":"product","2":"type-product","3":"status-publish","4":"has-post-thumbnail","6":"product_cat-konvektorit","7":"product_tag-isan-fi","9":"first","10":"instock","11":"taxable","12":"shipping-taxable","13":"product-type-simple"},"acf":[],"yoast_head":"<!-- This site is optimized with the Yoast SEO plugin v26.2 - https:\/\/yoast.com\/wordpress\/plugins\/seo\/ -->\n<title>Exact - Radiaatorikeskus<\/title>\n<meta name=\"robots\" content=\"index, follow, max-snippet:-1, max-image-preview:large, max-video-preview:-1\" \/>\n<link rel=\"canonical\" href=\"https:\/\/radiaatorikeskus.ee\/fi\/tuote\/exact\/\" \/>\n<meta property=\"og:locale\" content=\"fi_FI\" \/>\n<meta property=\"og:type\" content=\"article\" \/>\n<meta property=\"og:title\" content=\"Exact - Radiaatorikeskus\" \/>\n<meta property=\"og:description\" content=\"S\u00e4teilev\u00e4t konvektorit soveltuvat hyvin k\u00e4ytett\u00e4v\u00e4ksi kotitalouksissa, k\u00e4yt\u00e4viss\u00e4, p\u00f6lytt\u00f6miss\u00e4 tiloissa sek\u00e4 julkisissa rakennuksissa. Ne on helppo integroida kaikentyyppisiin l\u00e4mmitysj\u00e4rjestelmiin. Konvektorien toimintaperiaate perustuu k\u00e4sitellyn veden pakkokiertoon. Kompaktit konvektorit, joilla on moderni ulkon\u00e4k\u00f6 ja korkea l\u00e4mm\u00f6ntuotto, l\u00e4mmitt\u00e4v\u00e4t t\u00e4ydellisesti huoneita, joissa on suuret ikkunat, kuten salit, viherhuoneet, kuistit ja muut vastaavat paikat, joissa tavallisella radiaattorilla voi olla raskas vaikutus.\" \/>\n<meta property=\"og:url\" content=\"https:\/\/radiaatorikeskus.ee\/fi\/tuote\/exact\/\" \/>\n<meta property=\"og:site_name\" content=\"Radiaatorikeskus\" \/>\n<meta property=\"article:modified_time\" content=\"2024-08-12T11:25:20+00:00\" \/>\n<meta property=\"og:image\" content=\"https:\/\/radiaatorikeskus.ee\/wp-content\/uploads\/2023\/10\/Exact-K32_210_S02-1000.jpg\" \/>\n\t<meta property=\"og:image:width\" content=\"2560\" \/>\n\t<meta property=\"og:image:height\" content=\"1440\" \/>\n\t<meta property=\"og:image:type\" content=\"image\/jpeg\" \/>\n<meta name=\"twitter:card\" content=\"summary_large_image\" \/>\n<meta name=\"twitter:label1\" content=\"Arvioitu lukuaika\" \/>\n\t<meta name=\"twitter:data1\" content=\"1 minuutti\" \/>\n<script type=\"application\/ld+json\" class=\"yoast-schema-graph\">{\"@context\":\"https:\/\/schema.org\",\"@graph\":[{\"@type\":\"WebPage\",\"@id\":\"https:\/\/radiaatorikeskus.ee\/fi\/tuote\/exact\/\",\"url\":\"https:\/\/radiaatorikeskus.ee\/fi\/tuote\/exact\/\",\"name\":\"Exact - Radiaatorikeskus\",\"isPartOf\":{\"@id\":\"https:\/\/radiaatorikeskus.ee\/fi\/#website\"},\"primaryImageOfPage\":{\"@id\":\"https:\/\/radiaatorikeskus.ee\/fi\/tuote\/exact\/#primaryimage\"},\"image\":{\"@id\":\"https:\/\/radiaatorikeskus.ee\/fi\/tuote\/exact\/#primaryimage\"},\"thumbnailUrl\":\"https:\/\/radiaatorikeskus.ee\/wp-content\/uploads\/2023\/10\/Exact-K32_210_S02-1000.jpg\",\"datePublished\":\"2023-10-16T11:10:11+00:00\",\"dateModified\":\"2024-08-12T11:25:20+00:00\",\"breadcrumb\":{\"@id\":\"https:\/\/radiaatorikeskus.ee\/fi\/tuote\/exact\/#breadcrumb\"},\"inLanguage\":\"fi\",\"potentialAction\":[{\"@type\":\"ReadAction\",\"target\":[\"https:\/\/radiaatorikeskus.ee\/fi\/tuote\/exact\/\"]}]},{\"@type\":\"ImageObject\",\"inLanguage\":\"fi\",\"@id\":\"https:\/\/radiaatorikeskus.ee\/fi\/tuote\/exact\/#primaryimage\",\"url\":\"https:\/\/radiaatorikeskus.ee\/wp-content\/uploads\/2023\/10\/Exact-K32_210_S02-1000.jpg\",\"contentUrl\":\"https:\/\/radiaatorikeskus.ee\/wp-content\/uploads\/2023\/10\/Exact-K32_210_S02-1000.jpg\",\"width\":2560,\"height\":1440},{\"@type\":\"BreadcrumbList\",\"@id\":\"https:\/\/radiaatorikeskus.ee\/fi\/tuote\/exact\/#breadcrumb\",\"itemListElement\":[{\"@type\":\"ListItem\",\"position\":1,\"name\":\"Kotisivu\",\"item\":\"https:\/\/radiaatorikeskus.ee\/fi\/\"},{\"@type\":\"ListItem\",\"position\":2,\"name\":\"Tuotteet\",\"item\":\"https:\/\/radiaatorikeskus.ee\/fi\/tuotteet\/\"},{\"@type\":\"ListItem\",\"position\":3,\"name\":\"Exact\"}]},{\"@type\":\"WebSite\",\"@id\":\"https:\/\/radiaatorikeskus.ee\/fi\/#website\",\"url\":\"https:\/\/radiaatorikeskus.ee\/fi\/\",\"name\":\"Radiaatorikeskus\",\"description\":\"Parim radiaatorite valik Eestis\",\"potentialAction\":[{\"@type\":\"SearchAction\",\"target\":{\"@type\":\"EntryPoint\",\"urlTemplate\":\"https:\/\/radiaatorikeskus.ee\/fi\/?s={search_term_string}\"},\"query-input\":{\"@type\":\"PropertyValueSpecification\",\"valueRequired\":true,\"valueName\":\"search_term_string\"}}],\"inLanguage\":\"fi\"}]}<\/script>\n<!-- \/ Yoast SEO plugin. -->","yoast_head_json":{"title":"Exact - Radiaatorikeskus","robots":{"index":"index","follow":"follow","max-snippet":"max-snippet:-1","max-image-preview":"max-image-preview:large","max-video-preview":"max-video-preview:-1"},"canonical":"https:\/\/radiaatorikeskus.ee\/fi\/tuote\/exact\/","og_locale":"fi_FI","og_type":"article","og_title":"Exact - Radiaatorikeskus","og_description":"S\u00e4teilev\u00e4t konvektorit soveltuvat hyvin k\u00e4ytett\u00e4v\u00e4ksi kotitalouksissa, k\u00e4yt\u00e4viss\u00e4, p\u00f6lytt\u00f6miss\u00e4 tiloissa sek\u00e4 julkisissa rakennuksissa. Ne on helppo integroida kaikentyyppisiin l\u00e4mmitysj\u00e4rjestelmiin. Konvektorien toimintaperiaate perustuu k\u00e4sitellyn veden pakkokiertoon. Kompaktit konvektorit, joilla on moderni ulkon\u00e4k\u00f6 ja korkea l\u00e4mm\u00f6ntuotto, l\u00e4mmitt\u00e4v\u00e4t t\u00e4ydellisesti huoneita, joissa on suuret ikkunat, kuten salit, viherhuoneet, kuistit ja muut vastaavat paikat, joissa tavallisella radiaattorilla voi olla raskas vaikutus.","og_url":"https:\/\/radiaatorikeskus.ee\/fi\/tuote\/exact\/","og_site_name":"Radiaatorikeskus","article_modified_time":"2024-08-12T11:25:20+00:00","og_image":[{"width":2560,"height":1440,"url":"https:\/\/radiaatorikeskus.ee\/wp-content\/uploads\/2023\/10\/Exact-K32_210_S02-1000.jpg","type":"image\/jpeg"}],"twitter_card":"summary_large_image","twitter_misc":{"Arvioitu lukuaika":"1 minuutti"},"schema":{"@context":"https:\/\/schema.org","@graph":[{"@type":"WebPage","@id":"https:\/\/radiaatorikeskus.ee\/fi\/tuote\/exact\/","url":"https:\/\/radiaatorikeskus.ee\/fi\/tuote\/exact\/","name":"Exact - Radiaatorikeskus","isPartOf":{"@id":"https:\/\/radiaatorikeskus.ee\/fi\/#website"},"primaryImageOfPage":{"@id":"https:\/\/radiaatorikeskus.ee\/fi\/tuote\/exact\/#primaryimage"},"image":{"@id":"https:\/\/radiaatorikeskus.ee\/fi\/tuote\/exact\/#primaryimage"},"thumbnailUrl":"https:\/\/radiaatorikeskus.ee\/wp-content\/uploads\/2023\/10\/Exact-K32_210_S02-1000.jpg","datePublished":"2023-10-16T11:10:11+00:00","dateModified":"2024-08-12T11:25:20+00:00","breadcrumb":{"@id":"https:\/\/radiaatorikeskus.ee\/fi\/tuote\/exact\/#breadcrumb"},"inLanguage":"fi","potentialAction":[{"@type":"ReadAction","target":["https:\/\/radiaatorikeskus.ee\/fi\/tuote\/exact\/"]}]},{"@type":"ImageObject","inLanguage":"fi","@id":"https:\/\/radiaatorikeskus.ee\/fi\/tuote\/exact\/#primaryimage","url":"https:\/\/radiaatorikeskus.ee\/wp-content\/uploads\/2023\/10\/Exact-K32_210_S02-1000.jpg","contentUrl":"https:\/\/radiaatorikeskus.ee\/wp-content\/uploads\/2023\/10\/Exact-K32_210_S02-1000.jpg","width":2560,"height":1440},{"@type":"BreadcrumbList","@id":"https:\/\/radiaatorikeskus.ee\/fi\/tuote\/exact\/#breadcrumb","itemListElement":[{"@type":"ListItem","position":1,"name":"Kotisivu","item":"https:\/\/radiaatorikeskus.ee\/fi\/"},{"@type":"ListItem","position":2,"name":"Tuotteet","item":"https:\/\/radiaatorikeskus.ee\/fi\/tuotteet\/"},{"@type":"ListItem","position":3,"name":"Exact"}]},{"@type":"WebSite","@id":"https:\/\/radiaatorikeskus.ee\/fi\/#website","url":"https:\/\/radiaatorikeskus.ee\/fi\/","name":"Radiaatorikeskus","description":"Parim radiaatorite valik Eestis","potentialAction":[{"@type":"SearchAction","target":{"@type":"EntryPoint","urlTemplate":"https:\/\/radiaatorikeskus.ee\/fi\/?s={search_term_string}"},"query-input":{"@type":"PropertyValueSpecification","valueRequired":true,"valueName":"search_term_string"}}],"inLanguage":"fi"}]}},"_links":{"self":[{"href":"https:\/\/radiaatorikeskus.ee\/fi\/wp-json\/wp\/v2\/product\/3759","targetHints":{"allow":["GET"]}}],"collection":[{"href":"https:\/\/radiaatorikeskus.ee\/fi\/wp-json\/wp\/v2\/product"}],"about":[{"href":"https:\/\/radiaatorikeskus.ee\/fi\/wp-json\/wp\/v2\/types\/product"}],"wp:featuredmedia":[{"embeddable":true,"href":"https:\/\/radiaatorikeskus.ee\/fi\/wp-json\/wp\/v2\/media\/3760"}],"wp:attachment":[{"href":"https:\/\/radiaatorikeskus.ee\/fi\/wp-json\/wp\/v2\/media?parent=3759"}],"wp:term":[{"taxonomy":"product_brand","embeddable":true,"href":"https:\/\/radiaatorikeskus.ee\/fi\/wp-json\/wp\/v2\/product_brand?post=3759"},{"taxonomy":"product_cat","embeddable":true,"href":"https:\/\/radiaatorikeskus.ee\/fi\/wp-json\/wp\/v2\/product_cat?post=3759"},{"taxonomy":"product_tag","embeddable":true,"href":"https:\/\/radiaatorikeskus.ee\/fi\/wp-json\/wp\/v2\/product_tag?post=3759"}],"curies":[{"name":"wp","href":"https:\/\/api.w.org\/{rel}","templated":true}]}}