{"id":3789,"date":"2023-10-16T13:07:50","date_gmt":"2023-10-16T10:07:50","guid":{"rendered":"https:\/\/radiaatorikeskus.ee\/toode\/yucca-asym\/"},"modified":"2023-10-16T13:07:50","modified_gmt":"2023-10-16T10:07:50","slug":"yucca-asym","status":"publish","type":"product","link":"https:\/\/radiaatorikeskus.ee\/fi\/tuote\/yucca-asym\/","title":{"rendered":"Yucca Asym"},"content":{"rendered":"","protected":false},"excerpt":{"rendered":"<p>Parasta laatua sek\u00e4 suunnittelun ett\u00e4 k\u00e4yt\u00e4nn\u00f6llisyyden osalta. Pystysuuntaisilla liikutettavilla putkilla varustettu Zehnder Yucca Asym luo rentouttavan ymp\u00e4rist\u00f6n kylpyhuoneeseen. Suuret pyyhkeet voidaan ripustaa k\u00e4tev\u00e4sti toiselta puolelta. Designpatteria voidaan k\u00e4ytt\u00e4\u00e4 my\u00f6s tilanjakajana. Saatavana l\u00e4hes kaikissa Zehnderin v\u00e4rikartan v\u00e4reiss\u00e4 ja viimeistelyill\u00e4.<\/p>\n","protected":false},"featured_media":3790,"template":"","meta":{"_acf_changed":false},"product_brand":[],"product_cat":[115],"product_tag":[],"class_list":{"0":"post-3789","1":"product","2":"type-product","3":"status-publish","4":"has-post-thumbnail","6":"product_cat-pyyhekuivaimet","8":"first","9":"instock","10":"taxable","11":"shipping-taxable","12":"product-type-simple"},"acf":[],"yoast_head":"<!-- This site is optimized with the Yoast SEO plugin v26.2 - https:\/\/yoast.com\/wordpress\/plugins\/seo\/ -->\n<title>Yucca Asym - Radiaatorikeskus<\/title>\n<meta name=\"robots\" content=\"index, follow, max-snippet:-1, max-image-preview:large, max-video-preview:-1\" \/>\n<link rel=\"canonical\" href=\"https:\/\/radiaatorikeskus.ee\/fi\/tuote\/yucca-asym\/\" \/>\n<meta property=\"og:locale\" content=\"fi_FI\" \/>\n<meta property=\"og:type\" content=\"article\" \/>\n<meta property=\"og:title\" content=\"Yucca Asym - Radiaatorikeskus\" \/>\n<meta property=\"og:description\" content=\"Parasta laatua sek\u00e4 suunnittelun ett\u00e4 k\u00e4yt\u00e4nn\u00f6llisyyden osalta. Pystysuuntaisilla liikutettavilla putkilla varustettu Zehnder Yucca Asym luo rentouttavan ymp\u00e4rist\u00f6n kylpyhuoneeseen. Suuret pyyhkeet voidaan ripustaa k\u00e4tev\u00e4sti toiselta puolelta. Designpatteria voidaan k\u00e4ytt\u00e4\u00e4 my\u00f6s tilanjakajana. Saatavana l\u00e4hes kaikissa Zehnderin v\u00e4rikartan v\u00e4reiss\u00e4 ja viimeistelyill\u00e4.\" \/>\n<meta property=\"og:url\" content=\"https:\/\/radiaatorikeskus.ee\/fi\/tuote\/yucca-asym\/\" \/>\n<meta property=\"og:site_name\" content=\"Radiaatorikeskus\" \/>\n<meta property=\"og:image\" content=\"https:\/\/radiaatorikeskus.ee\/wp-content\/uploads\/2023\/10\/Zehnder-Yucca-Asym-1.webp\" \/>\n\t<meta property=\"og:image:width\" content=\"768\" \/>\n\t<meta property=\"og:image:height\" content=\"1024\" \/>\n\t<meta property=\"og:image:type\" content=\"image\/webp\" \/>\n<meta name=\"twitter:card\" content=\"summary_large_image\" \/>\n<script type=\"application\/ld+json\" class=\"yoast-schema-graph\">{\"@context\":\"https:\/\/schema.org\",\"@graph\":[{\"@type\":\"WebPage\",\"@id\":\"https:\/\/radiaatorikeskus.ee\/fi\/tuote\/yucca-asym\/\",\"url\":\"https:\/\/radiaatorikeskus.ee\/fi\/tuote\/yucca-asym\/\",\"name\":\"Yucca Asym - Radiaatorikeskus\",\"isPartOf\":{\"@id\":\"https:\/\/radiaatorikeskus.ee\/fi\/#website\"},\"primaryImageOfPage\":{\"@id\":\"https:\/\/radiaatorikeskus.ee\/fi\/tuote\/yucca-asym\/#primaryimage\"},\"image\":{\"@id\":\"https:\/\/radiaatorikeskus.ee\/fi\/tuote\/yucca-asym\/#primaryimage\"},\"thumbnailUrl\":\"https:\/\/radiaatorikeskus.ee\/wp-content\/uploads\/2023\/10\/Zehnder-Yucca-Asym-1.webp\",\"datePublished\":\"2023-10-16T10:07:50+00:00\",\"breadcrumb\":{\"@id\":\"https:\/\/radiaatorikeskus.ee\/fi\/tuote\/yucca-asym\/#breadcrumb\"},\"inLanguage\":\"fi\",\"potentialAction\":[{\"@type\":\"ReadAction\",\"target\":[\"https:\/\/radiaatorikeskus.ee\/fi\/tuote\/yucca-asym\/\"]}]},{\"@type\":\"ImageObject\",\"inLanguage\":\"fi\",\"@id\":\"https:\/\/radiaatorikeskus.ee\/fi\/tuote\/yucca-asym\/#primaryimage\",\"url\":\"https:\/\/radiaatorikeskus.ee\/wp-content\/uploads\/2023\/10\/Zehnder-Yucca-Asym-1.webp\",\"contentUrl\":\"https:\/\/radiaatorikeskus.ee\/wp-content\/uploads\/2023\/10\/Zehnder-Yucca-Asym-1.webp\",\"width\":768,\"height\":1024},{\"@type\":\"BreadcrumbList\",\"@id\":\"https:\/\/radiaatorikeskus.ee\/fi\/tuote\/yucca-asym\/#breadcrumb\",\"itemListElement\":[{\"@type\":\"ListItem\",\"position\":1,\"name\":\"Kotisivu\",\"item\":\"https:\/\/radiaatorikeskus.ee\/fi\/\"},{\"@type\":\"ListItem\",\"position\":2,\"name\":\"Tuotteet\",\"item\":\"https:\/\/radiaatorikeskus.ee\/fi\/tuotteet\/\"},{\"@type\":\"ListItem\",\"position\":3,\"name\":\"Yucca Asym\"}]},{\"@type\":\"WebSite\",\"@id\":\"https:\/\/radiaatorikeskus.ee\/fi\/#website\",\"url\":\"https:\/\/radiaatorikeskus.ee\/fi\/\",\"name\":\"Radiaatorikeskus\",\"description\":\"Parim radiaatorite valik Eestis\",\"potentialAction\":[{\"@type\":\"SearchAction\",\"target\":{\"@type\":\"EntryPoint\",\"urlTemplate\":\"https:\/\/radiaatorikeskus.ee\/fi\/?s={search_term_string}\"},\"query-input\":{\"@type\":\"PropertyValueSpecification\",\"valueRequired\":true,\"valueName\":\"search_term_string\"}}],\"inLanguage\":\"fi\"}]}<\/script>\n<!-- \/ Yoast SEO plugin. -->","yoast_head_json":{"title":"Yucca Asym - Radiaatorikeskus","robots":{"index":"index","follow":"follow","max-snippet":"max-snippet:-1","max-image-preview":"max-image-preview:large","max-video-preview":"max-video-preview:-1"},"canonical":"https:\/\/radiaatorikeskus.ee\/fi\/tuote\/yucca-asym\/","og_locale":"fi_FI","og_type":"article","og_title":"Yucca Asym - Radiaatorikeskus","og_description":"Parasta laatua sek\u00e4 suunnittelun ett\u00e4 k\u00e4yt\u00e4nn\u00f6llisyyden osalta. Pystysuuntaisilla liikutettavilla putkilla varustettu Zehnder Yucca Asym luo rentouttavan ymp\u00e4rist\u00f6n kylpyhuoneeseen. Suuret pyyhkeet voidaan ripustaa k\u00e4tev\u00e4sti toiselta puolelta. Designpatteria voidaan k\u00e4ytt\u00e4\u00e4 my\u00f6s tilanjakajana. Saatavana l\u00e4hes kaikissa Zehnderin v\u00e4rikartan v\u00e4reiss\u00e4 ja viimeistelyill\u00e4.","og_url":"https:\/\/radiaatorikeskus.ee\/fi\/tuote\/yucca-asym\/","og_site_name":"Radiaatorikeskus","og_image":[{"width":768,"height":1024,"url":"https:\/\/radiaatorikeskus.ee\/wp-content\/uploads\/2023\/10\/Zehnder-Yucca-Asym-1.webp","type":"image\/webp"}],"twitter_card":"summary_large_image","schema":{"@context":"https:\/\/schema.org","@graph":[{"@type":"WebPage","@id":"https:\/\/radiaatorikeskus.ee\/fi\/tuote\/yucca-asym\/","url":"https:\/\/radiaatorikeskus.ee\/fi\/tuote\/yucca-asym\/","name":"Yucca Asym - Radiaatorikeskus","isPartOf":{"@id":"https:\/\/radiaatorikeskus.ee\/fi\/#website"},"primaryImageOfPage":{"@id":"https:\/\/radiaatorikeskus.ee\/fi\/tuote\/yucca-asym\/#primaryimage"},"image":{"@id":"https:\/\/radiaatorikeskus.ee\/fi\/tuote\/yucca-asym\/#primaryimage"},"thumbnailUrl":"https:\/\/radiaatorikeskus.ee\/wp-content\/uploads\/2023\/10\/Zehnder-Yucca-Asym-1.webp","datePublished":"2023-10-16T10:07:50+00:00","breadcrumb":{"@id":"https:\/\/radiaatorikeskus.ee\/fi\/tuote\/yucca-asym\/#breadcrumb"},"inLanguage":"fi","potentialAction":[{"@type":"ReadAction","target":["https:\/\/radiaatorikeskus.ee\/fi\/tuote\/yucca-asym\/"]}]},{"@type":"ImageObject","inLanguage":"fi","@id":"https:\/\/radiaatorikeskus.ee\/fi\/tuote\/yucca-asym\/#primaryimage","url":"https:\/\/radiaatorikeskus.ee\/wp-content\/uploads\/2023\/10\/Zehnder-Yucca-Asym-1.webp","contentUrl":"https:\/\/radiaatorikeskus.ee\/wp-content\/uploads\/2023\/10\/Zehnder-Yucca-Asym-1.webp","width":768,"height":1024},{"@type":"BreadcrumbList","@id":"https:\/\/radiaatorikeskus.ee\/fi\/tuote\/yucca-asym\/#breadcrumb","itemListElement":[{"@type":"ListItem","position":1,"name":"Kotisivu","item":"https:\/\/radiaatorikeskus.ee\/fi\/"},{"@type":"ListItem","position":2,"name":"Tuotteet","item":"https:\/\/radiaatorikeskus.ee\/fi\/tuotteet\/"},{"@type":"ListItem","position":3,"name":"Yucca Asym"}]},{"@type":"WebSite","@id":"https:\/\/radiaatorikeskus.ee\/fi\/#website","url":"https:\/\/radiaatorikeskus.ee\/fi\/","name":"Radiaatorikeskus","description":"Parim radiaatorite valik Eestis","potentialAction":[{"@type":"SearchAction","target":{"@type":"EntryPoint","urlTemplate":"https:\/\/radiaatorikeskus.ee\/fi\/?s={search_term_string}"},"query-input":{"@type":"PropertyValueSpecification","valueRequired":true,"valueName":"search_term_string"}}],"inLanguage":"fi"}]}},"_links":{"self":[{"href":"https:\/\/radiaatorikeskus.ee\/fi\/wp-json\/wp\/v2\/product\/3789","targetHints":{"allow":["GET"]}}],"collection":[{"href":"https:\/\/radiaatorikeskus.ee\/fi\/wp-json\/wp\/v2\/product"}],"about":[{"href":"https:\/\/radiaatorikeskus.ee\/fi\/wp-json\/wp\/v2\/types\/product"}],"wp:featuredmedia":[{"embeddable":true,"href":"https:\/\/radiaatorikeskus.ee\/fi\/wp-json\/wp\/v2\/media\/3790"}],"wp:attachment":[{"href":"https:\/\/radiaatorikeskus.ee\/fi\/wp-json\/wp\/v2\/media?parent=3789"}],"wp:term":[{"taxonomy":"product_brand","embeddable":true,"href":"https:\/\/radiaatorikeskus.ee\/fi\/wp-json\/wp\/v2\/product_brand?post=3789"},{"taxonomy":"product_cat","embeddable":true,"href":"https:\/\/radiaatorikeskus.ee\/fi\/wp-json\/wp\/v2\/product_cat?post=3789"},{"taxonomy":"product_tag","embeddable":true,"href":"https:\/\/radiaatorikeskus.ee\/fi\/wp-json\/wp\/v2\/product_tag?post=3789"}],"curies":[{"name":"wp","href":"https:\/\/api.w.org\/{rel}","templated":true}]}}