{"id":3834,"date":"2023-10-13T15:06:20","date_gmt":"2023-10-13T12:06:20","guid":{"rendered":"https:\/\/radiaatorikeskus.ee\/toode\/calypso\/"},"modified":"2024-08-12T15:41:18","modified_gmt":"2024-08-12T12:41:18","slug":"calypso","status":"publish","type":"product","link":"https:\/\/radiaatorikeskus.ee\/fi\/tuote\/calypso\/","title":{"rendered":"Calypso"},"content":{"rendered":"","protected":false},"excerpt":{"rendered":"<p>Hieno, tyylik\u00e4s ja hienostunut sisustuselementti. Juuri n\u00e4in voisi kuvailla uutta radiaattoriamme, joka lumoaa sinut tyylikk\u00e4\u00e4ll\u00e4 ja symmetrisell\u00e4 profiiliasettelulla. T\u00e4ydellinen lis\u00e4 kylpyhuoneeseesi tekee siit\u00e4 viihtyis\u00e4n tilan, jossa voit rentoutua raskaan p\u00e4iv\u00e4n j\u00e4lkeen.<\/p>\n<p>K\u00e4tev\u00e4 muotoilu tekstiilien l\u00e4mmitt\u00e4miseen.<\/p>\n","protected":false},"featured_media":3835,"template":"","meta":{"_acf_changed":false},"product_brand":[],"product_cat":[115],"product_tag":[129],"class_list":{"0":"post-3834","1":"product","2":"type-product","3":"status-publish","4":"has-post-thumbnail","6":"product_cat-pyyhekuivaimet","7":"product_tag-isan-fi","9":"first","10":"instock","11":"taxable","12":"shipping-taxable","13":"product-type-simple"},"acf":[],"yoast_head":"<!-- This site is optimized with the Yoast SEO plugin v26.2 - https:\/\/yoast.com\/wordpress\/plugins\/seo\/ -->\n<title>Calypso - Radiaatorikeskus<\/title>\n<meta name=\"robots\" content=\"index, follow, max-snippet:-1, max-image-preview:large, max-video-preview:-1\" \/>\n<link rel=\"canonical\" href=\"https:\/\/radiaatorikeskus.ee\/fi\/tuote\/calypso\/\" \/>\n<meta property=\"og:locale\" content=\"fi_FI\" \/>\n<meta property=\"og:type\" content=\"article\" \/>\n<meta property=\"og:title\" content=\"Calypso - Radiaatorikeskus\" \/>\n<meta property=\"og:description\" content=\"Hieno, tyylik\u00e4s ja hienostunut sisustuselementti. Juuri n\u00e4in voisi kuvailla uutta radiaattoriamme, joka lumoaa sinut tyylikk\u00e4\u00e4ll\u00e4 ja symmetrisell\u00e4 profiiliasettelulla. T\u00e4ydellinen lis\u00e4 kylpyhuoneeseesi tekee siit\u00e4 viihtyis\u00e4n tilan, jossa voit rentoutua raskaan p\u00e4iv\u00e4n j\u00e4lkeen.  K\u00e4tev\u00e4 muotoilu tekstiilien l\u00e4mmitt\u00e4miseen.\" \/>\n<meta property=\"og:url\" content=\"https:\/\/radiaatorikeskus.ee\/fi\/tuote\/calypso\/\" \/>\n<meta property=\"og:site_name\" content=\"Radiaatorikeskus\" \/>\n<meta property=\"article:modified_time\" content=\"2024-08-12T12:41:18+00:00\" \/>\n<meta property=\"og:image\" content=\"https:\/\/radiaatorikeskus.ee\/wp-content\/uploads\/2023\/10\/Isan-Calypso-1.jpeg\" \/>\n\t<meta property=\"og:image:width\" content=\"2304\" \/>\n\t<meta property=\"og:image:height\" content=\"1296\" \/>\n\t<meta property=\"og:image:type\" content=\"image\/jpeg\" \/>\n<meta name=\"twitter:card\" content=\"summary_large_image\" \/>\n<meta name=\"twitter:label1\" content=\"Arvioitu lukuaika\" \/>\n\t<meta name=\"twitter:data1\" content=\"1 minuutti\" \/>\n<script type=\"application\/ld+json\" class=\"yoast-schema-graph\">{\"@context\":\"https:\/\/schema.org\",\"@graph\":[{\"@type\":\"WebPage\",\"@id\":\"https:\/\/radiaatorikeskus.ee\/fi\/tuote\/calypso\/\",\"url\":\"https:\/\/radiaatorikeskus.ee\/fi\/tuote\/calypso\/\",\"name\":\"Calypso - Radiaatorikeskus\",\"isPartOf\":{\"@id\":\"https:\/\/radiaatorikeskus.ee\/fi\/#website\"},\"primaryImageOfPage\":{\"@id\":\"https:\/\/radiaatorikeskus.ee\/fi\/tuote\/calypso\/#primaryimage\"},\"image\":{\"@id\":\"https:\/\/radiaatorikeskus.ee\/fi\/tuote\/calypso\/#primaryimage\"},\"thumbnailUrl\":\"https:\/\/radiaatorikeskus.ee\/wp-content\/uploads\/2023\/10\/Isan-Calypso-1.jpeg\",\"datePublished\":\"2023-10-13T12:06:20+00:00\",\"dateModified\":\"2024-08-12T12:41:18+00:00\",\"breadcrumb\":{\"@id\":\"https:\/\/radiaatorikeskus.ee\/fi\/tuote\/calypso\/#breadcrumb\"},\"inLanguage\":\"fi\",\"potentialAction\":[{\"@type\":\"ReadAction\",\"target\":[\"https:\/\/radiaatorikeskus.ee\/fi\/tuote\/calypso\/\"]}]},{\"@type\":\"ImageObject\",\"inLanguage\":\"fi\",\"@id\":\"https:\/\/radiaatorikeskus.ee\/fi\/tuote\/calypso\/#primaryimage\",\"url\":\"https:\/\/radiaatorikeskus.ee\/wp-content\/uploads\/2023\/10\/Isan-Calypso-1.jpeg\",\"contentUrl\":\"https:\/\/radiaatorikeskus.ee\/wp-content\/uploads\/2023\/10\/Isan-Calypso-1.jpeg\",\"width\":2304,\"height\":1296},{\"@type\":\"BreadcrumbList\",\"@id\":\"https:\/\/radiaatorikeskus.ee\/fi\/tuote\/calypso\/#breadcrumb\",\"itemListElement\":[{\"@type\":\"ListItem\",\"position\":1,\"name\":\"Kotisivu\",\"item\":\"https:\/\/radiaatorikeskus.ee\/fi\/\"},{\"@type\":\"ListItem\",\"position\":2,\"name\":\"Tuotteet\",\"item\":\"https:\/\/radiaatorikeskus.ee\/fi\/tuotteet\/\"},{\"@type\":\"ListItem\",\"position\":3,\"name\":\"Calypso\"}]},{\"@type\":\"WebSite\",\"@id\":\"https:\/\/radiaatorikeskus.ee\/fi\/#website\",\"url\":\"https:\/\/radiaatorikeskus.ee\/fi\/\",\"name\":\"Radiaatorikeskus\",\"description\":\"Parim radiaatorite valik Eestis\",\"potentialAction\":[{\"@type\":\"SearchAction\",\"target\":{\"@type\":\"EntryPoint\",\"urlTemplate\":\"https:\/\/radiaatorikeskus.ee\/fi\/?s={search_term_string}\"},\"query-input\":{\"@type\":\"PropertyValueSpecification\",\"valueRequired\":true,\"valueName\":\"search_term_string\"}}],\"inLanguage\":\"fi\"}]}<\/script>\n<!-- \/ Yoast SEO plugin. -->","yoast_head_json":{"title":"Calypso - Radiaatorikeskus","robots":{"index":"index","follow":"follow","max-snippet":"max-snippet:-1","max-image-preview":"max-image-preview:large","max-video-preview":"max-video-preview:-1"},"canonical":"https:\/\/radiaatorikeskus.ee\/fi\/tuote\/calypso\/","og_locale":"fi_FI","og_type":"article","og_title":"Calypso - Radiaatorikeskus","og_description":"Hieno, tyylik\u00e4s ja hienostunut sisustuselementti. Juuri n\u00e4in voisi kuvailla uutta radiaattoriamme, joka lumoaa sinut tyylikk\u00e4\u00e4ll\u00e4 ja symmetrisell\u00e4 profiiliasettelulla. T\u00e4ydellinen lis\u00e4 kylpyhuoneeseesi tekee siit\u00e4 viihtyis\u00e4n tilan, jossa voit rentoutua raskaan p\u00e4iv\u00e4n j\u00e4lkeen.  K\u00e4tev\u00e4 muotoilu tekstiilien l\u00e4mmitt\u00e4miseen.","og_url":"https:\/\/radiaatorikeskus.ee\/fi\/tuote\/calypso\/","og_site_name":"Radiaatorikeskus","article_modified_time":"2024-08-12T12:41:18+00:00","og_image":[{"width":2304,"height":1296,"url":"https:\/\/radiaatorikeskus.ee\/wp-content\/uploads\/2023\/10\/Isan-Calypso-1.jpeg","type":"image\/jpeg"}],"twitter_card":"summary_large_image","twitter_misc":{"Arvioitu lukuaika":"1 minuutti"},"schema":{"@context":"https:\/\/schema.org","@graph":[{"@type":"WebPage","@id":"https:\/\/radiaatorikeskus.ee\/fi\/tuote\/calypso\/","url":"https:\/\/radiaatorikeskus.ee\/fi\/tuote\/calypso\/","name":"Calypso - Radiaatorikeskus","isPartOf":{"@id":"https:\/\/radiaatorikeskus.ee\/fi\/#website"},"primaryImageOfPage":{"@id":"https:\/\/radiaatorikeskus.ee\/fi\/tuote\/calypso\/#primaryimage"},"image":{"@id":"https:\/\/radiaatorikeskus.ee\/fi\/tuote\/calypso\/#primaryimage"},"thumbnailUrl":"https:\/\/radiaatorikeskus.ee\/wp-content\/uploads\/2023\/10\/Isan-Calypso-1.jpeg","datePublished":"2023-10-13T12:06:20+00:00","dateModified":"2024-08-12T12:41:18+00:00","breadcrumb":{"@id":"https:\/\/radiaatorikeskus.ee\/fi\/tuote\/calypso\/#breadcrumb"},"inLanguage":"fi","potentialAction":[{"@type":"ReadAction","target":["https:\/\/radiaatorikeskus.ee\/fi\/tuote\/calypso\/"]}]},{"@type":"ImageObject","inLanguage":"fi","@id":"https:\/\/radiaatorikeskus.ee\/fi\/tuote\/calypso\/#primaryimage","url":"https:\/\/radiaatorikeskus.ee\/wp-content\/uploads\/2023\/10\/Isan-Calypso-1.jpeg","contentUrl":"https:\/\/radiaatorikeskus.ee\/wp-content\/uploads\/2023\/10\/Isan-Calypso-1.jpeg","width":2304,"height":1296},{"@type":"BreadcrumbList","@id":"https:\/\/radiaatorikeskus.ee\/fi\/tuote\/calypso\/#breadcrumb","itemListElement":[{"@type":"ListItem","position":1,"name":"Kotisivu","item":"https:\/\/radiaatorikeskus.ee\/fi\/"},{"@type":"ListItem","position":2,"name":"Tuotteet","item":"https:\/\/radiaatorikeskus.ee\/fi\/tuotteet\/"},{"@type":"ListItem","position":3,"name":"Calypso"}]},{"@type":"WebSite","@id":"https:\/\/radiaatorikeskus.ee\/fi\/#website","url":"https:\/\/radiaatorikeskus.ee\/fi\/","name":"Radiaatorikeskus","description":"Parim radiaatorite valik Eestis","potentialAction":[{"@type":"SearchAction","target":{"@type":"EntryPoint","urlTemplate":"https:\/\/radiaatorikeskus.ee\/fi\/?s={search_term_string}"},"query-input":{"@type":"PropertyValueSpecification","valueRequired":true,"valueName":"search_term_string"}}],"inLanguage":"fi"}]}},"_links":{"self":[{"href":"https:\/\/radiaatorikeskus.ee\/fi\/wp-json\/wp\/v2\/product\/3834","targetHints":{"allow":["GET"]}}],"collection":[{"href":"https:\/\/radiaatorikeskus.ee\/fi\/wp-json\/wp\/v2\/product"}],"about":[{"href":"https:\/\/radiaatorikeskus.ee\/fi\/wp-json\/wp\/v2\/types\/product"}],"wp:featuredmedia":[{"embeddable":true,"href":"https:\/\/radiaatorikeskus.ee\/fi\/wp-json\/wp\/v2\/media\/3835"}],"wp:attachment":[{"href":"https:\/\/radiaatorikeskus.ee\/fi\/wp-json\/wp\/v2\/media?parent=3834"}],"wp:term":[{"taxonomy":"product_brand","embeddable":true,"href":"https:\/\/radiaatorikeskus.ee\/fi\/wp-json\/wp\/v2\/product_brand?post=3834"},{"taxonomy":"product_cat","embeddable":true,"href":"https:\/\/radiaatorikeskus.ee\/fi\/wp-json\/wp\/v2\/product_cat?post=3834"},{"taxonomy":"product_tag","embeddable":true,"href":"https:\/\/radiaatorikeskus.ee\/fi\/wp-json\/wp\/v2\/product_tag?post=3834"}],"curies":[{"name":"wp","href":"https:\/\/api.w.org\/{rel}","templated":true}]}}