{"id":3938,"date":"2023-10-12T14:09:39","date_gmt":"2023-10-12T11:09:39","guid":{"rendered":"https:\/\/radiaatorikeskus.ee\/toode\/igauana-circo\/"},"modified":"2024-08-12T16:26:18","modified_gmt":"2024-08-12T13:26:18","slug":"igauana-circo","status":"publish","type":"product","link":"https:\/\/radiaatorikeskus.ee\/fi\/tuote\/igauana-circo\/","title":{"rendered":"Igauana Circo"},"content":{"rendered":"","protected":false},"excerpt":{"rendered":"<p>MUOTOILU, JOKA SYMBOLISOI IHANAA AURINGONPAISTETTA<\/p>\n<p>Iguanan muotoilu ei ole vain kaunis. L\u00e4mmitysteht\u00e4v\u00e4n lis\u00e4ksi sill\u00e4 on my\u00f6s symbolinen arvo. Muotoilu, joka her\u00e4tt\u00e4\u00e4 tunteita. Lapsen piirustuksen innoittama Iguana Circo on tulkinta kirkkaasta auringosta, joka on synnytt\u00e4nyt k\u00e4yt\u00e4nn\u00f6llisen taideteoksen. Iguanan modernissa muotoilussa on yksinkertaisuutta ja luonnollisuutta, mutta my\u00f6s kevytt\u00e4 leikkisyytt\u00e4, mink\u00e4 ansiosta se her\u00e4tt\u00e4\u00e4 todella l\u00e4mpim\u00e4n tunteen.<\/p>\n","protected":false},"featured_media":3939,"template":"","meta":{"_acf_changed":false},"product_brand":[],"product_cat":[117],"product_tag":[134],"class_list":{"0":"post-3938","1":"product","2":"type-product","3":"status-publish","4":"has-post-thumbnail","6":"product_cat-terasjaeradiaattorit","7":"product_tag-jaga-fi","9":"first","10":"instock","11":"taxable","12":"shipping-taxable","13":"product-type-simple"},"acf":[],"yoast_head":"<!-- This site is optimized with the Yoast SEO plugin v26.2 - https:\/\/yoast.com\/wordpress\/plugins\/seo\/ -->\n<title>Igauana Circo - Radiaatorikeskus<\/title>\n<meta name=\"robots\" content=\"index, follow, max-snippet:-1, max-image-preview:large, max-video-preview:-1\" \/>\n<link rel=\"canonical\" href=\"https:\/\/radiaatorikeskus.ee\/fi\/tuote\/igauana-circo\/\" \/>\n<meta property=\"og:locale\" content=\"fi_FI\" \/>\n<meta property=\"og:type\" content=\"article\" \/>\n<meta property=\"og:title\" content=\"Igauana Circo - Radiaatorikeskus\" \/>\n<meta property=\"og:description\" content=\"MUOTOILU, JOKA SYMBOLISOI IHANAA AURINGONPAISTETTA  Iguanan muotoilu ei ole vain kaunis. L\u00e4mmitysteht\u00e4v\u00e4n lis\u00e4ksi sill\u00e4 on my\u00f6s symbolinen arvo. Muotoilu, joka her\u00e4tt\u00e4\u00e4 tunteita. Lapsen piirustuksen innoittama Iguana Circo on tulkinta kirkkaasta auringosta, joka on synnytt\u00e4nyt k\u00e4yt\u00e4nn\u00f6llisen taideteoksen. Iguanan modernissa muotoilussa on yksinkertaisuutta ja luonnollisuutta, mutta my\u00f6s kevytt\u00e4 leikkisyytt\u00e4, mink\u00e4 ansiosta se her\u00e4tt\u00e4\u00e4 todella l\u00e4mpim\u00e4n tunteen.\" \/>\n<meta property=\"og:url\" content=\"https:\/\/radiaatorikeskus.ee\/fi\/tuote\/igauana-circo\/\" \/>\n<meta property=\"og:site_name\" content=\"Radiaatorikeskus\" \/>\n<meta property=\"article:modified_time\" content=\"2024-08-12T13:26:18+00:00\" \/>\n<meta property=\"og:image\" content=\"https:\/\/radiaatorikeskus.ee\/wp-content\/uploads\/2023\/10\/Jaga-Igauana-Circo-1-e1697109241901.jpeg\" \/>\n\t<meta property=\"og:image:width\" content=\"1123\" \/>\n\t<meta property=\"og:image:height\" content=\"649\" \/>\n\t<meta property=\"og:image:type\" content=\"image\/jpeg\" \/>\n<meta name=\"twitter:card\" content=\"summary_large_image\" \/>\n<meta name=\"twitter:label1\" content=\"Arvioitu lukuaika\" \/>\n\t<meta name=\"twitter:data1\" content=\"1 minuutti\" \/>\n<script type=\"application\/ld+json\" class=\"yoast-schema-graph\">{\"@context\":\"https:\/\/schema.org\",\"@graph\":[{\"@type\":\"WebPage\",\"@id\":\"https:\/\/radiaatorikeskus.ee\/fi\/tuote\/igauana-circo\/\",\"url\":\"https:\/\/radiaatorikeskus.ee\/fi\/tuote\/igauana-circo\/\",\"name\":\"Igauana Circo - Radiaatorikeskus\",\"isPartOf\":{\"@id\":\"https:\/\/radiaatorikeskus.ee\/fi\/#website\"},\"primaryImageOfPage\":{\"@id\":\"https:\/\/radiaatorikeskus.ee\/fi\/tuote\/igauana-circo\/#primaryimage\"},\"image\":{\"@id\":\"https:\/\/radiaatorikeskus.ee\/fi\/tuote\/igauana-circo\/#primaryimage\"},\"thumbnailUrl\":\"https:\/\/radiaatorikeskus.ee\/wp-content\/uploads\/2023\/10\/Jaga-Igauana-Circo-1-e1697109241901.jpeg\",\"datePublished\":\"2023-10-12T11:09:39+00:00\",\"dateModified\":\"2024-08-12T13:26:18+00:00\",\"breadcrumb\":{\"@id\":\"https:\/\/radiaatorikeskus.ee\/fi\/tuote\/igauana-circo\/#breadcrumb\"},\"inLanguage\":\"fi\",\"potentialAction\":[{\"@type\":\"ReadAction\",\"target\":[\"https:\/\/radiaatorikeskus.ee\/fi\/tuote\/igauana-circo\/\"]}]},{\"@type\":\"ImageObject\",\"inLanguage\":\"fi\",\"@id\":\"https:\/\/radiaatorikeskus.ee\/fi\/tuote\/igauana-circo\/#primaryimage\",\"url\":\"https:\/\/radiaatorikeskus.ee\/wp-content\/uploads\/2023\/10\/Jaga-Igauana-Circo-1-e1697109241901.jpeg\",\"contentUrl\":\"https:\/\/radiaatorikeskus.ee\/wp-content\/uploads\/2023\/10\/Jaga-Igauana-Circo-1-e1697109241901.jpeg\",\"width\":1123,\"height\":649},{\"@type\":\"BreadcrumbList\",\"@id\":\"https:\/\/radiaatorikeskus.ee\/fi\/tuote\/igauana-circo\/#breadcrumb\",\"itemListElement\":[{\"@type\":\"ListItem\",\"position\":1,\"name\":\"Kotisivu\",\"item\":\"https:\/\/radiaatorikeskus.ee\/fi\/\"},{\"@type\":\"ListItem\",\"position\":2,\"name\":\"Tuotteet\",\"item\":\"https:\/\/radiaatorikeskus.ee\/fi\/tuotteet\/\"},{\"@type\":\"ListItem\",\"position\":3,\"name\":\"Igauana Circo\"}]},{\"@type\":\"WebSite\",\"@id\":\"https:\/\/radiaatorikeskus.ee\/fi\/#website\",\"url\":\"https:\/\/radiaatorikeskus.ee\/fi\/\",\"name\":\"Radiaatorikeskus\",\"description\":\"Parim radiaatorite valik Eestis\",\"potentialAction\":[{\"@type\":\"SearchAction\",\"target\":{\"@type\":\"EntryPoint\",\"urlTemplate\":\"https:\/\/radiaatorikeskus.ee\/fi\/?s={search_term_string}\"},\"query-input\":{\"@type\":\"PropertyValueSpecification\",\"valueRequired\":true,\"valueName\":\"search_term_string\"}}],\"inLanguage\":\"fi\"}]}<\/script>\n<!-- \/ Yoast SEO plugin. -->","yoast_head_json":{"title":"Igauana Circo - Radiaatorikeskus","robots":{"index":"index","follow":"follow","max-snippet":"max-snippet:-1","max-image-preview":"max-image-preview:large","max-video-preview":"max-video-preview:-1"},"canonical":"https:\/\/radiaatorikeskus.ee\/fi\/tuote\/igauana-circo\/","og_locale":"fi_FI","og_type":"article","og_title":"Igauana Circo - Radiaatorikeskus","og_description":"MUOTOILU, JOKA SYMBOLISOI IHANAA AURINGONPAISTETTA  Iguanan muotoilu ei ole vain kaunis. L\u00e4mmitysteht\u00e4v\u00e4n lis\u00e4ksi sill\u00e4 on my\u00f6s symbolinen arvo. Muotoilu, joka her\u00e4tt\u00e4\u00e4 tunteita. Lapsen piirustuksen innoittama Iguana Circo on tulkinta kirkkaasta auringosta, joka on synnytt\u00e4nyt k\u00e4yt\u00e4nn\u00f6llisen taideteoksen. Iguanan modernissa muotoilussa on yksinkertaisuutta ja luonnollisuutta, mutta my\u00f6s kevytt\u00e4 leikkisyytt\u00e4, mink\u00e4 ansiosta se her\u00e4tt\u00e4\u00e4 todella l\u00e4mpim\u00e4n tunteen.","og_url":"https:\/\/radiaatorikeskus.ee\/fi\/tuote\/igauana-circo\/","og_site_name":"Radiaatorikeskus","article_modified_time":"2024-08-12T13:26:18+00:00","og_image":[{"width":1123,"height":649,"url":"https:\/\/radiaatorikeskus.ee\/wp-content\/uploads\/2023\/10\/Jaga-Igauana-Circo-1-e1697109241901.jpeg","type":"image\/jpeg"}],"twitter_card":"summary_large_image","twitter_misc":{"Arvioitu lukuaika":"1 minuutti"},"schema":{"@context":"https:\/\/schema.org","@graph":[{"@type":"WebPage","@id":"https:\/\/radiaatorikeskus.ee\/fi\/tuote\/igauana-circo\/","url":"https:\/\/radiaatorikeskus.ee\/fi\/tuote\/igauana-circo\/","name":"Igauana Circo - Radiaatorikeskus","isPartOf":{"@id":"https:\/\/radiaatorikeskus.ee\/fi\/#website"},"primaryImageOfPage":{"@id":"https:\/\/radiaatorikeskus.ee\/fi\/tuote\/igauana-circo\/#primaryimage"},"image":{"@id":"https:\/\/radiaatorikeskus.ee\/fi\/tuote\/igauana-circo\/#primaryimage"},"thumbnailUrl":"https:\/\/radiaatorikeskus.ee\/wp-content\/uploads\/2023\/10\/Jaga-Igauana-Circo-1-e1697109241901.jpeg","datePublished":"2023-10-12T11:09:39+00:00","dateModified":"2024-08-12T13:26:18+00:00","breadcrumb":{"@id":"https:\/\/radiaatorikeskus.ee\/fi\/tuote\/igauana-circo\/#breadcrumb"},"inLanguage":"fi","potentialAction":[{"@type":"ReadAction","target":["https:\/\/radiaatorikeskus.ee\/fi\/tuote\/igauana-circo\/"]}]},{"@type":"ImageObject","inLanguage":"fi","@id":"https:\/\/radiaatorikeskus.ee\/fi\/tuote\/igauana-circo\/#primaryimage","url":"https:\/\/radiaatorikeskus.ee\/wp-content\/uploads\/2023\/10\/Jaga-Igauana-Circo-1-e1697109241901.jpeg","contentUrl":"https:\/\/radiaatorikeskus.ee\/wp-content\/uploads\/2023\/10\/Jaga-Igauana-Circo-1-e1697109241901.jpeg","width":1123,"height":649},{"@type":"BreadcrumbList","@id":"https:\/\/radiaatorikeskus.ee\/fi\/tuote\/igauana-circo\/#breadcrumb","itemListElement":[{"@type":"ListItem","position":1,"name":"Kotisivu","item":"https:\/\/radiaatorikeskus.ee\/fi\/"},{"@type":"ListItem","position":2,"name":"Tuotteet","item":"https:\/\/radiaatorikeskus.ee\/fi\/tuotteet\/"},{"@type":"ListItem","position":3,"name":"Igauana Circo"}]},{"@type":"WebSite","@id":"https:\/\/radiaatorikeskus.ee\/fi\/#website","url":"https:\/\/radiaatorikeskus.ee\/fi\/","name":"Radiaatorikeskus","description":"Parim radiaatorite valik Eestis","potentialAction":[{"@type":"SearchAction","target":{"@type":"EntryPoint","urlTemplate":"https:\/\/radiaatorikeskus.ee\/fi\/?s={search_term_string}"},"query-input":{"@type":"PropertyValueSpecification","valueRequired":true,"valueName":"search_term_string"}}],"inLanguage":"fi"}]}},"_links":{"self":[{"href":"https:\/\/radiaatorikeskus.ee\/fi\/wp-json\/wp\/v2\/product\/3938","targetHints":{"allow":["GET"]}}],"collection":[{"href":"https:\/\/radiaatorikeskus.ee\/fi\/wp-json\/wp\/v2\/product"}],"about":[{"href":"https:\/\/radiaatorikeskus.ee\/fi\/wp-json\/wp\/v2\/types\/product"}],"wp:featuredmedia":[{"embeddable":true,"href":"https:\/\/radiaatorikeskus.ee\/fi\/wp-json\/wp\/v2\/media\/3939"}],"wp:attachment":[{"href":"https:\/\/radiaatorikeskus.ee\/fi\/wp-json\/wp\/v2\/media?parent=3938"}],"wp:term":[{"taxonomy":"product_brand","embeddable":true,"href":"https:\/\/radiaatorikeskus.ee\/fi\/wp-json\/wp\/v2\/product_brand?post=3938"},{"taxonomy":"product_cat","embeddable":true,"href":"https:\/\/radiaatorikeskus.ee\/fi\/wp-json\/wp\/v2\/product_cat?post=3938"},{"taxonomy":"product_tag","embeddable":true,"href":"https:\/\/radiaatorikeskus.ee\/fi\/wp-json\/wp\/v2\/product_tag?post=3938"}],"curies":[{"name":"wp","href":"https:\/\/api.w.org\/{rel}","templated":true}]}}