{"id":3953,"date":"2023-10-12T13:51:14","date_gmt":"2023-10-12T10:51:14","guid":{"rendered":"https:\/\/radiaatorikeskus.ee\/toode\/aruba-double-horizontal\/"},"modified":"2024-08-12T16:24:05","modified_gmt":"2024-08-12T13:24:05","slug":"aruba-double-horizontal","status":"publish","type":"product","link":"https:\/\/radiaatorikeskus.ee\/fi\/tuote\/aruba-double-horizontal\/","title":{"rendered":"Aruba Double Horizontal"},"content":{"rendered":"","protected":false},"excerpt":{"rendered":"<p>Kompakti muoto ja maksimaalinen l\u00e4mm\u00f6ntuotto yhdest\u00e4 tai kahdesta elementist\u00e4 koostuvalla radiaattorilla.<br \/>\nK\u00e4yt\u00e4nn\u00f6llinen ratkaisu perinteisten l\u00e4mmityspaneelien sijasta.<br \/>\nModerni designradiaattori, joka sopii kaikkiin asuintiloihin.<br \/>\nSamantyyppisen liit\u00e4nn\u00e4n ansiosta vanha l\u00e4mmitin on helppo vaihtaa.<\/p>\n","protected":false},"featured_media":3954,"template":"","meta":{"_acf_changed":false},"product_brand":[],"product_cat":[117],"product_tag":[129],"class_list":{"0":"post-3953","1":"product","2":"type-product","3":"status-publish","4":"has-post-thumbnail","6":"product_cat-terasjaeradiaattorit","7":"product_tag-isan-fi","9":"first","10":"instock","11":"taxable","12":"shipping-taxable","13":"product-type-simple"},"acf":[],"yoast_head":"<!-- This site is optimized with the Yoast SEO plugin v26.2 - https:\/\/yoast.com\/wordpress\/plugins\/seo\/ -->\n<title>Aruba Double Horizontal - Radiaatorikeskus<\/title>\n<meta name=\"robots\" content=\"index, follow, max-snippet:-1, max-image-preview:large, max-video-preview:-1\" \/>\n<link rel=\"canonical\" href=\"https:\/\/radiaatorikeskus.ee\/fi\/tuote\/aruba-double-horizontal\/\" \/>\n<meta property=\"og:locale\" content=\"fi_FI\" \/>\n<meta property=\"og:type\" content=\"article\" \/>\n<meta property=\"og:title\" content=\"Aruba Double Horizontal - Radiaatorikeskus\" \/>\n<meta property=\"og:description\" content=\"Kompakti muoto ja maksimaalinen l\u00e4mm\u00f6ntuotto yhdest\u00e4 tai kahdesta elementist\u00e4 koostuvalla radiaattorilla. K\u00e4yt\u00e4nn\u00f6llinen ratkaisu perinteisten l\u00e4mmityspaneelien sijasta. Moderni designradiaattori, joka sopii kaikkiin asuintiloihin. Samantyyppisen liit\u00e4nn\u00e4n ansiosta vanha l\u00e4mmitin on helppo vaihtaa.\" \/>\n<meta property=\"og:url\" content=\"https:\/\/radiaatorikeskus.ee\/fi\/tuote\/aruba-double-horizontal\/\" \/>\n<meta property=\"og:site_name\" content=\"Radiaatorikeskus\" \/>\n<meta property=\"article:modified_time\" content=\"2024-08-12T13:24:05+00:00\" \/>\n<meta property=\"og:image\" content=\"https:\/\/radiaatorikeskus.ee\/wp-content\/uploads\/2023\/10\/Isan-Aruba-Double-Horizontal-3-e1697108190729.jpeg\" \/>\n\t<meta property=\"og:image:width\" content=\"853\" \/>\n\t<meta property=\"og:image:height\" content=\"596\" \/>\n\t<meta property=\"og:image:type\" content=\"image\/jpeg\" \/>\n<meta name=\"twitter:card\" content=\"summary_large_image\" \/>\n<meta name=\"twitter:label1\" content=\"Arvioitu lukuaika\" \/>\n\t<meta name=\"twitter:data1\" content=\"1 minuutti\" \/>\n<script type=\"application\/ld+json\" class=\"yoast-schema-graph\">{\"@context\":\"https:\/\/schema.org\",\"@graph\":[{\"@type\":\"WebPage\",\"@id\":\"https:\/\/radiaatorikeskus.ee\/fi\/tuote\/aruba-double-horizontal\/\",\"url\":\"https:\/\/radiaatorikeskus.ee\/fi\/tuote\/aruba-double-horizontal\/\",\"name\":\"Aruba Double Horizontal - Radiaatorikeskus\",\"isPartOf\":{\"@id\":\"https:\/\/radiaatorikeskus.ee\/fi\/#website\"},\"primaryImageOfPage\":{\"@id\":\"https:\/\/radiaatorikeskus.ee\/fi\/tuote\/aruba-double-horizontal\/#primaryimage\"},\"image\":{\"@id\":\"https:\/\/radiaatorikeskus.ee\/fi\/tuote\/aruba-double-horizontal\/#primaryimage\"},\"thumbnailUrl\":\"https:\/\/radiaatorikeskus.ee\/wp-content\/uploads\/2023\/10\/Isan-Aruba-Double-Horizontal-3-e1697108190729.jpeg\",\"datePublished\":\"2023-10-12T10:51:14+00:00\",\"dateModified\":\"2024-08-12T13:24:05+00:00\",\"breadcrumb\":{\"@id\":\"https:\/\/radiaatorikeskus.ee\/fi\/tuote\/aruba-double-horizontal\/#breadcrumb\"},\"inLanguage\":\"fi\",\"potentialAction\":[{\"@type\":\"ReadAction\",\"target\":[\"https:\/\/radiaatorikeskus.ee\/fi\/tuote\/aruba-double-horizontal\/\"]}]},{\"@type\":\"ImageObject\",\"inLanguage\":\"fi\",\"@id\":\"https:\/\/radiaatorikeskus.ee\/fi\/tuote\/aruba-double-horizontal\/#primaryimage\",\"url\":\"https:\/\/radiaatorikeskus.ee\/wp-content\/uploads\/2023\/10\/Isan-Aruba-Double-Horizontal-3-e1697108190729.jpeg\",\"contentUrl\":\"https:\/\/radiaatorikeskus.ee\/wp-content\/uploads\/2023\/10\/Isan-Aruba-Double-Horizontal-3-e1697108190729.jpeg\",\"width\":853,\"height\":596},{\"@type\":\"BreadcrumbList\",\"@id\":\"https:\/\/radiaatorikeskus.ee\/fi\/tuote\/aruba-double-horizontal\/#breadcrumb\",\"itemListElement\":[{\"@type\":\"ListItem\",\"position\":1,\"name\":\"Kotisivu\",\"item\":\"https:\/\/radiaatorikeskus.ee\/fi\/\"},{\"@type\":\"ListItem\",\"position\":2,\"name\":\"Tuotteet\",\"item\":\"https:\/\/radiaatorikeskus.ee\/fi\/tuotteet\/\"},{\"@type\":\"ListItem\",\"position\":3,\"name\":\"Aruba Double Horizontal\"}]},{\"@type\":\"WebSite\",\"@id\":\"https:\/\/radiaatorikeskus.ee\/fi\/#website\",\"url\":\"https:\/\/radiaatorikeskus.ee\/fi\/\",\"name\":\"Radiaatorikeskus\",\"description\":\"Parim radiaatorite valik Eestis\",\"potentialAction\":[{\"@type\":\"SearchAction\",\"target\":{\"@type\":\"EntryPoint\",\"urlTemplate\":\"https:\/\/radiaatorikeskus.ee\/fi\/?s={search_term_string}\"},\"query-input\":{\"@type\":\"PropertyValueSpecification\",\"valueRequired\":true,\"valueName\":\"search_term_string\"}}],\"inLanguage\":\"fi\"}]}<\/script>\n<!-- \/ Yoast SEO plugin. -->","yoast_head_json":{"title":"Aruba Double Horizontal - Radiaatorikeskus","robots":{"index":"index","follow":"follow","max-snippet":"max-snippet:-1","max-image-preview":"max-image-preview:large","max-video-preview":"max-video-preview:-1"},"canonical":"https:\/\/radiaatorikeskus.ee\/fi\/tuote\/aruba-double-horizontal\/","og_locale":"fi_FI","og_type":"article","og_title":"Aruba Double Horizontal - Radiaatorikeskus","og_description":"Kompakti muoto ja maksimaalinen l\u00e4mm\u00f6ntuotto yhdest\u00e4 tai kahdesta elementist\u00e4 koostuvalla radiaattorilla. K\u00e4yt\u00e4nn\u00f6llinen ratkaisu perinteisten l\u00e4mmityspaneelien sijasta. Moderni designradiaattori, joka sopii kaikkiin asuintiloihin. Samantyyppisen liit\u00e4nn\u00e4n ansiosta vanha l\u00e4mmitin on helppo vaihtaa.","og_url":"https:\/\/radiaatorikeskus.ee\/fi\/tuote\/aruba-double-horizontal\/","og_site_name":"Radiaatorikeskus","article_modified_time":"2024-08-12T13:24:05+00:00","og_image":[{"width":853,"height":596,"url":"https:\/\/radiaatorikeskus.ee\/wp-content\/uploads\/2023\/10\/Isan-Aruba-Double-Horizontal-3-e1697108190729.jpeg","type":"image\/jpeg"}],"twitter_card":"summary_large_image","twitter_misc":{"Arvioitu lukuaika":"1 minuutti"},"schema":{"@context":"https:\/\/schema.org","@graph":[{"@type":"WebPage","@id":"https:\/\/radiaatorikeskus.ee\/fi\/tuote\/aruba-double-horizontal\/","url":"https:\/\/radiaatorikeskus.ee\/fi\/tuote\/aruba-double-horizontal\/","name":"Aruba Double Horizontal - Radiaatorikeskus","isPartOf":{"@id":"https:\/\/radiaatorikeskus.ee\/fi\/#website"},"primaryImageOfPage":{"@id":"https:\/\/radiaatorikeskus.ee\/fi\/tuote\/aruba-double-horizontal\/#primaryimage"},"image":{"@id":"https:\/\/radiaatorikeskus.ee\/fi\/tuote\/aruba-double-horizontal\/#primaryimage"},"thumbnailUrl":"https:\/\/radiaatorikeskus.ee\/wp-content\/uploads\/2023\/10\/Isan-Aruba-Double-Horizontal-3-e1697108190729.jpeg","datePublished":"2023-10-12T10:51:14+00:00","dateModified":"2024-08-12T13:24:05+00:00","breadcrumb":{"@id":"https:\/\/radiaatorikeskus.ee\/fi\/tuote\/aruba-double-horizontal\/#breadcrumb"},"inLanguage":"fi","potentialAction":[{"@type":"ReadAction","target":["https:\/\/radiaatorikeskus.ee\/fi\/tuote\/aruba-double-horizontal\/"]}]},{"@type":"ImageObject","inLanguage":"fi","@id":"https:\/\/radiaatorikeskus.ee\/fi\/tuote\/aruba-double-horizontal\/#primaryimage","url":"https:\/\/radiaatorikeskus.ee\/wp-content\/uploads\/2023\/10\/Isan-Aruba-Double-Horizontal-3-e1697108190729.jpeg","contentUrl":"https:\/\/radiaatorikeskus.ee\/wp-content\/uploads\/2023\/10\/Isan-Aruba-Double-Horizontal-3-e1697108190729.jpeg","width":853,"height":596},{"@type":"BreadcrumbList","@id":"https:\/\/radiaatorikeskus.ee\/fi\/tuote\/aruba-double-horizontal\/#breadcrumb","itemListElement":[{"@type":"ListItem","position":1,"name":"Kotisivu","item":"https:\/\/radiaatorikeskus.ee\/fi\/"},{"@type":"ListItem","position":2,"name":"Tuotteet","item":"https:\/\/radiaatorikeskus.ee\/fi\/tuotteet\/"},{"@type":"ListItem","position":3,"name":"Aruba Double Horizontal"}]},{"@type":"WebSite","@id":"https:\/\/radiaatorikeskus.ee\/fi\/#website","url":"https:\/\/radiaatorikeskus.ee\/fi\/","name":"Radiaatorikeskus","description":"Parim radiaatorite valik Eestis","potentialAction":[{"@type":"SearchAction","target":{"@type":"EntryPoint","urlTemplate":"https:\/\/radiaatorikeskus.ee\/fi\/?s={search_term_string}"},"query-input":{"@type":"PropertyValueSpecification","valueRequired":true,"valueName":"search_term_string"}}],"inLanguage":"fi"}]}},"_links":{"self":[{"href":"https:\/\/radiaatorikeskus.ee\/fi\/wp-json\/wp\/v2\/product\/3953","targetHints":{"allow":["GET"]}}],"collection":[{"href":"https:\/\/radiaatorikeskus.ee\/fi\/wp-json\/wp\/v2\/product"}],"about":[{"href":"https:\/\/radiaatorikeskus.ee\/fi\/wp-json\/wp\/v2\/types\/product"}],"wp:featuredmedia":[{"embeddable":true,"href":"https:\/\/radiaatorikeskus.ee\/fi\/wp-json\/wp\/v2\/media\/3954"}],"wp:attachment":[{"href":"https:\/\/radiaatorikeskus.ee\/fi\/wp-json\/wp\/v2\/media?parent=3953"}],"wp:term":[{"taxonomy":"product_brand","embeddable":true,"href":"https:\/\/radiaatorikeskus.ee\/fi\/wp-json\/wp\/v2\/product_brand?post=3953"},{"taxonomy":"product_cat","embeddable":true,"href":"https:\/\/radiaatorikeskus.ee\/fi\/wp-json\/wp\/v2\/product_cat?post=3953"},{"taxonomy":"product_tag","embeddable":true,"href":"https:\/\/radiaatorikeskus.ee\/fi\/wp-json\/wp\/v2\/product_tag?post=3953"}],"curies":[{"name":"wp","href":"https:\/\/api.w.org\/{rel}","templated":true}]}}