{"id":3961,"date":"2023-10-12T13:17:26","date_gmt":"2023-10-12T10:17:26","guid":{"rendered":"https:\/\/radiaatorikeskus.ee\/toode\/arbonia\/"},"modified":"2024-08-12T16:21:19","modified_gmt":"2024-08-12T13:21:19","slug":"arbonia","status":"publish","type":"product","link":"https:\/\/radiaatorikeskus.ee\/fi\/tuote\/arbonia\/","title":{"rendered":"Arbonia"},"content":{"rendered":"","protected":false},"excerpt":{"rendered":"<p>Ter\u00e4sjaeradiaattorit<br \/>\nKest\u00e4v\u00e4 ja poikkeuksellisen monipuolinen.<\/p>\n<p>Nykyaikaisia huipputasoisia l\u00e4mmitysratkaisuja olisi vaikea kuvitella ilman Arbonian ter\u00e4sjaeradiaattoreita. Ainutlaatuinen malli ja laaja kokovalikoima \u2013 viisi eri syvyytt\u00e4. Korkea l\u00e4mm\u00f6ntuotto ja miellytt\u00e4v\u00e4 huoneen l\u00e4mp\u00f6tila ihanteellisen l\u00e4mp\u00f6s\u00e4teilyn ja konvektion suhteen ansiosta. Selke\u00e4t linjat pehmeine kulmineen ja reunoineen takaavat turvallisuuden ja helpon puhdistettavuuden. Useiden erityismallien ansiosta se voidaan sovittaa l\u00e4hes mihin tahansa tilaan.<\/p>\n","protected":false},"featured_media":3962,"template":"","meta":{"_acf_changed":false},"product_brand":[],"product_cat":[117],"product_tag":[127],"class_list":{"0":"post-3961","1":"product","2":"type-product","3":"status-publish","4":"has-post-thumbnail","6":"product_cat-terasjaeradiaattorit","7":"product_tag-arbonia-fi","9":"first","10":"instock","11":"taxable","12":"shipping-taxable","13":"product-type-simple"},"acf":[],"yoast_head":"<!-- This site is optimized with the Yoast SEO plugin v26.2 - https:\/\/yoast.com\/wordpress\/plugins\/seo\/ -->\n<title>Arbonia - Radiaatorikeskus<\/title>\n<meta name=\"robots\" content=\"index, follow, max-snippet:-1, max-image-preview:large, max-video-preview:-1\" \/>\n<link rel=\"canonical\" href=\"https:\/\/radiaatorikeskus.ee\/fi\/tuote\/arbonia\/\" \/>\n<meta property=\"og:locale\" content=\"fi_FI\" \/>\n<meta property=\"og:type\" content=\"article\" \/>\n<meta property=\"og:title\" content=\"Arbonia - Radiaatorikeskus\" \/>\n<meta property=\"og:description\" content=\"Ter\u00e4sjaeradiaattorit Kest\u00e4v\u00e4 ja poikkeuksellisen monipuolinen.  Nykyaikaisia huipputasoisia l\u00e4mmitysratkaisuja olisi vaikea kuvitella ilman Arbonian ter\u00e4sjaeradiaattoreita. Ainutlaatuinen malli ja laaja kokovalikoima \u2013 viisi eri syvyytt\u00e4. Korkea l\u00e4mm\u00f6ntuotto ja miellytt\u00e4v\u00e4 huoneen l\u00e4mp\u00f6tila ihanteellisen l\u00e4mp\u00f6s\u00e4teilyn ja konvektion suhteen ansiosta. Selke\u00e4t linjat pehmeine kulmineen ja reunoineen takaavat turvallisuuden ja helpon puhdistettavuuden. Useiden erityismallien ansiosta se voidaan sovittaa l\u00e4hes mihin tahansa tilaan.\" \/>\n<meta property=\"og:url\" content=\"https:\/\/radiaatorikeskus.ee\/fi\/tuote\/arbonia\/\" \/>\n<meta property=\"og:site_name\" content=\"Radiaatorikeskus\" \/>\n<meta property=\"article:modified_time\" content=\"2024-08-12T13:21:19+00:00\" \/>\n<meta property=\"og:image\" content=\"https:\/\/radiaatorikeskus.ee\/wp-content\/uploads\/2023\/10\/Arbonia.jpg\" \/>\n\t<meta property=\"og:image:width\" content=\"1024\" \/>\n\t<meta property=\"og:image:height\" content=\"769\" \/>\n\t<meta property=\"og:image:type\" content=\"image\/jpeg\" \/>\n<meta name=\"twitter:card\" content=\"summary_large_image\" \/>\n<meta name=\"twitter:label1\" content=\"Arvioitu lukuaika\" \/>\n\t<meta name=\"twitter:data1\" content=\"4 minuuttia\" \/>\n<script type=\"application\/ld+json\" class=\"yoast-schema-graph\">{\"@context\":\"https:\/\/schema.org\",\"@graph\":[{\"@type\":\"WebPage\",\"@id\":\"https:\/\/radiaatorikeskus.ee\/fi\/tuote\/arbonia\/\",\"url\":\"https:\/\/radiaatorikeskus.ee\/fi\/tuote\/arbonia\/\",\"name\":\"Arbonia - Radiaatorikeskus\",\"isPartOf\":{\"@id\":\"https:\/\/radiaatorikeskus.ee\/fi\/#website\"},\"primaryImageOfPage\":{\"@id\":\"https:\/\/radiaatorikeskus.ee\/fi\/tuote\/arbonia\/#primaryimage\"},\"image\":{\"@id\":\"https:\/\/radiaatorikeskus.ee\/fi\/tuote\/arbonia\/#primaryimage\"},\"thumbnailUrl\":\"https:\/\/radiaatorikeskus.ee\/wp-content\/uploads\/2023\/10\/Arbonia.jpg\",\"datePublished\":\"2023-10-12T10:17:26+00:00\",\"dateModified\":\"2024-08-12T13:21:19+00:00\",\"breadcrumb\":{\"@id\":\"https:\/\/radiaatorikeskus.ee\/fi\/tuote\/arbonia\/#breadcrumb\"},\"inLanguage\":\"fi\",\"potentialAction\":[{\"@type\":\"ReadAction\",\"target\":[\"https:\/\/radiaatorikeskus.ee\/fi\/tuote\/arbonia\/\"]}]},{\"@type\":\"ImageObject\",\"inLanguage\":\"fi\",\"@id\":\"https:\/\/radiaatorikeskus.ee\/fi\/tuote\/arbonia\/#primaryimage\",\"url\":\"https:\/\/radiaatorikeskus.ee\/wp-content\/uploads\/2023\/10\/Arbonia.jpg\",\"contentUrl\":\"https:\/\/radiaatorikeskus.ee\/wp-content\/uploads\/2023\/10\/Arbonia.jpg\",\"width\":1024,\"height\":769},{\"@type\":\"BreadcrumbList\",\"@id\":\"https:\/\/radiaatorikeskus.ee\/fi\/tuote\/arbonia\/#breadcrumb\",\"itemListElement\":[{\"@type\":\"ListItem\",\"position\":1,\"name\":\"Kotisivu\",\"item\":\"https:\/\/radiaatorikeskus.ee\/fi\/\"},{\"@type\":\"ListItem\",\"position\":2,\"name\":\"Tuotteet\",\"item\":\"https:\/\/radiaatorikeskus.ee\/fi\/tuotteet\/\"},{\"@type\":\"ListItem\",\"position\":3,\"name\":\"Arbonia\"}]},{\"@type\":\"WebSite\",\"@id\":\"https:\/\/radiaatorikeskus.ee\/fi\/#website\",\"url\":\"https:\/\/radiaatorikeskus.ee\/fi\/\",\"name\":\"Radiaatorikeskus\",\"description\":\"Parim radiaatorite valik Eestis\",\"potentialAction\":[{\"@type\":\"SearchAction\",\"target\":{\"@type\":\"EntryPoint\",\"urlTemplate\":\"https:\/\/radiaatorikeskus.ee\/fi\/?s={search_term_string}\"},\"query-input\":{\"@type\":\"PropertyValueSpecification\",\"valueRequired\":true,\"valueName\":\"search_term_string\"}}],\"inLanguage\":\"fi\"}]}<\/script>\n<!-- \/ Yoast SEO plugin. -->","yoast_head_json":{"title":"Arbonia - Radiaatorikeskus","robots":{"index":"index","follow":"follow","max-snippet":"max-snippet:-1","max-image-preview":"max-image-preview:large","max-video-preview":"max-video-preview:-1"},"canonical":"https:\/\/radiaatorikeskus.ee\/fi\/tuote\/arbonia\/","og_locale":"fi_FI","og_type":"article","og_title":"Arbonia - Radiaatorikeskus","og_description":"Ter\u00e4sjaeradiaattorit Kest\u00e4v\u00e4 ja poikkeuksellisen monipuolinen.  Nykyaikaisia huipputasoisia l\u00e4mmitysratkaisuja olisi vaikea kuvitella ilman Arbonian ter\u00e4sjaeradiaattoreita. Ainutlaatuinen malli ja laaja kokovalikoima \u2013 viisi eri syvyytt\u00e4. Korkea l\u00e4mm\u00f6ntuotto ja miellytt\u00e4v\u00e4 huoneen l\u00e4mp\u00f6tila ihanteellisen l\u00e4mp\u00f6s\u00e4teilyn ja konvektion suhteen ansiosta. Selke\u00e4t linjat pehmeine kulmineen ja reunoineen takaavat turvallisuuden ja helpon puhdistettavuuden. Useiden erityismallien ansiosta se voidaan sovittaa l\u00e4hes mihin tahansa tilaan.","og_url":"https:\/\/radiaatorikeskus.ee\/fi\/tuote\/arbonia\/","og_site_name":"Radiaatorikeskus","article_modified_time":"2024-08-12T13:21:19+00:00","og_image":[{"width":1024,"height":769,"url":"https:\/\/radiaatorikeskus.ee\/wp-content\/uploads\/2023\/10\/Arbonia.jpg","type":"image\/jpeg"}],"twitter_card":"summary_large_image","twitter_misc":{"Arvioitu lukuaika":"4 minuuttia"},"schema":{"@context":"https:\/\/schema.org","@graph":[{"@type":"WebPage","@id":"https:\/\/radiaatorikeskus.ee\/fi\/tuote\/arbonia\/","url":"https:\/\/radiaatorikeskus.ee\/fi\/tuote\/arbonia\/","name":"Arbonia - Radiaatorikeskus","isPartOf":{"@id":"https:\/\/radiaatorikeskus.ee\/fi\/#website"},"primaryImageOfPage":{"@id":"https:\/\/radiaatorikeskus.ee\/fi\/tuote\/arbonia\/#primaryimage"},"image":{"@id":"https:\/\/radiaatorikeskus.ee\/fi\/tuote\/arbonia\/#primaryimage"},"thumbnailUrl":"https:\/\/radiaatorikeskus.ee\/wp-content\/uploads\/2023\/10\/Arbonia.jpg","datePublished":"2023-10-12T10:17:26+00:00","dateModified":"2024-08-12T13:21:19+00:00","breadcrumb":{"@id":"https:\/\/radiaatorikeskus.ee\/fi\/tuote\/arbonia\/#breadcrumb"},"inLanguage":"fi","potentialAction":[{"@type":"ReadAction","target":["https:\/\/radiaatorikeskus.ee\/fi\/tuote\/arbonia\/"]}]},{"@type":"ImageObject","inLanguage":"fi","@id":"https:\/\/radiaatorikeskus.ee\/fi\/tuote\/arbonia\/#primaryimage","url":"https:\/\/radiaatorikeskus.ee\/wp-content\/uploads\/2023\/10\/Arbonia.jpg","contentUrl":"https:\/\/radiaatorikeskus.ee\/wp-content\/uploads\/2023\/10\/Arbonia.jpg","width":1024,"height":769},{"@type":"BreadcrumbList","@id":"https:\/\/radiaatorikeskus.ee\/fi\/tuote\/arbonia\/#breadcrumb","itemListElement":[{"@type":"ListItem","position":1,"name":"Kotisivu","item":"https:\/\/radiaatorikeskus.ee\/fi\/"},{"@type":"ListItem","position":2,"name":"Tuotteet","item":"https:\/\/radiaatorikeskus.ee\/fi\/tuotteet\/"},{"@type":"ListItem","position":3,"name":"Arbonia"}]},{"@type":"WebSite","@id":"https:\/\/radiaatorikeskus.ee\/fi\/#website","url":"https:\/\/radiaatorikeskus.ee\/fi\/","name":"Radiaatorikeskus","description":"Parim radiaatorite valik Eestis","potentialAction":[{"@type":"SearchAction","target":{"@type":"EntryPoint","urlTemplate":"https:\/\/radiaatorikeskus.ee\/fi\/?s={search_term_string}"},"query-input":{"@type":"PropertyValueSpecification","valueRequired":true,"valueName":"search_term_string"}}],"inLanguage":"fi"}]}},"_links":{"self":[{"href":"https:\/\/radiaatorikeskus.ee\/fi\/wp-json\/wp\/v2\/product\/3961","targetHints":{"allow":["GET"]}}],"collection":[{"href":"https:\/\/radiaatorikeskus.ee\/fi\/wp-json\/wp\/v2\/product"}],"about":[{"href":"https:\/\/radiaatorikeskus.ee\/fi\/wp-json\/wp\/v2\/types\/product"}],"wp:featuredmedia":[{"embeddable":true,"href":"https:\/\/radiaatorikeskus.ee\/fi\/wp-json\/wp\/v2\/media\/3962"}],"wp:attachment":[{"href":"https:\/\/radiaatorikeskus.ee\/fi\/wp-json\/wp\/v2\/media?parent=3961"}],"wp:term":[{"taxonomy":"product_brand","embeddable":true,"href":"https:\/\/radiaatorikeskus.ee\/fi\/wp-json\/wp\/v2\/product_brand?post=3961"},{"taxonomy":"product_cat","embeddable":true,"href":"https:\/\/radiaatorikeskus.ee\/fi\/wp-json\/wp\/v2\/product_cat?post=3961"},{"taxonomy":"product_tag","embeddable":true,"href":"https:\/\/radiaatorikeskus.ee\/fi\/wp-json\/wp\/v2\/product_tag?post=3961"}],"curies":[{"name":"wp","href":"https:\/\/api.w.org\/{rel}","templated":true}]}}