{"id":3999,"date":"2023-10-12T11:18:11","date_gmt":"2023-10-12T08:18:11","guid":{"rendered":"https:\/\/radiaatorikeskus.ee\/toode\/strada-hybrid-aco\/"},"modified":"2024-08-12T15:37:28","modified_gmt":"2024-08-12T12:37:28","slug":"strada-hybrid-aco","status":"publish","type":"product","link":"https:\/\/radiaatorikeskus.ee\/fi\/tuote\/strada-hybrid-aco\/","title":{"rendered":"Strada Hybrid ACO"},"content":{"rendered":"","protected":false},"excerpt":{"rendered":"<p>Kompakteinta l\u00e4mmityslaitetta voidaan nyt k\u00e4ytt\u00e4\u00e4 my\u00f6s j\u00e4\u00e4hdytykseen.<\/p>\n<p>Strada Hybrid vaihtaa t\u00e4ysin automaattisesti l\u00e4mmitystilan ja kevyiden j\u00e4\u00e4hdytystilojen v\u00e4lill\u00e4.<\/p>\n","protected":false},"featured_media":4000,"template":"","meta":{"_acf_changed":false},"product_brand":[],"product_cat":[120],"product_tag":[134],"class_list":{"0":"post-3999","1":"product","2":"type-product","3":"status-publish","4":"has-post-thumbnail","6":"product_cat-lampopumpulle-sopivat","7":"product_tag-jaga-fi","9":"first","10":"instock","11":"taxable","12":"shipping-taxable","13":"product-type-simple"},"acf":[],"yoast_head":"<!-- This site is optimized with the Yoast SEO plugin v26.2 - https:\/\/yoast.com\/wordpress\/plugins\/seo\/ -->\n<title>Strada Hybrid ACO - Radiaatorikeskus<\/title>\n<meta name=\"robots\" content=\"index, follow, max-snippet:-1, max-image-preview:large, max-video-preview:-1\" \/>\n<link rel=\"canonical\" href=\"https:\/\/radiaatorikeskus.ee\/fi\/tuote\/strada-hybrid-aco\/\" \/>\n<meta property=\"og:locale\" content=\"fi_FI\" \/>\n<meta property=\"og:type\" content=\"article\" \/>\n<meta property=\"og:title\" content=\"Strada Hybrid ACO - Radiaatorikeskus\" \/>\n<meta property=\"og:description\" content=\"Kompakteinta l\u00e4mmityslaitetta voidaan nyt k\u00e4ytt\u00e4\u00e4 my\u00f6s j\u00e4\u00e4hdytykseen.  Strada Hybrid vaihtaa t\u00e4ysin automaattisesti l\u00e4mmitystilan ja kevyiden j\u00e4\u00e4hdytystilojen v\u00e4lill\u00e4.\" \/>\n<meta property=\"og:url\" content=\"https:\/\/radiaatorikeskus.ee\/fi\/tuote\/strada-hybrid-aco\/\" \/>\n<meta property=\"og:site_name\" content=\"Radiaatorikeskus\" \/>\n<meta property=\"article:modified_time\" content=\"2024-08-12T12:37:28+00:00\" \/>\n<meta property=\"og:image\" content=\"https:\/\/radiaatorikeskus.ee\/wp-content\/uploads\/2023\/10\/Jaga-Strada-Hybrid-ACO-4-e1697099081909.jpeg\" \/>\n\t<meta property=\"og:image:width\" content=\"1212\" \/>\n\t<meta property=\"og:image:height\" content=\"649\" \/>\n\t<meta property=\"og:image:type\" content=\"image\/jpeg\" \/>\n<meta name=\"twitter:card\" content=\"summary_large_image\" \/>\n<meta name=\"twitter:label1\" content=\"Arvioitu lukuaika\" \/>\n\t<meta name=\"twitter:data1\" content=\"1 minuutti\" \/>\n<script type=\"application\/ld+json\" class=\"yoast-schema-graph\">{\"@context\":\"https:\/\/schema.org\",\"@graph\":[{\"@type\":\"WebPage\",\"@id\":\"https:\/\/radiaatorikeskus.ee\/fi\/tuote\/strada-hybrid-aco\/\",\"url\":\"https:\/\/radiaatorikeskus.ee\/fi\/tuote\/strada-hybrid-aco\/\",\"name\":\"Strada Hybrid ACO - Radiaatorikeskus\",\"isPartOf\":{\"@id\":\"https:\/\/radiaatorikeskus.ee\/fi\/#website\"},\"primaryImageOfPage\":{\"@id\":\"https:\/\/radiaatorikeskus.ee\/fi\/tuote\/strada-hybrid-aco\/#primaryimage\"},\"image\":{\"@id\":\"https:\/\/radiaatorikeskus.ee\/fi\/tuote\/strada-hybrid-aco\/#primaryimage\"},\"thumbnailUrl\":\"https:\/\/radiaatorikeskus.ee\/wp-content\/uploads\/2023\/10\/Jaga-Strada-Hybrid-ACO-4-e1697099081909.jpeg\",\"datePublished\":\"2023-10-12T08:18:11+00:00\",\"dateModified\":\"2024-08-12T12:37:28+00:00\",\"breadcrumb\":{\"@id\":\"https:\/\/radiaatorikeskus.ee\/fi\/tuote\/strada-hybrid-aco\/#breadcrumb\"},\"inLanguage\":\"fi\",\"potentialAction\":[{\"@type\":\"ReadAction\",\"target\":[\"https:\/\/radiaatorikeskus.ee\/fi\/tuote\/strada-hybrid-aco\/\"]}]},{\"@type\":\"ImageObject\",\"inLanguage\":\"fi\",\"@id\":\"https:\/\/radiaatorikeskus.ee\/fi\/tuote\/strada-hybrid-aco\/#primaryimage\",\"url\":\"https:\/\/radiaatorikeskus.ee\/wp-content\/uploads\/2023\/10\/Jaga-Strada-Hybrid-ACO-4-e1697099081909.jpeg\",\"contentUrl\":\"https:\/\/radiaatorikeskus.ee\/wp-content\/uploads\/2023\/10\/Jaga-Strada-Hybrid-ACO-4-e1697099081909.jpeg\",\"width\":1212,\"height\":649},{\"@type\":\"BreadcrumbList\",\"@id\":\"https:\/\/radiaatorikeskus.ee\/fi\/tuote\/strada-hybrid-aco\/#breadcrumb\",\"itemListElement\":[{\"@type\":\"ListItem\",\"position\":1,\"name\":\"Kotisivu\",\"item\":\"https:\/\/radiaatorikeskus.ee\/fi\/\"},{\"@type\":\"ListItem\",\"position\":2,\"name\":\"Tuotteet\",\"item\":\"https:\/\/radiaatorikeskus.ee\/fi\/tuotteet\/\"},{\"@type\":\"ListItem\",\"position\":3,\"name\":\"Strada Hybrid ACO\"}]},{\"@type\":\"WebSite\",\"@id\":\"https:\/\/radiaatorikeskus.ee\/fi\/#website\",\"url\":\"https:\/\/radiaatorikeskus.ee\/fi\/\",\"name\":\"Radiaatorikeskus\",\"description\":\"Parim radiaatorite valik Eestis\",\"potentialAction\":[{\"@type\":\"SearchAction\",\"target\":{\"@type\":\"EntryPoint\",\"urlTemplate\":\"https:\/\/radiaatorikeskus.ee\/fi\/?s={search_term_string}\"},\"query-input\":{\"@type\":\"PropertyValueSpecification\",\"valueRequired\":true,\"valueName\":\"search_term_string\"}}],\"inLanguage\":\"fi\"}]}<\/script>\n<!-- \/ Yoast SEO plugin. -->","yoast_head_json":{"title":"Strada Hybrid ACO - Radiaatorikeskus","robots":{"index":"index","follow":"follow","max-snippet":"max-snippet:-1","max-image-preview":"max-image-preview:large","max-video-preview":"max-video-preview:-1"},"canonical":"https:\/\/radiaatorikeskus.ee\/fi\/tuote\/strada-hybrid-aco\/","og_locale":"fi_FI","og_type":"article","og_title":"Strada Hybrid ACO - Radiaatorikeskus","og_description":"Kompakteinta l\u00e4mmityslaitetta voidaan nyt k\u00e4ytt\u00e4\u00e4 my\u00f6s j\u00e4\u00e4hdytykseen.  Strada Hybrid vaihtaa t\u00e4ysin automaattisesti l\u00e4mmitystilan ja kevyiden j\u00e4\u00e4hdytystilojen v\u00e4lill\u00e4.","og_url":"https:\/\/radiaatorikeskus.ee\/fi\/tuote\/strada-hybrid-aco\/","og_site_name":"Radiaatorikeskus","article_modified_time":"2024-08-12T12:37:28+00:00","og_image":[{"width":1212,"height":649,"url":"https:\/\/radiaatorikeskus.ee\/wp-content\/uploads\/2023\/10\/Jaga-Strada-Hybrid-ACO-4-e1697099081909.jpeg","type":"image\/jpeg"}],"twitter_card":"summary_large_image","twitter_misc":{"Arvioitu lukuaika":"1 minuutti"},"schema":{"@context":"https:\/\/schema.org","@graph":[{"@type":"WebPage","@id":"https:\/\/radiaatorikeskus.ee\/fi\/tuote\/strada-hybrid-aco\/","url":"https:\/\/radiaatorikeskus.ee\/fi\/tuote\/strada-hybrid-aco\/","name":"Strada Hybrid ACO - Radiaatorikeskus","isPartOf":{"@id":"https:\/\/radiaatorikeskus.ee\/fi\/#website"},"primaryImageOfPage":{"@id":"https:\/\/radiaatorikeskus.ee\/fi\/tuote\/strada-hybrid-aco\/#primaryimage"},"image":{"@id":"https:\/\/radiaatorikeskus.ee\/fi\/tuote\/strada-hybrid-aco\/#primaryimage"},"thumbnailUrl":"https:\/\/radiaatorikeskus.ee\/wp-content\/uploads\/2023\/10\/Jaga-Strada-Hybrid-ACO-4-e1697099081909.jpeg","datePublished":"2023-10-12T08:18:11+00:00","dateModified":"2024-08-12T12:37:28+00:00","breadcrumb":{"@id":"https:\/\/radiaatorikeskus.ee\/fi\/tuote\/strada-hybrid-aco\/#breadcrumb"},"inLanguage":"fi","potentialAction":[{"@type":"ReadAction","target":["https:\/\/radiaatorikeskus.ee\/fi\/tuote\/strada-hybrid-aco\/"]}]},{"@type":"ImageObject","inLanguage":"fi","@id":"https:\/\/radiaatorikeskus.ee\/fi\/tuote\/strada-hybrid-aco\/#primaryimage","url":"https:\/\/radiaatorikeskus.ee\/wp-content\/uploads\/2023\/10\/Jaga-Strada-Hybrid-ACO-4-e1697099081909.jpeg","contentUrl":"https:\/\/radiaatorikeskus.ee\/wp-content\/uploads\/2023\/10\/Jaga-Strada-Hybrid-ACO-4-e1697099081909.jpeg","width":1212,"height":649},{"@type":"BreadcrumbList","@id":"https:\/\/radiaatorikeskus.ee\/fi\/tuote\/strada-hybrid-aco\/#breadcrumb","itemListElement":[{"@type":"ListItem","position":1,"name":"Kotisivu","item":"https:\/\/radiaatorikeskus.ee\/fi\/"},{"@type":"ListItem","position":2,"name":"Tuotteet","item":"https:\/\/radiaatorikeskus.ee\/fi\/tuotteet\/"},{"@type":"ListItem","position":3,"name":"Strada Hybrid ACO"}]},{"@type":"WebSite","@id":"https:\/\/radiaatorikeskus.ee\/fi\/#website","url":"https:\/\/radiaatorikeskus.ee\/fi\/","name":"Radiaatorikeskus","description":"Parim radiaatorite valik Eestis","potentialAction":[{"@type":"SearchAction","target":{"@type":"EntryPoint","urlTemplate":"https:\/\/radiaatorikeskus.ee\/fi\/?s={search_term_string}"},"query-input":{"@type":"PropertyValueSpecification","valueRequired":true,"valueName":"search_term_string"}}],"inLanguage":"fi"}]}},"_links":{"self":[{"href":"https:\/\/radiaatorikeskus.ee\/fi\/wp-json\/wp\/v2\/product\/3999","targetHints":{"allow":["GET"]}}],"collection":[{"href":"https:\/\/radiaatorikeskus.ee\/fi\/wp-json\/wp\/v2\/product"}],"about":[{"href":"https:\/\/radiaatorikeskus.ee\/fi\/wp-json\/wp\/v2\/types\/product"}],"wp:featuredmedia":[{"embeddable":true,"href":"https:\/\/radiaatorikeskus.ee\/fi\/wp-json\/wp\/v2\/media\/4000"}],"wp:attachment":[{"href":"https:\/\/radiaatorikeskus.ee\/fi\/wp-json\/wp\/v2\/media?parent=3999"}],"wp:term":[{"taxonomy":"product_brand","embeddable":true,"href":"https:\/\/radiaatorikeskus.ee\/fi\/wp-json\/wp\/v2\/product_brand?post=3999"},{"taxonomy":"product_cat","embeddable":true,"href":"https:\/\/radiaatorikeskus.ee\/fi\/wp-json\/wp\/v2\/product_cat?post=3999"},{"taxonomy":"product_tag","embeddable":true,"href":"https:\/\/radiaatorikeskus.ee\/fi\/wp-json\/wp\/v2\/product_tag?post=3999"}],"curies":[{"name":"wp","href":"https:\/\/api.w.org\/{rel}","templated":true}]}}