{"id":4074,"date":"2023-10-11T10:59:00","date_gmt":"2023-10-11T07:59:00","guid":{"rendered":"https:\/\/radiaatorikeskus.ee\/toode\/katherm-hk\/"},"modified":"2024-08-12T15:19:42","modified_gmt":"2024-08-12T12:19:42","slug":"katherm-hk","status":"publish","type":"product","link":"https:\/\/radiaatorikeskus.ee\/fi\/tuote\/katherm-hk\/","title":{"rendered":"Katherm HK"},"content":{"rendered":"","protected":false},"excerpt":{"rendered":"<p>L\u00e4mp\u00f6pumpun kanssa yhteensopiva tuote soveltuu k\u00e4ytett\u00e4v\u00e4ksi l\u00e4mp\u00f6pumpun tai muun matalal\u00e4mp\u00f6tilaj\u00e4rjestelm\u00e4n kanssa.<\/p>\n<p>V\u00e4henn\u00e4 energiantarvetta, k\u00e4ytt\u00f6kustannuksia ja p\u00e4\u00e4st\u00f6j\u00e4 l\u00e4mp\u00f6pumppuun sopivalla tuotevalikoimallamme. V\u00e4henn\u00e4 my\u00f6s omaa ja asiakkaidesi riippuvuutta fossiilisista polttoaineista. Meill\u00e4 on sopivat l\u00e4mp\u00f6pumppuratkaisut moniin k\u00e4ytt\u00f6paikkoihin teollisuusrakennuksista, toimistorakennuksista ja hotelleista yksityiskoteihin.<\/p>\n","protected":false},"featured_media":4075,"template":"","meta":{"_acf_changed":false},"product_brand":[],"product_cat":[121,120],"product_tag":[135],"class_list":{"0":"post-4074","1":"product","2":"type-product","3":"status-publish","4":"has-post-thumbnail","6":"product_cat-kanavapatteri","7":"product_cat-lampopumpulle-sopivat","8":"product_tag-kampmann-fi","10":"first","11":"instock","12":"taxable","13":"shipping-taxable","14":"product-type-simple"},"acf":[],"yoast_head":"<!-- This site is optimized with the Yoast SEO plugin v26.2 - https:\/\/yoast.com\/wordpress\/plugins\/seo\/ -->\n<title>Katherm HK - Radiaatorikeskus<\/title>\n<meta name=\"robots\" content=\"index, follow, max-snippet:-1, max-image-preview:large, max-video-preview:-1\" \/>\n<link rel=\"canonical\" href=\"https:\/\/radiaatorikeskus.ee\/fi\/tuote\/katherm-hk\/\" \/>\n<meta property=\"og:locale\" content=\"fi_FI\" \/>\n<meta property=\"og:type\" content=\"article\" \/>\n<meta property=\"og:title\" content=\"Katherm HK - Radiaatorikeskus\" \/>\n<meta property=\"og:description\" content=\"L\u00e4mp\u00f6pumpun kanssa yhteensopiva tuote soveltuu k\u00e4ytett\u00e4v\u00e4ksi l\u00e4mp\u00f6pumpun tai muun matalal\u00e4mp\u00f6tilaj\u00e4rjestelm\u00e4n kanssa.  V\u00e4henn\u00e4 energiantarvetta, k\u00e4ytt\u00f6kustannuksia ja p\u00e4\u00e4st\u00f6j\u00e4 l\u00e4mp\u00f6pumppuun sopivalla tuotevalikoimallamme. V\u00e4henn\u00e4 my\u00f6s omaa ja asiakkaidesi riippuvuutta fossiilisista polttoaineista. Meill\u00e4 on sopivat l\u00e4mp\u00f6pumppuratkaisut moniin k\u00e4ytt\u00f6paikkoihin teollisuusrakennuksista, toimistorakennuksista ja hotelleista yksityiskoteihin.\" \/>\n<meta property=\"og:url\" content=\"https:\/\/radiaatorikeskus.ee\/fi\/tuote\/katherm-hk\/\" \/>\n<meta property=\"og:site_name\" content=\"Radiaatorikeskus\" \/>\n<meta property=\"article:modified_time\" content=\"2024-08-12T12:19:42+00:00\" \/>\n<meta property=\"og:image\" content=\"https:\/\/radiaatorikeskus.ee\/wp-content\/uploads\/2023\/10\/Kampmann-Katherm-HK-1.jpeg\" \/>\n\t<meta property=\"og:image:width\" content=\"538\" \/>\n\t<meta property=\"og:image:height\" content=\"265\" \/>\n\t<meta property=\"og:image:type\" content=\"image\/jpeg\" \/>\n<meta name=\"twitter:card\" content=\"summary_large_image\" \/>\n<meta name=\"twitter:label1\" content=\"Arvioitu lukuaika\" \/>\n\t<meta name=\"twitter:data1\" content=\"2 minuuttia\" \/>\n<script type=\"application\/ld+json\" class=\"yoast-schema-graph\">{\"@context\":\"https:\/\/schema.org\",\"@graph\":[{\"@type\":\"WebPage\",\"@id\":\"https:\/\/radiaatorikeskus.ee\/fi\/tuote\/katherm-hk\/\",\"url\":\"https:\/\/radiaatorikeskus.ee\/fi\/tuote\/katherm-hk\/\",\"name\":\"Katherm HK - Radiaatorikeskus\",\"isPartOf\":{\"@id\":\"https:\/\/radiaatorikeskus.ee\/fi\/#website\"},\"primaryImageOfPage\":{\"@id\":\"https:\/\/radiaatorikeskus.ee\/fi\/tuote\/katherm-hk\/#primaryimage\"},\"image\":{\"@id\":\"https:\/\/radiaatorikeskus.ee\/fi\/tuote\/katherm-hk\/#primaryimage\"},\"thumbnailUrl\":\"https:\/\/radiaatorikeskus.ee\/wp-content\/uploads\/2023\/10\/Kampmann-Katherm-HK-1.jpeg\",\"datePublished\":\"2023-10-11T07:59:00+00:00\",\"dateModified\":\"2024-08-12T12:19:42+00:00\",\"breadcrumb\":{\"@id\":\"https:\/\/radiaatorikeskus.ee\/fi\/tuote\/katherm-hk\/#breadcrumb\"},\"inLanguage\":\"fi\",\"potentialAction\":[{\"@type\":\"ReadAction\",\"target\":[\"https:\/\/radiaatorikeskus.ee\/fi\/tuote\/katherm-hk\/\"]}]},{\"@type\":\"ImageObject\",\"inLanguage\":\"fi\",\"@id\":\"https:\/\/radiaatorikeskus.ee\/fi\/tuote\/katherm-hk\/#primaryimage\",\"url\":\"https:\/\/radiaatorikeskus.ee\/wp-content\/uploads\/2023\/10\/Kampmann-Katherm-HK-1.jpeg\",\"contentUrl\":\"https:\/\/radiaatorikeskus.ee\/wp-content\/uploads\/2023\/10\/Kampmann-Katherm-HK-1.jpeg\",\"width\":538,\"height\":265},{\"@type\":\"BreadcrumbList\",\"@id\":\"https:\/\/radiaatorikeskus.ee\/fi\/tuote\/katherm-hk\/#breadcrumb\",\"itemListElement\":[{\"@type\":\"ListItem\",\"position\":1,\"name\":\"Kotisivu\",\"item\":\"https:\/\/radiaatorikeskus.ee\/fi\/\"},{\"@type\":\"ListItem\",\"position\":2,\"name\":\"Tuotteet\",\"item\":\"https:\/\/radiaatorikeskus.ee\/fi\/tuotteet\/\"},{\"@type\":\"ListItem\",\"position\":3,\"name\":\"Katherm HK\"}]},{\"@type\":\"WebSite\",\"@id\":\"https:\/\/radiaatorikeskus.ee\/fi\/#website\",\"url\":\"https:\/\/radiaatorikeskus.ee\/fi\/\",\"name\":\"Radiaatorikeskus\",\"description\":\"Parim radiaatorite valik Eestis\",\"potentialAction\":[{\"@type\":\"SearchAction\",\"target\":{\"@type\":\"EntryPoint\",\"urlTemplate\":\"https:\/\/radiaatorikeskus.ee\/fi\/?s={search_term_string}\"},\"query-input\":{\"@type\":\"PropertyValueSpecification\",\"valueRequired\":true,\"valueName\":\"search_term_string\"}}],\"inLanguage\":\"fi\"}]}<\/script>\n<!-- \/ Yoast SEO plugin. -->","yoast_head_json":{"title":"Katherm HK - Radiaatorikeskus","robots":{"index":"index","follow":"follow","max-snippet":"max-snippet:-1","max-image-preview":"max-image-preview:large","max-video-preview":"max-video-preview:-1"},"canonical":"https:\/\/radiaatorikeskus.ee\/fi\/tuote\/katherm-hk\/","og_locale":"fi_FI","og_type":"article","og_title":"Katherm HK - Radiaatorikeskus","og_description":"L\u00e4mp\u00f6pumpun kanssa yhteensopiva tuote soveltuu k\u00e4ytett\u00e4v\u00e4ksi l\u00e4mp\u00f6pumpun tai muun matalal\u00e4mp\u00f6tilaj\u00e4rjestelm\u00e4n kanssa.  V\u00e4henn\u00e4 energiantarvetta, k\u00e4ytt\u00f6kustannuksia ja p\u00e4\u00e4st\u00f6j\u00e4 l\u00e4mp\u00f6pumppuun sopivalla tuotevalikoimallamme. V\u00e4henn\u00e4 my\u00f6s omaa ja asiakkaidesi riippuvuutta fossiilisista polttoaineista. Meill\u00e4 on sopivat l\u00e4mp\u00f6pumppuratkaisut moniin k\u00e4ytt\u00f6paikkoihin teollisuusrakennuksista, toimistorakennuksista ja hotelleista yksityiskoteihin.","og_url":"https:\/\/radiaatorikeskus.ee\/fi\/tuote\/katherm-hk\/","og_site_name":"Radiaatorikeskus","article_modified_time":"2024-08-12T12:19:42+00:00","og_image":[{"width":538,"height":265,"url":"https:\/\/radiaatorikeskus.ee\/wp-content\/uploads\/2023\/10\/Kampmann-Katherm-HK-1.jpeg","type":"image\/jpeg"}],"twitter_card":"summary_large_image","twitter_misc":{"Arvioitu lukuaika":"2 minuuttia"},"schema":{"@context":"https:\/\/schema.org","@graph":[{"@type":"WebPage","@id":"https:\/\/radiaatorikeskus.ee\/fi\/tuote\/katherm-hk\/","url":"https:\/\/radiaatorikeskus.ee\/fi\/tuote\/katherm-hk\/","name":"Katherm HK - Radiaatorikeskus","isPartOf":{"@id":"https:\/\/radiaatorikeskus.ee\/fi\/#website"},"primaryImageOfPage":{"@id":"https:\/\/radiaatorikeskus.ee\/fi\/tuote\/katherm-hk\/#primaryimage"},"image":{"@id":"https:\/\/radiaatorikeskus.ee\/fi\/tuote\/katherm-hk\/#primaryimage"},"thumbnailUrl":"https:\/\/radiaatorikeskus.ee\/wp-content\/uploads\/2023\/10\/Kampmann-Katherm-HK-1.jpeg","datePublished":"2023-10-11T07:59:00+00:00","dateModified":"2024-08-12T12:19:42+00:00","breadcrumb":{"@id":"https:\/\/radiaatorikeskus.ee\/fi\/tuote\/katherm-hk\/#breadcrumb"},"inLanguage":"fi","potentialAction":[{"@type":"ReadAction","target":["https:\/\/radiaatorikeskus.ee\/fi\/tuote\/katherm-hk\/"]}]},{"@type":"ImageObject","inLanguage":"fi","@id":"https:\/\/radiaatorikeskus.ee\/fi\/tuote\/katherm-hk\/#primaryimage","url":"https:\/\/radiaatorikeskus.ee\/wp-content\/uploads\/2023\/10\/Kampmann-Katherm-HK-1.jpeg","contentUrl":"https:\/\/radiaatorikeskus.ee\/wp-content\/uploads\/2023\/10\/Kampmann-Katherm-HK-1.jpeg","width":538,"height":265},{"@type":"BreadcrumbList","@id":"https:\/\/radiaatorikeskus.ee\/fi\/tuote\/katherm-hk\/#breadcrumb","itemListElement":[{"@type":"ListItem","position":1,"name":"Kotisivu","item":"https:\/\/radiaatorikeskus.ee\/fi\/"},{"@type":"ListItem","position":2,"name":"Tuotteet","item":"https:\/\/radiaatorikeskus.ee\/fi\/tuotteet\/"},{"@type":"ListItem","position":3,"name":"Katherm HK"}]},{"@type":"WebSite","@id":"https:\/\/radiaatorikeskus.ee\/fi\/#website","url":"https:\/\/radiaatorikeskus.ee\/fi\/","name":"Radiaatorikeskus","description":"Parim radiaatorite valik Eestis","potentialAction":[{"@type":"SearchAction","target":{"@type":"EntryPoint","urlTemplate":"https:\/\/radiaatorikeskus.ee\/fi\/?s={search_term_string}"},"query-input":{"@type":"PropertyValueSpecification","valueRequired":true,"valueName":"search_term_string"}}],"inLanguage":"fi"}]}},"_links":{"self":[{"href":"https:\/\/radiaatorikeskus.ee\/fi\/wp-json\/wp\/v2\/product\/4074","targetHints":{"allow":["GET"]}}],"collection":[{"href":"https:\/\/radiaatorikeskus.ee\/fi\/wp-json\/wp\/v2\/product"}],"about":[{"href":"https:\/\/radiaatorikeskus.ee\/fi\/wp-json\/wp\/v2\/types\/product"}],"wp:featuredmedia":[{"embeddable":true,"href":"https:\/\/radiaatorikeskus.ee\/fi\/wp-json\/wp\/v2\/media\/4075"}],"wp:attachment":[{"href":"https:\/\/radiaatorikeskus.ee\/fi\/wp-json\/wp\/v2\/media?parent=4074"}],"wp:term":[{"taxonomy":"product_brand","embeddable":true,"href":"https:\/\/radiaatorikeskus.ee\/fi\/wp-json\/wp\/v2\/product_brand?post=4074"},{"taxonomy":"product_cat","embeddable":true,"href":"https:\/\/radiaatorikeskus.ee\/fi\/wp-json\/wp\/v2\/product_cat?post=4074"},{"taxonomy":"product_tag","embeddable":true,"href":"https:\/\/radiaatorikeskus.ee\/fi\/wp-json\/wp\/v2\/product_tag?post=4074"}],"curies":[{"name":"wp","href":"https:\/\/api.w.org\/{rel}","templated":true}]}}