{"id":4081,"date":"2023-10-10T14:18:23","date_gmt":"2023-10-10T11:18:23","guid":{"rendered":"https:\/\/radiaatorikeskus.ee\/toode\/rift\/"},"modified":"2024-08-12T14:52:59","modified_gmt":"2024-08-12T11:52:59","slug":"rift","status":"publish","type":"product","link":"https:\/\/radiaatorikeskus.ee\/fi\/tuote\/rift\/","title":{"rendered":"Rift"},"content":{"rendered":"","protected":false},"excerpt":{"rendered":"<p>Rift on designradiaattori, joka koostuu suulakepuristetuista alumiinimoduuleista, jotka voidaan sijoittaa vaaka- tai pystysuoraan, kohdistetusti, kohdistamatta tai k\u00e4\u00e4nnettyn\u00e4 luoden veistoksellisia, symmetrisi\u00e4 tai ep\u00e4symmetrisi\u00e4 kokoonpanoja.<\/p>\n<p>Designradiaattori, joka tyydytt\u00e4\u00e4 jokaisen suunnittelijan sisustushalut. Saatavilla on kaksi erikokoista moduulia (15 tai 24 cm leve\u00e4), joita voidaan yhdistell\u00e4 eri v\u00e4reiss\u00e4 ja asettelulla. Eritt\u00e4in mukautuva radiaattori, joka vastaa yksil\u00f6llisi\u00e4 tarpeitasi ja sopii l\u00e4mmitett\u00e4v\u00e4n huoneen todelliseen kokoon.<\/p>\n","protected":false},"featured_media":4082,"template":"","meta":{"_acf_changed":false},"product_brand":[],"product_cat":[122],"product_tag":[132],"class_list":{"0":"post-4081","1":"product","2":"type-product","3":"status-publish","4":"has-post-thumbnail","6":"product_cat-alumiiniradiaattorit","7":"product_tag-tubes-fi","9":"first","10":"instock","11":"taxable","12":"shipping-taxable","13":"product-type-simple"},"acf":[],"yoast_head":"<!-- This site is optimized with the Yoast SEO plugin v26.2 - https:\/\/yoast.com\/wordpress\/plugins\/seo\/ -->\n<title>Rift - Radiaatorikeskus<\/title>\n<meta name=\"robots\" content=\"index, follow, max-snippet:-1, max-image-preview:large, max-video-preview:-1\" \/>\n<link rel=\"canonical\" href=\"https:\/\/radiaatorikeskus.ee\/fi\/tuote\/rift\/\" \/>\n<meta property=\"og:locale\" content=\"fi_FI\" \/>\n<meta property=\"og:type\" content=\"article\" \/>\n<meta property=\"og:title\" content=\"Rift - Radiaatorikeskus\" \/>\n<meta property=\"og:description\" content=\"Rift on designradiaattori, joka koostuu suulakepuristetuista alumiinimoduuleista, jotka voidaan sijoittaa vaaka- tai pystysuoraan, kohdistetusti, kohdistamatta tai k\u00e4\u00e4nnettyn\u00e4 luoden veistoksellisia, symmetrisi\u00e4 tai ep\u00e4symmetrisi\u00e4 kokoonpanoja.  Designradiaattori, joka tyydytt\u00e4\u00e4 jokaisen suunnittelijan sisustushalut. Saatavilla on kaksi erikokoista moduulia (15 tai 24 cm leve\u00e4), joita voidaan yhdistell\u00e4 eri v\u00e4reiss\u00e4 ja asettelulla. Eritt\u00e4in mukautuva radiaattori, joka vastaa yksil\u00f6llisi\u00e4 tarpeitasi ja sopii l\u00e4mmitett\u00e4v\u00e4n huoneen todelliseen kokoon.\" \/>\n<meta property=\"og:url\" content=\"https:\/\/radiaatorikeskus.ee\/fi\/tuote\/rift\/\" \/>\n<meta property=\"og:site_name\" content=\"Radiaatorikeskus\" \/>\n<meta property=\"article:modified_time\" content=\"2024-08-12T11:52:59+00:00\" \/>\n<meta property=\"og:image\" content=\"https:\/\/radiaatorikeskus.ee\/wp-content\/uploads\/2023\/10\/Tubes-Rift-3.jpeg\" \/>\n\t<meta property=\"og:image:width\" content=\"880\" \/>\n\t<meta property=\"og:image:height\" content=\"624\" \/>\n\t<meta property=\"og:image:type\" content=\"image\/jpeg\" \/>\n<meta name=\"twitter:card\" content=\"summary_large_image\" \/>\n<meta name=\"twitter:label1\" content=\"Arvioitu lukuaika\" \/>\n\t<meta name=\"twitter:data1\" content=\"1 minuutti\" \/>\n<script type=\"application\/ld+json\" class=\"yoast-schema-graph\">{\"@context\":\"https:\/\/schema.org\",\"@graph\":[{\"@type\":\"WebPage\",\"@id\":\"https:\/\/radiaatorikeskus.ee\/fi\/tuote\/rift\/\",\"url\":\"https:\/\/radiaatorikeskus.ee\/fi\/tuote\/rift\/\",\"name\":\"Rift - Radiaatorikeskus\",\"isPartOf\":{\"@id\":\"https:\/\/radiaatorikeskus.ee\/fi\/#website\"},\"primaryImageOfPage\":{\"@id\":\"https:\/\/radiaatorikeskus.ee\/fi\/tuote\/rift\/#primaryimage\"},\"image\":{\"@id\":\"https:\/\/radiaatorikeskus.ee\/fi\/tuote\/rift\/#primaryimage\"},\"thumbnailUrl\":\"https:\/\/radiaatorikeskus.ee\/wp-content\/uploads\/2023\/10\/Tubes-Rift-3.jpeg\",\"datePublished\":\"2023-10-10T11:18:23+00:00\",\"dateModified\":\"2024-08-12T11:52:59+00:00\",\"breadcrumb\":{\"@id\":\"https:\/\/radiaatorikeskus.ee\/fi\/tuote\/rift\/#breadcrumb\"},\"inLanguage\":\"fi\",\"potentialAction\":[{\"@type\":\"ReadAction\",\"target\":[\"https:\/\/radiaatorikeskus.ee\/fi\/tuote\/rift\/\"]}]},{\"@type\":\"ImageObject\",\"inLanguage\":\"fi\",\"@id\":\"https:\/\/radiaatorikeskus.ee\/fi\/tuote\/rift\/#primaryimage\",\"url\":\"https:\/\/radiaatorikeskus.ee\/wp-content\/uploads\/2023\/10\/Tubes-Rift-3.jpeg\",\"contentUrl\":\"https:\/\/radiaatorikeskus.ee\/wp-content\/uploads\/2023\/10\/Tubes-Rift-3.jpeg\",\"width\":880,\"height\":624},{\"@type\":\"BreadcrumbList\",\"@id\":\"https:\/\/radiaatorikeskus.ee\/fi\/tuote\/rift\/#breadcrumb\",\"itemListElement\":[{\"@type\":\"ListItem\",\"position\":1,\"name\":\"Kotisivu\",\"item\":\"https:\/\/radiaatorikeskus.ee\/fi\/\"},{\"@type\":\"ListItem\",\"position\":2,\"name\":\"Tuotteet\",\"item\":\"https:\/\/radiaatorikeskus.ee\/fi\/tuotteet\/\"},{\"@type\":\"ListItem\",\"position\":3,\"name\":\"Rift\"}]},{\"@type\":\"WebSite\",\"@id\":\"https:\/\/radiaatorikeskus.ee\/fi\/#website\",\"url\":\"https:\/\/radiaatorikeskus.ee\/fi\/\",\"name\":\"Radiaatorikeskus\",\"description\":\"Parim radiaatorite valik Eestis\",\"potentialAction\":[{\"@type\":\"SearchAction\",\"target\":{\"@type\":\"EntryPoint\",\"urlTemplate\":\"https:\/\/radiaatorikeskus.ee\/fi\/?s={search_term_string}\"},\"query-input\":{\"@type\":\"PropertyValueSpecification\",\"valueRequired\":true,\"valueName\":\"search_term_string\"}}],\"inLanguage\":\"fi\"}]}<\/script>\n<!-- \/ Yoast SEO plugin. -->","yoast_head_json":{"title":"Rift - Radiaatorikeskus","robots":{"index":"index","follow":"follow","max-snippet":"max-snippet:-1","max-image-preview":"max-image-preview:large","max-video-preview":"max-video-preview:-1"},"canonical":"https:\/\/radiaatorikeskus.ee\/fi\/tuote\/rift\/","og_locale":"fi_FI","og_type":"article","og_title":"Rift - Radiaatorikeskus","og_description":"Rift on designradiaattori, joka koostuu suulakepuristetuista alumiinimoduuleista, jotka voidaan sijoittaa vaaka- tai pystysuoraan, kohdistetusti, kohdistamatta tai k\u00e4\u00e4nnettyn\u00e4 luoden veistoksellisia, symmetrisi\u00e4 tai ep\u00e4symmetrisi\u00e4 kokoonpanoja.  Designradiaattori, joka tyydytt\u00e4\u00e4 jokaisen suunnittelijan sisustushalut. Saatavilla on kaksi erikokoista moduulia (15 tai 24 cm leve\u00e4), joita voidaan yhdistell\u00e4 eri v\u00e4reiss\u00e4 ja asettelulla. Eritt\u00e4in mukautuva radiaattori, joka vastaa yksil\u00f6llisi\u00e4 tarpeitasi ja sopii l\u00e4mmitett\u00e4v\u00e4n huoneen todelliseen kokoon.","og_url":"https:\/\/radiaatorikeskus.ee\/fi\/tuote\/rift\/","og_site_name":"Radiaatorikeskus","article_modified_time":"2024-08-12T11:52:59+00:00","og_image":[{"width":880,"height":624,"url":"https:\/\/radiaatorikeskus.ee\/wp-content\/uploads\/2023\/10\/Tubes-Rift-3.jpeg","type":"image\/jpeg"}],"twitter_card":"summary_large_image","twitter_misc":{"Arvioitu lukuaika":"1 minuutti"},"schema":{"@context":"https:\/\/schema.org","@graph":[{"@type":"WebPage","@id":"https:\/\/radiaatorikeskus.ee\/fi\/tuote\/rift\/","url":"https:\/\/radiaatorikeskus.ee\/fi\/tuote\/rift\/","name":"Rift - Radiaatorikeskus","isPartOf":{"@id":"https:\/\/radiaatorikeskus.ee\/fi\/#website"},"primaryImageOfPage":{"@id":"https:\/\/radiaatorikeskus.ee\/fi\/tuote\/rift\/#primaryimage"},"image":{"@id":"https:\/\/radiaatorikeskus.ee\/fi\/tuote\/rift\/#primaryimage"},"thumbnailUrl":"https:\/\/radiaatorikeskus.ee\/wp-content\/uploads\/2023\/10\/Tubes-Rift-3.jpeg","datePublished":"2023-10-10T11:18:23+00:00","dateModified":"2024-08-12T11:52:59+00:00","breadcrumb":{"@id":"https:\/\/radiaatorikeskus.ee\/fi\/tuote\/rift\/#breadcrumb"},"inLanguage":"fi","potentialAction":[{"@type":"ReadAction","target":["https:\/\/radiaatorikeskus.ee\/fi\/tuote\/rift\/"]}]},{"@type":"ImageObject","inLanguage":"fi","@id":"https:\/\/radiaatorikeskus.ee\/fi\/tuote\/rift\/#primaryimage","url":"https:\/\/radiaatorikeskus.ee\/wp-content\/uploads\/2023\/10\/Tubes-Rift-3.jpeg","contentUrl":"https:\/\/radiaatorikeskus.ee\/wp-content\/uploads\/2023\/10\/Tubes-Rift-3.jpeg","width":880,"height":624},{"@type":"BreadcrumbList","@id":"https:\/\/radiaatorikeskus.ee\/fi\/tuote\/rift\/#breadcrumb","itemListElement":[{"@type":"ListItem","position":1,"name":"Kotisivu","item":"https:\/\/radiaatorikeskus.ee\/fi\/"},{"@type":"ListItem","position":2,"name":"Tuotteet","item":"https:\/\/radiaatorikeskus.ee\/fi\/tuotteet\/"},{"@type":"ListItem","position":3,"name":"Rift"}]},{"@type":"WebSite","@id":"https:\/\/radiaatorikeskus.ee\/fi\/#website","url":"https:\/\/radiaatorikeskus.ee\/fi\/","name":"Radiaatorikeskus","description":"Parim radiaatorite valik Eestis","potentialAction":[{"@type":"SearchAction","target":{"@type":"EntryPoint","urlTemplate":"https:\/\/radiaatorikeskus.ee\/fi\/?s={search_term_string}"},"query-input":{"@type":"PropertyValueSpecification","valueRequired":true,"valueName":"search_term_string"}}],"inLanguage":"fi"}]}},"_links":{"self":[{"href":"https:\/\/radiaatorikeskus.ee\/fi\/wp-json\/wp\/v2\/product\/4081","targetHints":{"allow":["GET"]}}],"collection":[{"href":"https:\/\/radiaatorikeskus.ee\/fi\/wp-json\/wp\/v2\/product"}],"about":[{"href":"https:\/\/radiaatorikeskus.ee\/fi\/wp-json\/wp\/v2\/types\/product"}],"wp:featuredmedia":[{"embeddable":true,"href":"https:\/\/radiaatorikeskus.ee\/fi\/wp-json\/wp\/v2\/media\/4082"}],"wp:attachment":[{"href":"https:\/\/radiaatorikeskus.ee\/fi\/wp-json\/wp\/v2\/media?parent=4081"}],"wp:term":[{"taxonomy":"product_brand","embeddable":true,"href":"https:\/\/radiaatorikeskus.ee\/fi\/wp-json\/wp\/v2\/product_brand?post=4081"},{"taxonomy":"product_cat","embeddable":true,"href":"https:\/\/radiaatorikeskus.ee\/fi\/wp-json\/wp\/v2\/product_cat?post=4081"},{"taxonomy":"product_tag","embeddable":true,"href":"https:\/\/radiaatorikeskus.ee\/fi\/wp-json\/wp\/v2\/product_tag?post=4081"}],"curies":[{"name":"wp","href":"https:\/\/api.w.org\/{rel}","templated":true}]}}