{"id":4147,"date":"2023-10-10T12:59:28","date_gmt":"2023-10-10T09:59:28","guid":{"rendered":"https:\/\/radiaatorikeskus.ee\/toode\/oreste-emma\/"},"modified":"2024-08-12T14:49:45","modified_gmt":"2024-08-12T11:49:45","slug":"oreste-emma","status":"publish","type":"product","link":"https:\/\/radiaatorikeskus.ee\/fi\/tuote\/oreste-emma\/","title":{"rendered":"Oreste &amp; Emma"},"content":{"rendered":"","protected":false},"excerpt":{"rendered":"<p>MODERNIT RADIAATTORIT<\/p>\n<p>Andrea Crosettan suunnittelemat Oreste ja Emma ovat moderneja radiaattoreita, jotka l\u00e4mmitt\u00e4v\u00e4t tilaa ja lis\u00e4\u00e4v\u00e4t iloa kotiin. N\u00e4m\u00e4 eritt\u00e4in omaper\u00e4iset modernit radiaattorit on suunniteltu ensisijaisesti kylpyhuoneeseen, jossa niit\u00e4 voidaan k\u00e4ytt\u00e4\u00e4 kylpytakin l\u00e4mmittimin\u00e4. Ne sopivat erinomaisesti my\u00f6s pop-tyylisiin julkisiin tiloihin, kuten ravintoloihin, baareihin ja trendikk\u00e4isiin y\u00f6kerhoihin.<\/p>\n","protected":false},"featured_media":4148,"template":"","meta":{"_acf_changed":false},"product_brand":[],"product_cat":[122],"product_tag":[133],"class_list":{"0":"post-4147","1":"product","2":"type-product","3":"status-publish","4":"has-post-thumbnail","6":"product_cat-alumiiniradiaattorit","7":"product_tag-antrax-it-fi","9":"first","10":"instock","11":"taxable","12":"shipping-taxable","13":"product-type-simple"},"acf":[],"yoast_head":"<!-- This site is optimized with the Yoast SEO plugin v26.2 - https:\/\/yoast.com\/wordpress\/plugins\/seo\/ -->\n<title>Oreste &amp; Emma - Radiaatorikeskus<\/title>\n<meta name=\"robots\" content=\"index, follow, max-snippet:-1, max-image-preview:large, max-video-preview:-1\" \/>\n<link rel=\"canonical\" href=\"https:\/\/radiaatorikeskus.ee\/fi\/tuote\/oreste-emma\/\" \/>\n<meta property=\"og:locale\" content=\"fi_FI\" \/>\n<meta property=\"og:type\" content=\"article\" \/>\n<meta property=\"og:title\" content=\"Oreste &amp; Emma - Radiaatorikeskus\" \/>\n<meta property=\"og:description\" content=\"MODERNIT RADIAATTORIT  Andrea Crosettan suunnittelemat Oreste ja Emma ovat moderneja radiaattoreita, jotka l\u00e4mmitt\u00e4v\u00e4t tilaa ja lis\u00e4\u00e4v\u00e4t iloa kotiin. N\u00e4m\u00e4 eritt\u00e4in omaper\u00e4iset modernit radiaattorit on suunniteltu ensisijaisesti kylpyhuoneeseen, jossa niit\u00e4 voidaan k\u00e4ytt\u00e4\u00e4 kylpytakin l\u00e4mmittimin\u00e4. Ne sopivat erinomaisesti my\u00f6s pop-tyylisiin julkisiin tiloihin, kuten ravintoloihin, baareihin ja trendikk\u00e4isiin y\u00f6kerhoihin.\" \/>\n<meta property=\"og:url\" content=\"https:\/\/radiaatorikeskus.ee\/fi\/tuote\/oreste-emma\/\" \/>\n<meta property=\"og:site_name\" content=\"Radiaatorikeskus\" \/>\n<meta property=\"article:modified_time\" content=\"2024-08-12T11:49:45+00:00\" \/>\n<meta property=\"og:image\" content=\"https:\/\/radiaatorikeskus.ee\/wp-content\/uploads\/2023\/10\/Antrax-IT-Oreste-Emma-7.jpeg\" \/>\n\t<meta property=\"og:image:width\" content=\"800\" \/>\n\t<meta property=\"og:image:height\" content=\"800\" \/>\n\t<meta property=\"og:image:type\" content=\"image\/jpeg\" \/>\n<meta name=\"twitter:card\" content=\"summary_large_image\" \/>\n<meta name=\"twitter:label1\" content=\"Arvioitu lukuaika\" \/>\n\t<meta name=\"twitter:data1\" content=\"1 minuutti\" \/>\n<script type=\"application\/ld+json\" class=\"yoast-schema-graph\">{\"@context\":\"https:\/\/schema.org\",\"@graph\":[{\"@type\":\"WebPage\",\"@id\":\"https:\/\/radiaatorikeskus.ee\/fi\/tuote\/oreste-emma\/\",\"url\":\"https:\/\/radiaatorikeskus.ee\/fi\/tuote\/oreste-emma\/\",\"name\":\"Oreste &amp; Emma - Radiaatorikeskus\",\"isPartOf\":{\"@id\":\"https:\/\/radiaatorikeskus.ee\/fi\/#website\"},\"primaryImageOfPage\":{\"@id\":\"https:\/\/radiaatorikeskus.ee\/fi\/tuote\/oreste-emma\/#primaryimage\"},\"image\":{\"@id\":\"https:\/\/radiaatorikeskus.ee\/fi\/tuote\/oreste-emma\/#primaryimage\"},\"thumbnailUrl\":\"https:\/\/radiaatorikeskus.ee\/wp-content\/uploads\/2023\/10\/Antrax-IT-Oreste-Emma-7.jpeg\",\"datePublished\":\"2023-10-10T09:59:28+00:00\",\"dateModified\":\"2024-08-12T11:49:45+00:00\",\"breadcrumb\":{\"@id\":\"https:\/\/radiaatorikeskus.ee\/fi\/tuote\/oreste-emma\/#breadcrumb\"},\"inLanguage\":\"fi\",\"potentialAction\":[{\"@type\":\"ReadAction\",\"target\":[\"https:\/\/radiaatorikeskus.ee\/fi\/tuote\/oreste-emma\/\"]}]},{\"@type\":\"ImageObject\",\"inLanguage\":\"fi\",\"@id\":\"https:\/\/radiaatorikeskus.ee\/fi\/tuote\/oreste-emma\/#primaryimage\",\"url\":\"https:\/\/radiaatorikeskus.ee\/wp-content\/uploads\/2023\/10\/Antrax-IT-Oreste-Emma-7.jpeg\",\"contentUrl\":\"https:\/\/radiaatorikeskus.ee\/wp-content\/uploads\/2023\/10\/Antrax-IT-Oreste-Emma-7.jpeg\",\"width\":800,\"height\":800},{\"@type\":\"BreadcrumbList\",\"@id\":\"https:\/\/radiaatorikeskus.ee\/fi\/tuote\/oreste-emma\/#breadcrumb\",\"itemListElement\":[{\"@type\":\"ListItem\",\"position\":1,\"name\":\"Kotisivu\",\"item\":\"https:\/\/radiaatorikeskus.ee\/fi\/\"},{\"@type\":\"ListItem\",\"position\":2,\"name\":\"Tuotteet\",\"item\":\"https:\/\/radiaatorikeskus.ee\/fi\/tuotteet\/\"},{\"@type\":\"ListItem\",\"position\":3,\"name\":\"Oreste &amp; Emma\"}]},{\"@type\":\"WebSite\",\"@id\":\"https:\/\/radiaatorikeskus.ee\/fi\/#website\",\"url\":\"https:\/\/radiaatorikeskus.ee\/fi\/\",\"name\":\"Radiaatorikeskus\",\"description\":\"Parim radiaatorite valik Eestis\",\"potentialAction\":[{\"@type\":\"SearchAction\",\"target\":{\"@type\":\"EntryPoint\",\"urlTemplate\":\"https:\/\/radiaatorikeskus.ee\/fi\/?s={search_term_string}\"},\"query-input\":{\"@type\":\"PropertyValueSpecification\",\"valueRequired\":true,\"valueName\":\"search_term_string\"}}],\"inLanguage\":\"fi\"}]}<\/script>\n<!-- \/ Yoast SEO plugin. -->","yoast_head_json":{"title":"Oreste &amp; Emma - Radiaatorikeskus","robots":{"index":"index","follow":"follow","max-snippet":"max-snippet:-1","max-image-preview":"max-image-preview:large","max-video-preview":"max-video-preview:-1"},"canonical":"https:\/\/radiaatorikeskus.ee\/fi\/tuote\/oreste-emma\/","og_locale":"fi_FI","og_type":"article","og_title":"Oreste &amp; Emma - Radiaatorikeskus","og_description":"MODERNIT RADIAATTORIT  Andrea Crosettan suunnittelemat Oreste ja Emma ovat moderneja radiaattoreita, jotka l\u00e4mmitt\u00e4v\u00e4t tilaa ja lis\u00e4\u00e4v\u00e4t iloa kotiin. N\u00e4m\u00e4 eritt\u00e4in omaper\u00e4iset modernit radiaattorit on suunniteltu ensisijaisesti kylpyhuoneeseen, jossa niit\u00e4 voidaan k\u00e4ytt\u00e4\u00e4 kylpytakin l\u00e4mmittimin\u00e4. Ne sopivat erinomaisesti my\u00f6s pop-tyylisiin julkisiin tiloihin, kuten ravintoloihin, baareihin ja trendikk\u00e4isiin y\u00f6kerhoihin.","og_url":"https:\/\/radiaatorikeskus.ee\/fi\/tuote\/oreste-emma\/","og_site_name":"Radiaatorikeskus","article_modified_time":"2024-08-12T11:49:45+00:00","og_image":[{"width":800,"height":800,"url":"https:\/\/radiaatorikeskus.ee\/wp-content\/uploads\/2023\/10\/Antrax-IT-Oreste-Emma-7.jpeg","type":"image\/jpeg"}],"twitter_card":"summary_large_image","twitter_misc":{"Arvioitu lukuaika":"1 minuutti"},"schema":{"@context":"https:\/\/schema.org","@graph":[{"@type":"WebPage","@id":"https:\/\/radiaatorikeskus.ee\/fi\/tuote\/oreste-emma\/","url":"https:\/\/radiaatorikeskus.ee\/fi\/tuote\/oreste-emma\/","name":"Oreste &amp; Emma - Radiaatorikeskus","isPartOf":{"@id":"https:\/\/radiaatorikeskus.ee\/fi\/#website"},"primaryImageOfPage":{"@id":"https:\/\/radiaatorikeskus.ee\/fi\/tuote\/oreste-emma\/#primaryimage"},"image":{"@id":"https:\/\/radiaatorikeskus.ee\/fi\/tuote\/oreste-emma\/#primaryimage"},"thumbnailUrl":"https:\/\/radiaatorikeskus.ee\/wp-content\/uploads\/2023\/10\/Antrax-IT-Oreste-Emma-7.jpeg","datePublished":"2023-10-10T09:59:28+00:00","dateModified":"2024-08-12T11:49:45+00:00","breadcrumb":{"@id":"https:\/\/radiaatorikeskus.ee\/fi\/tuote\/oreste-emma\/#breadcrumb"},"inLanguage":"fi","potentialAction":[{"@type":"ReadAction","target":["https:\/\/radiaatorikeskus.ee\/fi\/tuote\/oreste-emma\/"]}]},{"@type":"ImageObject","inLanguage":"fi","@id":"https:\/\/radiaatorikeskus.ee\/fi\/tuote\/oreste-emma\/#primaryimage","url":"https:\/\/radiaatorikeskus.ee\/wp-content\/uploads\/2023\/10\/Antrax-IT-Oreste-Emma-7.jpeg","contentUrl":"https:\/\/radiaatorikeskus.ee\/wp-content\/uploads\/2023\/10\/Antrax-IT-Oreste-Emma-7.jpeg","width":800,"height":800},{"@type":"BreadcrumbList","@id":"https:\/\/radiaatorikeskus.ee\/fi\/tuote\/oreste-emma\/#breadcrumb","itemListElement":[{"@type":"ListItem","position":1,"name":"Kotisivu","item":"https:\/\/radiaatorikeskus.ee\/fi\/"},{"@type":"ListItem","position":2,"name":"Tuotteet","item":"https:\/\/radiaatorikeskus.ee\/fi\/tuotteet\/"},{"@type":"ListItem","position":3,"name":"Oreste &amp; Emma"}]},{"@type":"WebSite","@id":"https:\/\/radiaatorikeskus.ee\/fi\/#website","url":"https:\/\/radiaatorikeskus.ee\/fi\/","name":"Radiaatorikeskus","description":"Parim radiaatorite valik Eestis","potentialAction":[{"@type":"SearchAction","target":{"@type":"EntryPoint","urlTemplate":"https:\/\/radiaatorikeskus.ee\/fi\/?s={search_term_string}"},"query-input":{"@type":"PropertyValueSpecification","valueRequired":true,"valueName":"search_term_string"}}],"inLanguage":"fi"}]}},"_links":{"self":[{"href":"https:\/\/radiaatorikeskus.ee\/fi\/wp-json\/wp\/v2\/product\/4147","targetHints":{"allow":["GET"]}}],"collection":[{"href":"https:\/\/radiaatorikeskus.ee\/fi\/wp-json\/wp\/v2\/product"}],"about":[{"href":"https:\/\/radiaatorikeskus.ee\/fi\/wp-json\/wp\/v2\/types\/product"}],"wp:featuredmedia":[{"embeddable":true,"href":"https:\/\/radiaatorikeskus.ee\/fi\/wp-json\/wp\/v2\/media\/4148"}],"wp:attachment":[{"href":"https:\/\/radiaatorikeskus.ee\/fi\/wp-json\/wp\/v2\/media?parent=4147"}],"wp:term":[{"taxonomy":"product_brand","embeddable":true,"href":"https:\/\/radiaatorikeskus.ee\/fi\/wp-json\/wp\/v2\/product_brand?post=4147"},{"taxonomy":"product_cat","embeddable":true,"href":"https:\/\/radiaatorikeskus.ee\/fi\/wp-json\/wp\/v2\/product_cat?post=4147"},{"taxonomy":"product_tag","embeddable":true,"href":"https:\/\/radiaatorikeskus.ee\/fi\/wp-json\/wp\/v2\/product_tag?post=4147"}],"curies":[{"name":"wp","href":"https:\/\/api.w.org\/{rel}","templated":true}]}}