{"id":4166,"date":"2023-10-10T12:50:31","date_gmt":"2023-10-10T09:50:31","guid":{"rendered":"https:\/\/radiaatorikeskus.ee\/toode\/zero-otto\/"},"modified":"2024-08-12T15:04:31","modified_gmt":"2024-08-12T12:04:31","slug":"zero-otto","status":"publish","type":"product","link":"https:\/\/radiaatorikeskus.ee\/fi\/tuote\/zero-otto\/","title":{"rendered":"Zero-Otto"},"content":{"rendered":"","protected":false},"excerpt":{"rendered":"<p>AINUTLAATUISET PATTERIT<\/p>\n<p>Francesco Lucchesen suunnittelufilosofiassa k\u00e4yt\u00e4nn\u00f6llisyys yhdistyy j\u00e4nnitykseen, jota kauniin esineen k\u00e4ytt\u00f6 ja omistaminen tarjoaa. T\u00e4st\u00e4 filosofiasta ja luovuudesta syntyy ep\u00e4tavallinen Zero-Otto-patteri \u2013 designpattereiden uusi konsepti. L\u00e4mmityksen lis\u00e4ksi yhdest\u00e4 moduulista koostuva Zero-Otto-malli voi vapauttaa huoneeseen my\u00f6s tuoksuja, sill\u00e4 patteriin on asennettu tuoksus\u00e4ili\u00f6.<\/p>\n","protected":false},"featured_media":4167,"template":"","meta":{"_acf_changed":false},"product_brand":[],"product_cat":[122],"product_tag":[133],"class_list":{"0":"post-4166","1":"product","2":"type-product","3":"status-publish","4":"has-post-thumbnail","6":"product_cat-alumiiniradiaattorit","7":"product_tag-antrax-it-fi","9":"first","10":"instock","11":"taxable","12":"shipping-taxable","13":"product-type-simple"},"acf":[],"yoast_head":"<!-- This site is optimized with the Yoast SEO plugin v26.2 - https:\/\/yoast.com\/wordpress\/plugins\/seo\/ -->\n<title>Zero-Otto - Radiaatorikeskus<\/title>\n<meta name=\"robots\" content=\"index, follow, max-snippet:-1, max-image-preview:large, max-video-preview:-1\" \/>\n<link rel=\"canonical\" href=\"https:\/\/radiaatorikeskus.ee\/fi\/tuote\/zero-otto\/\" \/>\n<meta property=\"og:locale\" content=\"fi_FI\" \/>\n<meta property=\"og:type\" content=\"article\" \/>\n<meta property=\"og:title\" content=\"Zero-Otto - Radiaatorikeskus\" \/>\n<meta property=\"og:description\" content=\"AINUTLAATUISET PATTERIT  Francesco Lucchesen suunnittelufilosofiassa k\u00e4yt\u00e4nn\u00f6llisyys yhdistyy j\u00e4nnitykseen, jota kauniin esineen k\u00e4ytt\u00f6 ja omistaminen tarjoaa. T\u00e4st\u00e4 filosofiasta ja luovuudesta syntyy ep\u00e4tavallinen Zero-Otto-patteri \u2013 designpattereiden uusi konsepti. L\u00e4mmityksen lis\u00e4ksi yhdest\u00e4 moduulista koostuva Zero-Otto-malli voi vapauttaa huoneeseen my\u00f6s tuoksuja, sill\u00e4 patteriin on asennettu tuoksus\u00e4ili\u00f6.\" \/>\n<meta property=\"og:url\" content=\"https:\/\/radiaatorikeskus.ee\/fi\/tuote\/zero-otto\/\" \/>\n<meta property=\"og:site_name\" content=\"Radiaatorikeskus\" \/>\n<meta property=\"article:modified_time\" content=\"2024-08-12T12:04:31+00:00\" \/>\n<meta property=\"og:image\" content=\"https:\/\/radiaatorikeskus.ee\/wp-content\/uploads\/2023\/10\/Antrax-IT-Zero-Otto-1.jpeg\" \/>\n\t<meta property=\"og:image:width\" content=\"800\" \/>\n\t<meta property=\"og:image:height\" content=\"800\" \/>\n\t<meta property=\"og:image:type\" content=\"image\/jpeg\" \/>\n<meta name=\"twitter:card\" content=\"summary_large_image\" \/>\n<meta name=\"twitter:label1\" content=\"Arvioitu lukuaika\" \/>\n\t<meta name=\"twitter:data1\" content=\"1 minuutti\" \/>\n<script type=\"application\/ld+json\" class=\"yoast-schema-graph\">{\"@context\":\"https:\/\/schema.org\",\"@graph\":[{\"@type\":\"WebPage\",\"@id\":\"https:\/\/radiaatorikeskus.ee\/fi\/tuote\/zero-otto\/\",\"url\":\"https:\/\/radiaatorikeskus.ee\/fi\/tuote\/zero-otto\/\",\"name\":\"Zero-Otto - Radiaatorikeskus\",\"isPartOf\":{\"@id\":\"https:\/\/radiaatorikeskus.ee\/fi\/#website\"},\"primaryImageOfPage\":{\"@id\":\"https:\/\/radiaatorikeskus.ee\/fi\/tuote\/zero-otto\/#primaryimage\"},\"image\":{\"@id\":\"https:\/\/radiaatorikeskus.ee\/fi\/tuote\/zero-otto\/#primaryimage\"},\"thumbnailUrl\":\"https:\/\/radiaatorikeskus.ee\/wp-content\/uploads\/2023\/10\/Antrax-IT-Zero-Otto-1.jpeg\",\"datePublished\":\"2023-10-10T09:50:31+00:00\",\"dateModified\":\"2024-08-12T12:04:31+00:00\",\"breadcrumb\":{\"@id\":\"https:\/\/radiaatorikeskus.ee\/fi\/tuote\/zero-otto\/#breadcrumb\"},\"inLanguage\":\"fi\",\"potentialAction\":[{\"@type\":\"ReadAction\",\"target\":[\"https:\/\/radiaatorikeskus.ee\/fi\/tuote\/zero-otto\/\"]}]},{\"@type\":\"ImageObject\",\"inLanguage\":\"fi\",\"@id\":\"https:\/\/radiaatorikeskus.ee\/fi\/tuote\/zero-otto\/#primaryimage\",\"url\":\"https:\/\/radiaatorikeskus.ee\/wp-content\/uploads\/2023\/10\/Antrax-IT-Zero-Otto-1.jpeg\",\"contentUrl\":\"https:\/\/radiaatorikeskus.ee\/wp-content\/uploads\/2023\/10\/Antrax-IT-Zero-Otto-1.jpeg\",\"width\":800,\"height\":800},{\"@type\":\"BreadcrumbList\",\"@id\":\"https:\/\/radiaatorikeskus.ee\/fi\/tuote\/zero-otto\/#breadcrumb\",\"itemListElement\":[{\"@type\":\"ListItem\",\"position\":1,\"name\":\"Kotisivu\",\"item\":\"https:\/\/radiaatorikeskus.ee\/fi\/\"},{\"@type\":\"ListItem\",\"position\":2,\"name\":\"Tuotteet\",\"item\":\"https:\/\/radiaatorikeskus.ee\/fi\/tuotteet\/\"},{\"@type\":\"ListItem\",\"position\":3,\"name\":\"Zero-Otto\"}]},{\"@type\":\"WebSite\",\"@id\":\"https:\/\/radiaatorikeskus.ee\/fi\/#website\",\"url\":\"https:\/\/radiaatorikeskus.ee\/fi\/\",\"name\":\"Radiaatorikeskus\",\"description\":\"Parim radiaatorite valik Eestis\",\"potentialAction\":[{\"@type\":\"SearchAction\",\"target\":{\"@type\":\"EntryPoint\",\"urlTemplate\":\"https:\/\/radiaatorikeskus.ee\/fi\/?s={search_term_string}\"},\"query-input\":{\"@type\":\"PropertyValueSpecification\",\"valueRequired\":true,\"valueName\":\"search_term_string\"}}],\"inLanguage\":\"fi\"}]}<\/script>\n<!-- \/ Yoast SEO plugin. -->","yoast_head_json":{"title":"Zero-Otto - Radiaatorikeskus","robots":{"index":"index","follow":"follow","max-snippet":"max-snippet:-1","max-image-preview":"max-image-preview:large","max-video-preview":"max-video-preview:-1"},"canonical":"https:\/\/radiaatorikeskus.ee\/fi\/tuote\/zero-otto\/","og_locale":"fi_FI","og_type":"article","og_title":"Zero-Otto - Radiaatorikeskus","og_description":"AINUTLAATUISET PATTERIT  Francesco Lucchesen suunnittelufilosofiassa k\u00e4yt\u00e4nn\u00f6llisyys yhdistyy j\u00e4nnitykseen, jota kauniin esineen k\u00e4ytt\u00f6 ja omistaminen tarjoaa. T\u00e4st\u00e4 filosofiasta ja luovuudesta syntyy ep\u00e4tavallinen Zero-Otto-patteri \u2013 designpattereiden uusi konsepti. L\u00e4mmityksen lis\u00e4ksi yhdest\u00e4 moduulista koostuva Zero-Otto-malli voi vapauttaa huoneeseen my\u00f6s tuoksuja, sill\u00e4 patteriin on asennettu tuoksus\u00e4ili\u00f6.","og_url":"https:\/\/radiaatorikeskus.ee\/fi\/tuote\/zero-otto\/","og_site_name":"Radiaatorikeskus","article_modified_time":"2024-08-12T12:04:31+00:00","og_image":[{"width":800,"height":800,"url":"https:\/\/radiaatorikeskus.ee\/wp-content\/uploads\/2023\/10\/Antrax-IT-Zero-Otto-1.jpeg","type":"image\/jpeg"}],"twitter_card":"summary_large_image","twitter_misc":{"Arvioitu lukuaika":"1 minuutti"},"schema":{"@context":"https:\/\/schema.org","@graph":[{"@type":"WebPage","@id":"https:\/\/radiaatorikeskus.ee\/fi\/tuote\/zero-otto\/","url":"https:\/\/radiaatorikeskus.ee\/fi\/tuote\/zero-otto\/","name":"Zero-Otto - Radiaatorikeskus","isPartOf":{"@id":"https:\/\/radiaatorikeskus.ee\/fi\/#website"},"primaryImageOfPage":{"@id":"https:\/\/radiaatorikeskus.ee\/fi\/tuote\/zero-otto\/#primaryimage"},"image":{"@id":"https:\/\/radiaatorikeskus.ee\/fi\/tuote\/zero-otto\/#primaryimage"},"thumbnailUrl":"https:\/\/radiaatorikeskus.ee\/wp-content\/uploads\/2023\/10\/Antrax-IT-Zero-Otto-1.jpeg","datePublished":"2023-10-10T09:50:31+00:00","dateModified":"2024-08-12T12:04:31+00:00","breadcrumb":{"@id":"https:\/\/radiaatorikeskus.ee\/fi\/tuote\/zero-otto\/#breadcrumb"},"inLanguage":"fi","potentialAction":[{"@type":"ReadAction","target":["https:\/\/radiaatorikeskus.ee\/fi\/tuote\/zero-otto\/"]}]},{"@type":"ImageObject","inLanguage":"fi","@id":"https:\/\/radiaatorikeskus.ee\/fi\/tuote\/zero-otto\/#primaryimage","url":"https:\/\/radiaatorikeskus.ee\/wp-content\/uploads\/2023\/10\/Antrax-IT-Zero-Otto-1.jpeg","contentUrl":"https:\/\/radiaatorikeskus.ee\/wp-content\/uploads\/2023\/10\/Antrax-IT-Zero-Otto-1.jpeg","width":800,"height":800},{"@type":"BreadcrumbList","@id":"https:\/\/radiaatorikeskus.ee\/fi\/tuote\/zero-otto\/#breadcrumb","itemListElement":[{"@type":"ListItem","position":1,"name":"Kotisivu","item":"https:\/\/radiaatorikeskus.ee\/fi\/"},{"@type":"ListItem","position":2,"name":"Tuotteet","item":"https:\/\/radiaatorikeskus.ee\/fi\/tuotteet\/"},{"@type":"ListItem","position":3,"name":"Zero-Otto"}]},{"@type":"WebSite","@id":"https:\/\/radiaatorikeskus.ee\/fi\/#website","url":"https:\/\/radiaatorikeskus.ee\/fi\/","name":"Radiaatorikeskus","description":"Parim radiaatorite valik Eestis","potentialAction":[{"@type":"SearchAction","target":{"@type":"EntryPoint","urlTemplate":"https:\/\/radiaatorikeskus.ee\/fi\/?s={search_term_string}"},"query-input":{"@type":"PropertyValueSpecification","valueRequired":true,"valueName":"search_term_string"}}],"inLanguage":"fi"}]}},"_links":{"self":[{"href":"https:\/\/radiaatorikeskus.ee\/fi\/wp-json\/wp\/v2\/product\/4166","targetHints":{"allow":["GET"]}}],"collection":[{"href":"https:\/\/radiaatorikeskus.ee\/fi\/wp-json\/wp\/v2\/product"}],"about":[{"href":"https:\/\/radiaatorikeskus.ee\/fi\/wp-json\/wp\/v2\/types\/product"}],"wp:featuredmedia":[{"embeddable":true,"href":"https:\/\/radiaatorikeskus.ee\/fi\/wp-json\/wp\/v2\/media\/4167"}],"wp:attachment":[{"href":"https:\/\/radiaatorikeskus.ee\/fi\/wp-json\/wp\/v2\/media?parent=4166"}],"wp:term":[{"taxonomy":"product_brand","embeddable":true,"href":"https:\/\/radiaatorikeskus.ee\/fi\/wp-json\/wp\/v2\/product_brand?post=4166"},{"taxonomy":"product_cat","embeddable":true,"href":"https:\/\/radiaatorikeskus.ee\/fi\/wp-json\/wp\/v2\/product_cat?post=4166"},{"taxonomy":"product_tag","embeddable":true,"href":"https:\/\/radiaatorikeskus.ee\/fi\/wp-json\/wp\/v2\/product_tag?post=4166"}],"curies":[{"name":"wp","href":"https:\/\/api.w.org\/{rel}","templated":true}]}}