{"id":4210,"date":"2023-09-29T14:27:40","date_gmt":"2023-09-29T11:27:40","guid":{"rendered":"https:\/\/radiaatorikeskus.ee\/toode\/teso\/"},"modified":"2024-08-12T15:03:37","modified_gmt":"2024-08-12T12:03:37","slug":"teso","status":"publish","type":"product","link":"https:\/\/radiaatorikeskus.ee\/fi\/tuote\/teso\/","title":{"rendered":"Teso"},"content":{"rendered":"","protected":false},"excerpt":{"rendered":"<p>V\u00c4RILLISET RADIAATTORIT<\/p>\n<p>V\u00e4rillinen Teso-radiaattori voidaan asentaa sek\u00e4 vaaka- ett\u00e4 pystysuunnassa, ja molemmissa tapauksissa sit\u00e4 voidaan k\u00e4ytt\u00e4\u00e4 my\u00f6s tyylikk\u00e4\u00e4n\u00e4 pyyhel\u00e4mmittimen\u00e4. Dante O. Beninin ja Luca Gonzon suunnittelemalla uudella Teso-mallilla Antrax IT on luonut t\u00e4ydellisen yhdistelm\u00e4n: radiaattori takaa j\u00e4rjestyksen ja mukavuuden sulautuen samalla t\u00e4ydellisesti ymp\u00e4rist\u00f6\u00f6n.<\/p>\n","protected":false},"featured_media":4211,"template":"","meta":{"_acf_changed":false},"product_brand":[],"product_cat":[122],"product_tag":[133],"class_list":{"0":"post-4210","1":"product","2":"type-product","3":"status-publish","4":"has-post-thumbnail","6":"product_cat-alumiiniradiaattorit","7":"product_tag-antrax-it-fi","9":"first","10":"instock","11":"taxable","12":"shipping-taxable","13":"product-type-simple"},"acf":[],"yoast_head":"<!-- This site is optimized with the Yoast SEO plugin v26.2 - https:\/\/yoast.com\/wordpress\/plugins\/seo\/ -->\n<title>Teso - Radiaatorikeskus<\/title>\n<meta name=\"robots\" content=\"index, follow, max-snippet:-1, max-image-preview:large, max-video-preview:-1\" \/>\n<link rel=\"canonical\" href=\"https:\/\/radiaatorikeskus.ee\/fi\/tuote\/teso\/\" \/>\n<meta property=\"og:locale\" content=\"fi_FI\" \/>\n<meta property=\"og:type\" content=\"article\" \/>\n<meta property=\"og:title\" content=\"Teso - Radiaatorikeskus\" \/>\n<meta property=\"og:description\" content=\"V\u00c4RILLISET RADIAATTORIT  V\u00e4rillinen Teso-radiaattori voidaan asentaa sek\u00e4 vaaka- ett\u00e4 pystysuunnassa, ja molemmissa tapauksissa sit\u00e4 voidaan k\u00e4ytt\u00e4\u00e4 my\u00f6s tyylikk\u00e4\u00e4n\u00e4 pyyhel\u00e4mmittimen\u00e4. Dante O. Beninin ja Luca Gonzon suunnittelemalla uudella Teso-mallilla Antrax IT on luonut t\u00e4ydellisen yhdistelm\u00e4n: radiaattori takaa j\u00e4rjestyksen ja mukavuuden sulautuen samalla t\u00e4ydellisesti ymp\u00e4rist\u00f6\u00f6n.\" \/>\n<meta property=\"og:url\" content=\"https:\/\/radiaatorikeskus.ee\/fi\/tuote\/teso\/\" \/>\n<meta property=\"og:site_name\" content=\"Radiaatorikeskus\" \/>\n<meta property=\"article:modified_time\" content=\"2024-08-12T12:03:37+00:00\" \/>\n<meta property=\"og:image\" content=\"https:\/\/radiaatorikeskus.ee\/wp-content\/uploads\/2023\/09\/Antrax-IT-Teso-7.jpeg\" \/>\n\t<meta property=\"og:image:width\" content=\"800\" \/>\n\t<meta property=\"og:image:height\" content=\"800\" \/>\n\t<meta property=\"og:image:type\" content=\"image\/jpeg\" \/>\n<meta name=\"twitter:card\" content=\"summary_large_image\" \/>\n<meta name=\"twitter:label1\" content=\"Arvioitu lukuaika\" \/>\n\t<meta name=\"twitter:data1\" content=\"2 minuuttia\" \/>\n<script type=\"application\/ld+json\" class=\"yoast-schema-graph\">{\"@context\":\"https:\/\/schema.org\",\"@graph\":[{\"@type\":\"WebPage\",\"@id\":\"https:\/\/radiaatorikeskus.ee\/fi\/tuote\/teso\/\",\"url\":\"https:\/\/radiaatorikeskus.ee\/fi\/tuote\/teso\/\",\"name\":\"Teso - Radiaatorikeskus\",\"isPartOf\":{\"@id\":\"https:\/\/radiaatorikeskus.ee\/fi\/#website\"},\"primaryImageOfPage\":{\"@id\":\"https:\/\/radiaatorikeskus.ee\/fi\/tuote\/teso\/#primaryimage\"},\"image\":{\"@id\":\"https:\/\/radiaatorikeskus.ee\/fi\/tuote\/teso\/#primaryimage\"},\"thumbnailUrl\":\"https:\/\/radiaatorikeskus.ee\/wp-content\/uploads\/2023\/09\/Antrax-IT-Teso-7.jpeg\",\"datePublished\":\"2023-09-29T11:27:40+00:00\",\"dateModified\":\"2024-08-12T12:03:37+00:00\",\"breadcrumb\":{\"@id\":\"https:\/\/radiaatorikeskus.ee\/fi\/tuote\/teso\/#breadcrumb\"},\"inLanguage\":\"fi\",\"potentialAction\":[{\"@type\":\"ReadAction\",\"target\":[\"https:\/\/radiaatorikeskus.ee\/fi\/tuote\/teso\/\"]}]},{\"@type\":\"ImageObject\",\"inLanguage\":\"fi\",\"@id\":\"https:\/\/radiaatorikeskus.ee\/fi\/tuote\/teso\/#primaryimage\",\"url\":\"https:\/\/radiaatorikeskus.ee\/wp-content\/uploads\/2023\/09\/Antrax-IT-Teso-7.jpeg\",\"contentUrl\":\"https:\/\/radiaatorikeskus.ee\/wp-content\/uploads\/2023\/09\/Antrax-IT-Teso-7.jpeg\",\"width\":800,\"height\":800},{\"@type\":\"BreadcrumbList\",\"@id\":\"https:\/\/radiaatorikeskus.ee\/fi\/tuote\/teso\/#breadcrumb\",\"itemListElement\":[{\"@type\":\"ListItem\",\"position\":1,\"name\":\"Kotisivu\",\"item\":\"https:\/\/radiaatorikeskus.ee\/fi\/\"},{\"@type\":\"ListItem\",\"position\":2,\"name\":\"Tuotteet\",\"item\":\"https:\/\/radiaatorikeskus.ee\/fi\/tuotteet\/\"},{\"@type\":\"ListItem\",\"position\":3,\"name\":\"Teso\"}]},{\"@type\":\"WebSite\",\"@id\":\"https:\/\/radiaatorikeskus.ee\/fi\/#website\",\"url\":\"https:\/\/radiaatorikeskus.ee\/fi\/\",\"name\":\"Radiaatorikeskus\",\"description\":\"Parim radiaatorite valik Eestis\",\"potentialAction\":[{\"@type\":\"SearchAction\",\"target\":{\"@type\":\"EntryPoint\",\"urlTemplate\":\"https:\/\/radiaatorikeskus.ee\/fi\/?s={search_term_string}\"},\"query-input\":{\"@type\":\"PropertyValueSpecification\",\"valueRequired\":true,\"valueName\":\"search_term_string\"}}],\"inLanguage\":\"fi\"}]}<\/script>\n<!-- \/ Yoast SEO plugin. -->","yoast_head_json":{"title":"Teso - Radiaatorikeskus","robots":{"index":"index","follow":"follow","max-snippet":"max-snippet:-1","max-image-preview":"max-image-preview:large","max-video-preview":"max-video-preview:-1"},"canonical":"https:\/\/radiaatorikeskus.ee\/fi\/tuote\/teso\/","og_locale":"fi_FI","og_type":"article","og_title":"Teso - Radiaatorikeskus","og_description":"V\u00c4RILLISET RADIAATTORIT  V\u00e4rillinen Teso-radiaattori voidaan asentaa sek\u00e4 vaaka- ett\u00e4 pystysuunnassa, ja molemmissa tapauksissa sit\u00e4 voidaan k\u00e4ytt\u00e4\u00e4 my\u00f6s tyylikk\u00e4\u00e4n\u00e4 pyyhel\u00e4mmittimen\u00e4. Dante O. Beninin ja Luca Gonzon suunnittelemalla uudella Teso-mallilla Antrax IT on luonut t\u00e4ydellisen yhdistelm\u00e4n: radiaattori takaa j\u00e4rjestyksen ja mukavuuden sulautuen samalla t\u00e4ydellisesti ymp\u00e4rist\u00f6\u00f6n.","og_url":"https:\/\/radiaatorikeskus.ee\/fi\/tuote\/teso\/","og_site_name":"Radiaatorikeskus","article_modified_time":"2024-08-12T12:03:37+00:00","og_image":[{"width":800,"height":800,"url":"https:\/\/radiaatorikeskus.ee\/wp-content\/uploads\/2023\/09\/Antrax-IT-Teso-7.jpeg","type":"image\/jpeg"}],"twitter_card":"summary_large_image","twitter_misc":{"Arvioitu lukuaika":"2 minuuttia"},"schema":{"@context":"https:\/\/schema.org","@graph":[{"@type":"WebPage","@id":"https:\/\/radiaatorikeskus.ee\/fi\/tuote\/teso\/","url":"https:\/\/radiaatorikeskus.ee\/fi\/tuote\/teso\/","name":"Teso - Radiaatorikeskus","isPartOf":{"@id":"https:\/\/radiaatorikeskus.ee\/fi\/#website"},"primaryImageOfPage":{"@id":"https:\/\/radiaatorikeskus.ee\/fi\/tuote\/teso\/#primaryimage"},"image":{"@id":"https:\/\/radiaatorikeskus.ee\/fi\/tuote\/teso\/#primaryimage"},"thumbnailUrl":"https:\/\/radiaatorikeskus.ee\/wp-content\/uploads\/2023\/09\/Antrax-IT-Teso-7.jpeg","datePublished":"2023-09-29T11:27:40+00:00","dateModified":"2024-08-12T12:03:37+00:00","breadcrumb":{"@id":"https:\/\/radiaatorikeskus.ee\/fi\/tuote\/teso\/#breadcrumb"},"inLanguage":"fi","potentialAction":[{"@type":"ReadAction","target":["https:\/\/radiaatorikeskus.ee\/fi\/tuote\/teso\/"]}]},{"@type":"ImageObject","inLanguage":"fi","@id":"https:\/\/radiaatorikeskus.ee\/fi\/tuote\/teso\/#primaryimage","url":"https:\/\/radiaatorikeskus.ee\/wp-content\/uploads\/2023\/09\/Antrax-IT-Teso-7.jpeg","contentUrl":"https:\/\/radiaatorikeskus.ee\/wp-content\/uploads\/2023\/09\/Antrax-IT-Teso-7.jpeg","width":800,"height":800},{"@type":"BreadcrumbList","@id":"https:\/\/radiaatorikeskus.ee\/fi\/tuote\/teso\/#breadcrumb","itemListElement":[{"@type":"ListItem","position":1,"name":"Kotisivu","item":"https:\/\/radiaatorikeskus.ee\/fi\/"},{"@type":"ListItem","position":2,"name":"Tuotteet","item":"https:\/\/radiaatorikeskus.ee\/fi\/tuotteet\/"},{"@type":"ListItem","position":3,"name":"Teso"}]},{"@type":"WebSite","@id":"https:\/\/radiaatorikeskus.ee\/fi\/#website","url":"https:\/\/radiaatorikeskus.ee\/fi\/","name":"Radiaatorikeskus","description":"Parim radiaatorite valik Eestis","potentialAction":[{"@type":"SearchAction","target":{"@type":"EntryPoint","urlTemplate":"https:\/\/radiaatorikeskus.ee\/fi\/?s={search_term_string}"},"query-input":{"@type":"PropertyValueSpecification","valueRequired":true,"valueName":"search_term_string"}}],"inLanguage":"fi"}]}},"_links":{"self":[{"href":"https:\/\/radiaatorikeskus.ee\/fi\/wp-json\/wp\/v2\/product\/4210","targetHints":{"allow":["GET"]}}],"collection":[{"href":"https:\/\/radiaatorikeskus.ee\/fi\/wp-json\/wp\/v2\/product"}],"about":[{"href":"https:\/\/radiaatorikeskus.ee\/fi\/wp-json\/wp\/v2\/types\/product"}],"wp:featuredmedia":[{"embeddable":true,"href":"https:\/\/radiaatorikeskus.ee\/fi\/wp-json\/wp\/v2\/media\/4211"}],"wp:attachment":[{"href":"https:\/\/radiaatorikeskus.ee\/fi\/wp-json\/wp\/v2\/media?parent=4210"}],"wp:term":[{"taxonomy":"product_brand","embeddable":true,"href":"https:\/\/radiaatorikeskus.ee\/fi\/wp-json\/wp\/v2\/product_brand?post=4210"},{"taxonomy":"product_cat","embeddable":true,"href":"https:\/\/radiaatorikeskus.ee\/fi\/wp-json\/wp\/v2\/product_cat?post=4210"},{"taxonomy":"product_tag","embeddable":true,"href":"https:\/\/radiaatorikeskus.ee\/fi\/wp-json\/wp\/v2\/product_tag?post=4210"}],"curies":[{"name":"wp","href":"https:\/\/api.w.org\/{rel}","templated":true}]}}