{"id":4224,"date":"2023-09-29T13:50:03","date_gmt":"2023-09-29T10:50:03","guid":{"rendered":"https:\/\/radiaatorikeskus.ee\/toode\/serie-t\/"},"modified":"2024-08-12T14:55:08","modified_gmt":"2024-08-12T11:55:08","slug":"serie-t","status":"publish","type":"product","link":"https:\/\/radiaatorikeskus.ee\/fi\/tuote\/serie-t\/","title":{"rendered":"Serie T"},"content":{"rendered":"","protected":false},"excerpt":{"rendered":"<p>ALUMIINISET DESIGNPATTERIT<\/p>\n<p>Kyseess\u00e4 ei ole vain alumiinipatteri, vaan designelementti, joka sulautuu harmonisesti huoneeseen ja antaa sille persoonallisuutta kiinnitt\u00e4m\u00e4tt\u00e4 kuitenkaan liikaa huomiota. Designpattereita luonnehtivat yksinkertaisuus, keveys ja eklektisyys. Yksinkertaista l\u00e4mmitetty\u00e4 alumiinipaneelia voidaan k\u00e4ytt\u00e4\u00e4 monella tapaa, mukaan lukien erillisin\u00e4 ja yhdistettyin\u00e4 hyllyin\u00e4, esinealustana ja pyyhekuivaimina esimerkiksi kylpyhuoneessa, eteisess\u00e4, keitti\u00f6ss\u00e4 ja olohuoneessa.<\/p>\n","protected":false},"featured_media":4225,"template":"","meta":{"_acf_changed":false},"product_brand":[],"product_cat":[122],"product_tag":[133],"class_list":{"0":"post-4224","1":"product","2":"type-product","3":"status-publish","4":"has-post-thumbnail","6":"product_cat-alumiiniradiaattorit","7":"product_tag-antrax-it-fi","9":"first","10":"instock","11":"taxable","12":"shipping-taxable","13":"product-type-simple"},"acf":[],"yoast_head":"<!-- This site is optimized with the Yoast SEO plugin v26.2 - https:\/\/yoast.com\/wordpress\/plugins\/seo\/ -->\n<title>Serie T - Radiaatorikeskus<\/title>\n<meta name=\"robots\" content=\"index, follow, max-snippet:-1, max-image-preview:large, max-video-preview:-1\" \/>\n<link rel=\"canonical\" href=\"https:\/\/radiaatorikeskus.ee\/fi\/tuote\/serie-t\/\" \/>\n<meta property=\"og:locale\" content=\"fi_FI\" \/>\n<meta property=\"og:type\" content=\"article\" \/>\n<meta property=\"og:title\" content=\"Serie T - Radiaatorikeskus\" \/>\n<meta property=\"og:description\" content=\"ALUMIINISET DESIGNPATTERIT  Kyseess\u00e4 ei ole vain alumiinipatteri, vaan designelementti, joka sulautuu harmonisesti huoneeseen ja antaa sille persoonallisuutta kiinnitt\u00e4m\u00e4tt\u00e4 kuitenkaan liikaa huomiota. Designpattereita luonnehtivat yksinkertaisuus, keveys ja eklektisyys. Yksinkertaista l\u00e4mmitetty\u00e4 alumiinipaneelia voidaan k\u00e4ytt\u00e4\u00e4 monella tapaa, mukaan lukien erillisin\u00e4 ja yhdistettyin\u00e4 hyllyin\u00e4, esinealustana ja pyyhekuivaimina esimerkiksi kylpyhuoneessa, eteisess\u00e4, keitti\u00f6ss\u00e4 ja olohuoneessa.\" \/>\n<meta property=\"og:url\" content=\"https:\/\/radiaatorikeskus.ee\/fi\/tuote\/serie-t\/\" \/>\n<meta property=\"og:site_name\" content=\"Radiaatorikeskus\" \/>\n<meta property=\"article:modified_time\" content=\"2024-08-12T11:55:08+00:00\" \/>\n<meta property=\"og:image\" content=\"https:\/\/radiaatorikeskus.ee\/wp-content\/uploads\/2023\/09\/Antrax-IT-Serie-T-8.jpeg\" \/>\n\t<meta property=\"og:image:width\" content=\"800\" \/>\n\t<meta property=\"og:image:height\" content=\"800\" \/>\n\t<meta property=\"og:image:type\" content=\"image\/jpeg\" \/>\n<meta name=\"twitter:card\" content=\"summary_large_image\" \/>\n<meta name=\"twitter:label1\" content=\"Arvioitu lukuaika\" \/>\n\t<meta name=\"twitter:data1\" content=\"1 minuutti\" \/>\n<script type=\"application\/ld+json\" class=\"yoast-schema-graph\">{\"@context\":\"https:\/\/schema.org\",\"@graph\":[{\"@type\":\"WebPage\",\"@id\":\"https:\/\/radiaatorikeskus.ee\/fi\/tuote\/serie-t\/\",\"url\":\"https:\/\/radiaatorikeskus.ee\/fi\/tuote\/serie-t\/\",\"name\":\"Serie T - Radiaatorikeskus\",\"isPartOf\":{\"@id\":\"https:\/\/radiaatorikeskus.ee\/fi\/#website\"},\"primaryImageOfPage\":{\"@id\":\"https:\/\/radiaatorikeskus.ee\/fi\/tuote\/serie-t\/#primaryimage\"},\"image\":{\"@id\":\"https:\/\/radiaatorikeskus.ee\/fi\/tuote\/serie-t\/#primaryimage\"},\"thumbnailUrl\":\"https:\/\/radiaatorikeskus.ee\/wp-content\/uploads\/2023\/09\/Antrax-IT-Serie-T-8.jpeg\",\"datePublished\":\"2023-09-29T10:50:03+00:00\",\"dateModified\":\"2024-08-12T11:55:08+00:00\",\"breadcrumb\":{\"@id\":\"https:\/\/radiaatorikeskus.ee\/fi\/tuote\/serie-t\/#breadcrumb\"},\"inLanguage\":\"fi\",\"potentialAction\":[{\"@type\":\"ReadAction\",\"target\":[\"https:\/\/radiaatorikeskus.ee\/fi\/tuote\/serie-t\/\"]}]},{\"@type\":\"ImageObject\",\"inLanguage\":\"fi\",\"@id\":\"https:\/\/radiaatorikeskus.ee\/fi\/tuote\/serie-t\/#primaryimage\",\"url\":\"https:\/\/radiaatorikeskus.ee\/wp-content\/uploads\/2023\/09\/Antrax-IT-Serie-T-8.jpeg\",\"contentUrl\":\"https:\/\/radiaatorikeskus.ee\/wp-content\/uploads\/2023\/09\/Antrax-IT-Serie-T-8.jpeg\",\"width\":800,\"height\":800},{\"@type\":\"BreadcrumbList\",\"@id\":\"https:\/\/radiaatorikeskus.ee\/fi\/tuote\/serie-t\/#breadcrumb\",\"itemListElement\":[{\"@type\":\"ListItem\",\"position\":1,\"name\":\"Kotisivu\",\"item\":\"https:\/\/radiaatorikeskus.ee\/fi\/\"},{\"@type\":\"ListItem\",\"position\":2,\"name\":\"Tuotteet\",\"item\":\"https:\/\/radiaatorikeskus.ee\/fi\/tuotteet\/\"},{\"@type\":\"ListItem\",\"position\":3,\"name\":\"Serie T\"}]},{\"@type\":\"WebSite\",\"@id\":\"https:\/\/radiaatorikeskus.ee\/fi\/#website\",\"url\":\"https:\/\/radiaatorikeskus.ee\/fi\/\",\"name\":\"Radiaatorikeskus\",\"description\":\"Parim radiaatorite valik Eestis\",\"potentialAction\":[{\"@type\":\"SearchAction\",\"target\":{\"@type\":\"EntryPoint\",\"urlTemplate\":\"https:\/\/radiaatorikeskus.ee\/fi\/?s={search_term_string}\"},\"query-input\":{\"@type\":\"PropertyValueSpecification\",\"valueRequired\":true,\"valueName\":\"search_term_string\"}}],\"inLanguage\":\"fi\"}]}<\/script>\n<!-- \/ Yoast SEO plugin. -->","yoast_head_json":{"title":"Serie T - Radiaatorikeskus","robots":{"index":"index","follow":"follow","max-snippet":"max-snippet:-1","max-image-preview":"max-image-preview:large","max-video-preview":"max-video-preview:-1"},"canonical":"https:\/\/radiaatorikeskus.ee\/fi\/tuote\/serie-t\/","og_locale":"fi_FI","og_type":"article","og_title":"Serie T - Radiaatorikeskus","og_description":"ALUMIINISET DESIGNPATTERIT  Kyseess\u00e4 ei ole vain alumiinipatteri, vaan designelementti, joka sulautuu harmonisesti huoneeseen ja antaa sille persoonallisuutta kiinnitt\u00e4m\u00e4tt\u00e4 kuitenkaan liikaa huomiota. Designpattereita luonnehtivat yksinkertaisuus, keveys ja eklektisyys. Yksinkertaista l\u00e4mmitetty\u00e4 alumiinipaneelia voidaan k\u00e4ytt\u00e4\u00e4 monella tapaa, mukaan lukien erillisin\u00e4 ja yhdistettyin\u00e4 hyllyin\u00e4, esinealustana ja pyyhekuivaimina esimerkiksi kylpyhuoneessa, eteisess\u00e4, keitti\u00f6ss\u00e4 ja olohuoneessa.","og_url":"https:\/\/radiaatorikeskus.ee\/fi\/tuote\/serie-t\/","og_site_name":"Radiaatorikeskus","article_modified_time":"2024-08-12T11:55:08+00:00","og_image":[{"width":800,"height":800,"url":"https:\/\/radiaatorikeskus.ee\/wp-content\/uploads\/2023\/09\/Antrax-IT-Serie-T-8.jpeg","type":"image\/jpeg"}],"twitter_card":"summary_large_image","twitter_misc":{"Arvioitu lukuaika":"1 minuutti"},"schema":{"@context":"https:\/\/schema.org","@graph":[{"@type":"WebPage","@id":"https:\/\/radiaatorikeskus.ee\/fi\/tuote\/serie-t\/","url":"https:\/\/radiaatorikeskus.ee\/fi\/tuote\/serie-t\/","name":"Serie T - Radiaatorikeskus","isPartOf":{"@id":"https:\/\/radiaatorikeskus.ee\/fi\/#website"},"primaryImageOfPage":{"@id":"https:\/\/radiaatorikeskus.ee\/fi\/tuote\/serie-t\/#primaryimage"},"image":{"@id":"https:\/\/radiaatorikeskus.ee\/fi\/tuote\/serie-t\/#primaryimage"},"thumbnailUrl":"https:\/\/radiaatorikeskus.ee\/wp-content\/uploads\/2023\/09\/Antrax-IT-Serie-T-8.jpeg","datePublished":"2023-09-29T10:50:03+00:00","dateModified":"2024-08-12T11:55:08+00:00","breadcrumb":{"@id":"https:\/\/radiaatorikeskus.ee\/fi\/tuote\/serie-t\/#breadcrumb"},"inLanguage":"fi","potentialAction":[{"@type":"ReadAction","target":["https:\/\/radiaatorikeskus.ee\/fi\/tuote\/serie-t\/"]}]},{"@type":"ImageObject","inLanguage":"fi","@id":"https:\/\/radiaatorikeskus.ee\/fi\/tuote\/serie-t\/#primaryimage","url":"https:\/\/radiaatorikeskus.ee\/wp-content\/uploads\/2023\/09\/Antrax-IT-Serie-T-8.jpeg","contentUrl":"https:\/\/radiaatorikeskus.ee\/wp-content\/uploads\/2023\/09\/Antrax-IT-Serie-T-8.jpeg","width":800,"height":800},{"@type":"BreadcrumbList","@id":"https:\/\/radiaatorikeskus.ee\/fi\/tuote\/serie-t\/#breadcrumb","itemListElement":[{"@type":"ListItem","position":1,"name":"Kotisivu","item":"https:\/\/radiaatorikeskus.ee\/fi\/"},{"@type":"ListItem","position":2,"name":"Tuotteet","item":"https:\/\/radiaatorikeskus.ee\/fi\/tuotteet\/"},{"@type":"ListItem","position":3,"name":"Serie T"}]},{"@type":"WebSite","@id":"https:\/\/radiaatorikeskus.ee\/fi\/#website","url":"https:\/\/radiaatorikeskus.ee\/fi\/","name":"Radiaatorikeskus","description":"Parim radiaatorite valik Eestis","potentialAction":[{"@type":"SearchAction","target":{"@type":"EntryPoint","urlTemplate":"https:\/\/radiaatorikeskus.ee\/fi\/?s={search_term_string}"},"query-input":{"@type":"PropertyValueSpecification","valueRequired":true,"valueName":"search_term_string"}}],"inLanguage":"fi"}]}},"_links":{"self":[{"href":"https:\/\/radiaatorikeskus.ee\/fi\/wp-json\/wp\/v2\/product\/4224","targetHints":{"allow":["GET"]}}],"collection":[{"href":"https:\/\/radiaatorikeskus.ee\/fi\/wp-json\/wp\/v2\/product"}],"about":[{"href":"https:\/\/radiaatorikeskus.ee\/fi\/wp-json\/wp\/v2\/types\/product"}],"wp:featuredmedia":[{"embeddable":true,"href":"https:\/\/radiaatorikeskus.ee\/fi\/wp-json\/wp\/v2\/media\/4225"}],"wp:attachment":[{"href":"https:\/\/radiaatorikeskus.ee\/fi\/wp-json\/wp\/v2\/media?parent=4224"}],"wp:term":[{"taxonomy":"product_brand","embeddable":true,"href":"https:\/\/radiaatorikeskus.ee\/fi\/wp-json\/wp\/v2\/product_brand?post=4224"},{"taxonomy":"product_cat","embeddable":true,"href":"https:\/\/radiaatorikeskus.ee\/fi\/wp-json\/wp\/v2\/product_cat?post=4224"},{"taxonomy":"product_tag","embeddable":true,"href":"https:\/\/radiaatorikeskus.ee\/fi\/wp-json\/wp\/v2\/product_tag?post=4224"}],"curies":[{"name":"wp","href":"https:\/\/api.w.org\/{rel}","templated":true}]}}