{"id":4247,"date":"2023-09-28T15:39:50","date_gmt":"2023-09-28T12:39:50","guid":{"rendered":"https:\/\/radiaatorikeskus.ee\/toode\/antika-double-horizontal\/"},"modified":"2023-09-28T15:39:50","modified_gmt":"2023-09-28T12:39:50","slug":"antika-double-horizontal","status":"publish","type":"product","link":"https:\/\/radiaatorikeskus.ee\/fi\/tuote\/antika-double-horizontal\/","title":{"rendered":"Antika Double Horizontal"},"content":{"rendered":"","protected":false},"excerpt":{"rendered":"<p>Kompakti muoto ja maksimaalinen l\u00e4mm\u00f6ntuotto sek\u00e4 yhdest\u00e4 ett\u00e4 kahdesta moduulista koostuvalla radiaattorilla. K\u00e4yt\u00e4nn\u00f6llinen ratkaisu perinteisten l\u00e4mmityspaneelien sijasta. Moderni designradiaattori, joka sopii kaikkiin asuintiloihin. Samantyyppisen liit\u00e4nn\u00e4n ansiosta vanha radiaattori on helppo vaihtaa.<\/p>\n","protected":false},"featured_media":4250,"template":"","meta":{"_acf_changed":false},"product_brand":[],"product_cat":[117],"product_tag":[],"class_list":{"0":"post-4247","1":"product","2":"type-product","3":"status-publish","4":"has-post-thumbnail","6":"product_cat-terasjaeradiaattorit","8":"first","9":"instock","10":"taxable","11":"shipping-taxable","12":"product-type-simple"},"acf":[],"yoast_head":"<!-- This site is optimized with the Yoast SEO plugin v26.2 - https:\/\/yoast.com\/wordpress\/plugins\/seo\/ -->\n<title>Antika Double Horizontal - Radiaatorikeskus<\/title>\n<meta name=\"robots\" content=\"index, follow, max-snippet:-1, max-image-preview:large, max-video-preview:-1\" \/>\n<link rel=\"canonical\" href=\"https:\/\/radiaatorikeskus.ee\/fi\/tuote\/antika-double-horizontal\/\" \/>\n<meta property=\"og:locale\" content=\"fi_FI\" \/>\n<meta property=\"og:type\" content=\"article\" \/>\n<meta property=\"og:title\" content=\"Antika Double Horizontal - Radiaatorikeskus\" \/>\n<meta property=\"og:description\" content=\"Kompakti muoto ja maksimaalinen l\u00e4mm\u00f6ntuotto sek\u00e4 yhdest\u00e4 ett\u00e4 kahdesta moduulista koostuvalla radiaattorilla. K\u00e4yt\u00e4nn\u00f6llinen ratkaisu perinteisten l\u00e4mmityspaneelien sijasta. Moderni designradiaattori, joka sopii kaikkiin asuintiloihin. Samantyyppisen liit\u00e4nn\u00e4n ansiosta vanha radiaattori on helppo vaihtaa.\" \/>\n<meta property=\"og:url\" content=\"https:\/\/radiaatorikeskus.ee\/fi\/tuote\/antika-double-horizontal\/\" \/>\n<meta property=\"og:site_name\" content=\"Radiaatorikeskus\" \/>\n<meta property=\"og:image\" content=\"https:\/\/radiaatorikeskus.ee\/wp-content\/uploads\/2023\/09\/Isan-Antika-Double-Horizontal.jpeg\" \/>\n\t<meta property=\"og:image:width\" content=\"1500\" \/>\n\t<meta property=\"og:image:height\" content=\"843\" \/>\n\t<meta property=\"og:image:type\" content=\"image\/jpeg\" \/>\n<meta name=\"twitter:card\" content=\"summary_large_image\" \/>\n<script type=\"application\/ld+json\" class=\"yoast-schema-graph\">{\"@context\":\"https:\/\/schema.org\",\"@graph\":[{\"@type\":\"WebPage\",\"@id\":\"https:\/\/radiaatorikeskus.ee\/fi\/tuote\/antika-double-horizontal\/\",\"url\":\"https:\/\/radiaatorikeskus.ee\/fi\/tuote\/antika-double-horizontal\/\",\"name\":\"Antika Double Horizontal - Radiaatorikeskus\",\"isPartOf\":{\"@id\":\"https:\/\/radiaatorikeskus.ee\/fi\/#website\"},\"primaryImageOfPage\":{\"@id\":\"https:\/\/radiaatorikeskus.ee\/fi\/tuote\/antika-double-horizontal\/#primaryimage\"},\"image\":{\"@id\":\"https:\/\/radiaatorikeskus.ee\/fi\/tuote\/antika-double-horizontal\/#primaryimage\"},\"thumbnailUrl\":\"https:\/\/radiaatorikeskus.ee\/wp-content\/uploads\/2023\/09\/Isan-Antika-Double-Horizontal.jpeg\",\"datePublished\":\"2023-09-28T12:39:50+00:00\",\"breadcrumb\":{\"@id\":\"https:\/\/radiaatorikeskus.ee\/fi\/tuote\/antika-double-horizontal\/#breadcrumb\"},\"inLanguage\":\"fi\",\"potentialAction\":[{\"@type\":\"ReadAction\",\"target\":[\"https:\/\/radiaatorikeskus.ee\/fi\/tuote\/antika-double-horizontal\/\"]}]},{\"@type\":\"ImageObject\",\"inLanguage\":\"fi\",\"@id\":\"https:\/\/radiaatorikeskus.ee\/fi\/tuote\/antika-double-horizontal\/#primaryimage\",\"url\":\"https:\/\/radiaatorikeskus.ee\/wp-content\/uploads\/2023\/09\/Isan-Antika-Double-Horizontal.jpeg\",\"contentUrl\":\"https:\/\/radiaatorikeskus.ee\/wp-content\/uploads\/2023\/09\/Isan-Antika-Double-Horizontal.jpeg\",\"width\":1500,\"height\":843},{\"@type\":\"BreadcrumbList\",\"@id\":\"https:\/\/radiaatorikeskus.ee\/fi\/tuote\/antika-double-horizontal\/#breadcrumb\",\"itemListElement\":[{\"@type\":\"ListItem\",\"position\":1,\"name\":\"Kotisivu\",\"item\":\"https:\/\/radiaatorikeskus.ee\/fi\/\"},{\"@type\":\"ListItem\",\"position\":2,\"name\":\"Tuotteet\",\"item\":\"https:\/\/radiaatorikeskus.ee\/fi\/tuotteet\/\"},{\"@type\":\"ListItem\",\"position\":3,\"name\":\"Antika Double Horizontal\"}]},{\"@type\":\"WebSite\",\"@id\":\"https:\/\/radiaatorikeskus.ee\/fi\/#website\",\"url\":\"https:\/\/radiaatorikeskus.ee\/fi\/\",\"name\":\"Radiaatorikeskus\",\"description\":\"Parim radiaatorite valik Eestis\",\"potentialAction\":[{\"@type\":\"SearchAction\",\"target\":{\"@type\":\"EntryPoint\",\"urlTemplate\":\"https:\/\/radiaatorikeskus.ee\/fi\/?s={search_term_string}\"},\"query-input\":{\"@type\":\"PropertyValueSpecification\",\"valueRequired\":true,\"valueName\":\"search_term_string\"}}],\"inLanguage\":\"fi\"}]}<\/script>\n<!-- \/ Yoast SEO plugin. -->","yoast_head_json":{"title":"Antika Double Horizontal - Radiaatorikeskus","robots":{"index":"index","follow":"follow","max-snippet":"max-snippet:-1","max-image-preview":"max-image-preview:large","max-video-preview":"max-video-preview:-1"},"canonical":"https:\/\/radiaatorikeskus.ee\/fi\/tuote\/antika-double-horizontal\/","og_locale":"fi_FI","og_type":"article","og_title":"Antika Double Horizontal - Radiaatorikeskus","og_description":"Kompakti muoto ja maksimaalinen l\u00e4mm\u00f6ntuotto sek\u00e4 yhdest\u00e4 ett\u00e4 kahdesta moduulista koostuvalla radiaattorilla. K\u00e4yt\u00e4nn\u00f6llinen ratkaisu perinteisten l\u00e4mmityspaneelien sijasta. Moderni designradiaattori, joka sopii kaikkiin asuintiloihin. Samantyyppisen liit\u00e4nn\u00e4n ansiosta vanha radiaattori on helppo vaihtaa.","og_url":"https:\/\/radiaatorikeskus.ee\/fi\/tuote\/antika-double-horizontal\/","og_site_name":"Radiaatorikeskus","og_image":[{"width":1500,"height":843,"url":"https:\/\/radiaatorikeskus.ee\/wp-content\/uploads\/2023\/09\/Isan-Antika-Double-Horizontal.jpeg","type":"image\/jpeg"}],"twitter_card":"summary_large_image","schema":{"@context":"https:\/\/schema.org","@graph":[{"@type":"WebPage","@id":"https:\/\/radiaatorikeskus.ee\/fi\/tuote\/antika-double-horizontal\/","url":"https:\/\/radiaatorikeskus.ee\/fi\/tuote\/antika-double-horizontal\/","name":"Antika Double Horizontal - Radiaatorikeskus","isPartOf":{"@id":"https:\/\/radiaatorikeskus.ee\/fi\/#website"},"primaryImageOfPage":{"@id":"https:\/\/radiaatorikeskus.ee\/fi\/tuote\/antika-double-horizontal\/#primaryimage"},"image":{"@id":"https:\/\/radiaatorikeskus.ee\/fi\/tuote\/antika-double-horizontal\/#primaryimage"},"thumbnailUrl":"https:\/\/radiaatorikeskus.ee\/wp-content\/uploads\/2023\/09\/Isan-Antika-Double-Horizontal.jpeg","datePublished":"2023-09-28T12:39:50+00:00","breadcrumb":{"@id":"https:\/\/radiaatorikeskus.ee\/fi\/tuote\/antika-double-horizontal\/#breadcrumb"},"inLanguage":"fi","potentialAction":[{"@type":"ReadAction","target":["https:\/\/radiaatorikeskus.ee\/fi\/tuote\/antika-double-horizontal\/"]}]},{"@type":"ImageObject","inLanguage":"fi","@id":"https:\/\/radiaatorikeskus.ee\/fi\/tuote\/antika-double-horizontal\/#primaryimage","url":"https:\/\/radiaatorikeskus.ee\/wp-content\/uploads\/2023\/09\/Isan-Antika-Double-Horizontal.jpeg","contentUrl":"https:\/\/radiaatorikeskus.ee\/wp-content\/uploads\/2023\/09\/Isan-Antika-Double-Horizontal.jpeg","width":1500,"height":843},{"@type":"BreadcrumbList","@id":"https:\/\/radiaatorikeskus.ee\/fi\/tuote\/antika-double-horizontal\/#breadcrumb","itemListElement":[{"@type":"ListItem","position":1,"name":"Kotisivu","item":"https:\/\/radiaatorikeskus.ee\/fi\/"},{"@type":"ListItem","position":2,"name":"Tuotteet","item":"https:\/\/radiaatorikeskus.ee\/fi\/tuotteet\/"},{"@type":"ListItem","position":3,"name":"Antika Double Horizontal"}]},{"@type":"WebSite","@id":"https:\/\/radiaatorikeskus.ee\/fi\/#website","url":"https:\/\/radiaatorikeskus.ee\/fi\/","name":"Radiaatorikeskus","description":"Parim radiaatorite valik Eestis","potentialAction":[{"@type":"SearchAction","target":{"@type":"EntryPoint","urlTemplate":"https:\/\/radiaatorikeskus.ee\/fi\/?s={search_term_string}"},"query-input":{"@type":"PropertyValueSpecification","valueRequired":true,"valueName":"search_term_string"}}],"inLanguage":"fi"}]}},"_links":{"self":[{"href":"https:\/\/radiaatorikeskus.ee\/fi\/wp-json\/wp\/v2\/product\/4247","targetHints":{"allow":["GET"]}}],"collection":[{"href":"https:\/\/radiaatorikeskus.ee\/fi\/wp-json\/wp\/v2\/product"}],"about":[{"href":"https:\/\/radiaatorikeskus.ee\/fi\/wp-json\/wp\/v2\/types\/product"}],"wp:featuredmedia":[{"embeddable":true,"href":"https:\/\/radiaatorikeskus.ee\/fi\/wp-json\/wp\/v2\/media\/4250"}],"wp:attachment":[{"href":"https:\/\/radiaatorikeskus.ee\/fi\/wp-json\/wp\/v2\/media?parent=4247"}],"wp:term":[{"taxonomy":"product_brand","embeddable":true,"href":"https:\/\/radiaatorikeskus.ee\/fi\/wp-json\/wp\/v2\/product_brand?post=4247"},{"taxonomy":"product_cat","embeddable":true,"href":"https:\/\/radiaatorikeskus.ee\/fi\/wp-json\/wp\/v2\/product_cat?post=4247"},{"taxonomy":"product_tag","embeddable":true,"href":"https:\/\/radiaatorikeskus.ee\/fi\/wp-json\/wp\/v2\/product_tag?post=4247"}],"curies":[{"name":"wp","href":"https:\/\/api.w.org\/{rel}","templated":true}]}}