{"id":4281,"date":"2023-09-28T11:13:07","date_gmt":"2023-09-28T08:13:07","guid":{"rendered":"https:\/\/radiaatorikeskus.ee\/toode\/flaps\/"},"modified":"2024-08-12T14:41:30","modified_gmt":"2024-08-12T11:41:30","slug":"flaps","status":"publish","type":"product","link":"https:\/\/radiaatorikeskus.ee\/fi\/tuote\/flaps\/","title":{"rendered":"Flaps"},"content":{"rendered":"","protected":false},"excerpt":{"rendered":"<p>OHUT PYSTYSUORA RADIAATTORI<\/p>\n<p>Flaps on Antraxin uusi litte\u00e4 ja pystysuora radiaattori, jonka on suunnitellut Victor Vasilev. H\u00e4n sai inspiraationsa levyradiaattorien muotoilusta ja toimintaperiaatteesta. Litte\u00e4n radiaattorin minimalistinen muoto katoaa, kun siihen lis\u00e4t\u00e4\u00e4n lis\u00e4varuste aamutakin tai pyyhkeen ripustamiseen.<\/p>\n","protected":false},"featured_media":4282,"template":"","meta":{"_acf_changed":false},"product_brand":[],"product_cat":[122],"product_tag":[133],"class_list":{"0":"post-4281","1":"product","2":"type-product","3":"status-publish","4":"has-post-thumbnail","6":"product_cat-alumiiniradiaattorit","7":"product_tag-antrax-it-fi","9":"first","10":"instock","11":"taxable","12":"shipping-taxable","13":"product-type-simple"},"acf":[],"yoast_head":"<!-- This site is optimized with the Yoast SEO plugin v26.2 - https:\/\/yoast.com\/wordpress\/plugins\/seo\/ -->\n<title>Flaps - Radiaatorikeskus<\/title>\n<meta name=\"robots\" content=\"index, follow, max-snippet:-1, max-image-preview:large, max-video-preview:-1\" \/>\n<link rel=\"canonical\" href=\"https:\/\/radiaatorikeskus.ee\/fi\/tuote\/flaps\/\" \/>\n<meta property=\"og:locale\" content=\"fi_FI\" \/>\n<meta property=\"og:type\" content=\"article\" \/>\n<meta property=\"og:title\" content=\"Flaps - Radiaatorikeskus\" \/>\n<meta property=\"og:description\" content=\"OHUT PYSTYSUORA RADIAATTORI  Flaps on Antraxin uusi litte\u00e4 ja pystysuora radiaattori, jonka on suunnitellut Victor Vasilev. H\u00e4n sai inspiraationsa levyradiaattorien muotoilusta ja toimintaperiaatteesta. Litte\u00e4n radiaattorin minimalistinen muoto katoaa, kun siihen lis\u00e4t\u00e4\u00e4n lis\u00e4varuste aamutakin tai pyyhkeen ripustamiseen.\" \/>\n<meta property=\"og:url\" content=\"https:\/\/radiaatorikeskus.ee\/fi\/tuote\/flaps\/\" \/>\n<meta property=\"og:site_name\" content=\"Radiaatorikeskus\" \/>\n<meta property=\"article:modified_time\" content=\"2024-08-12T11:41:30+00:00\" \/>\n<meta property=\"og:image\" content=\"https:\/\/radiaatorikeskus.ee\/wp-content\/uploads\/2023\/09\/Antrax-IT-Flaps-1.jpg\" \/>\n\t<meta property=\"og:image:width\" content=\"800\" \/>\n\t<meta property=\"og:image:height\" content=\"800\" \/>\n\t<meta property=\"og:image:type\" content=\"image\/jpeg\" \/>\n<meta name=\"twitter:card\" content=\"summary_large_image\" \/>\n<meta name=\"twitter:label1\" content=\"Arvioitu lukuaika\" \/>\n\t<meta name=\"twitter:data1\" content=\"1 minuutti\" \/>\n<script type=\"application\/ld+json\" class=\"yoast-schema-graph\">{\"@context\":\"https:\/\/schema.org\",\"@graph\":[{\"@type\":\"WebPage\",\"@id\":\"https:\/\/radiaatorikeskus.ee\/fi\/tuote\/flaps\/\",\"url\":\"https:\/\/radiaatorikeskus.ee\/fi\/tuote\/flaps\/\",\"name\":\"Flaps - Radiaatorikeskus\",\"isPartOf\":{\"@id\":\"https:\/\/radiaatorikeskus.ee\/fi\/#website\"},\"primaryImageOfPage\":{\"@id\":\"https:\/\/radiaatorikeskus.ee\/fi\/tuote\/flaps\/#primaryimage\"},\"image\":{\"@id\":\"https:\/\/radiaatorikeskus.ee\/fi\/tuote\/flaps\/#primaryimage\"},\"thumbnailUrl\":\"https:\/\/radiaatorikeskus.ee\/wp-content\/uploads\/2023\/09\/Antrax-IT-Flaps-1.jpg\",\"datePublished\":\"2023-09-28T08:13:07+00:00\",\"dateModified\":\"2024-08-12T11:41:30+00:00\",\"breadcrumb\":{\"@id\":\"https:\/\/radiaatorikeskus.ee\/fi\/tuote\/flaps\/#breadcrumb\"},\"inLanguage\":\"fi\",\"potentialAction\":[{\"@type\":\"ReadAction\",\"target\":[\"https:\/\/radiaatorikeskus.ee\/fi\/tuote\/flaps\/\"]}]},{\"@type\":\"ImageObject\",\"inLanguage\":\"fi\",\"@id\":\"https:\/\/radiaatorikeskus.ee\/fi\/tuote\/flaps\/#primaryimage\",\"url\":\"https:\/\/radiaatorikeskus.ee\/wp-content\/uploads\/2023\/09\/Antrax-IT-Flaps-1.jpg\",\"contentUrl\":\"https:\/\/radiaatorikeskus.ee\/wp-content\/uploads\/2023\/09\/Antrax-IT-Flaps-1.jpg\",\"width\":800,\"height\":800},{\"@type\":\"BreadcrumbList\",\"@id\":\"https:\/\/radiaatorikeskus.ee\/fi\/tuote\/flaps\/#breadcrumb\",\"itemListElement\":[{\"@type\":\"ListItem\",\"position\":1,\"name\":\"Kotisivu\",\"item\":\"https:\/\/radiaatorikeskus.ee\/fi\/\"},{\"@type\":\"ListItem\",\"position\":2,\"name\":\"Tuotteet\",\"item\":\"https:\/\/radiaatorikeskus.ee\/fi\/tuotteet\/\"},{\"@type\":\"ListItem\",\"position\":3,\"name\":\"Flaps\"}]},{\"@type\":\"WebSite\",\"@id\":\"https:\/\/radiaatorikeskus.ee\/fi\/#website\",\"url\":\"https:\/\/radiaatorikeskus.ee\/fi\/\",\"name\":\"Radiaatorikeskus\",\"description\":\"Parim radiaatorite valik Eestis\",\"potentialAction\":[{\"@type\":\"SearchAction\",\"target\":{\"@type\":\"EntryPoint\",\"urlTemplate\":\"https:\/\/radiaatorikeskus.ee\/fi\/?s={search_term_string}\"},\"query-input\":{\"@type\":\"PropertyValueSpecification\",\"valueRequired\":true,\"valueName\":\"search_term_string\"}}],\"inLanguage\":\"fi\"}]}<\/script>\n<!-- \/ Yoast SEO plugin. -->","yoast_head_json":{"title":"Flaps - Radiaatorikeskus","robots":{"index":"index","follow":"follow","max-snippet":"max-snippet:-1","max-image-preview":"max-image-preview:large","max-video-preview":"max-video-preview:-1"},"canonical":"https:\/\/radiaatorikeskus.ee\/fi\/tuote\/flaps\/","og_locale":"fi_FI","og_type":"article","og_title":"Flaps - Radiaatorikeskus","og_description":"OHUT PYSTYSUORA RADIAATTORI  Flaps on Antraxin uusi litte\u00e4 ja pystysuora radiaattori, jonka on suunnitellut Victor Vasilev. H\u00e4n sai inspiraationsa levyradiaattorien muotoilusta ja toimintaperiaatteesta. Litte\u00e4n radiaattorin minimalistinen muoto katoaa, kun siihen lis\u00e4t\u00e4\u00e4n lis\u00e4varuste aamutakin tai pyyhkeen ripustamiseen.","og_url":"https:\/\/radiaatorikeskus.ee\/fi\/tuote\/flaps\/","og_site_name":"Radiaatorikeskus","article_modified_time":"2024-08-12T11:41:30+00:00","og_image":[{"width":800,"height":800,"url":"https:\/\/radiaatorikeskus.ee\/wp-content\/uploads\/2023\/09\/Antrax-IT-Flaps-1.jpg","type":"image\/jpeg"}],"twitter_card":"summary_large_image","twitter_misc":{"Arvioitu lukuaika":"1 minuutti"},"schema":{"@context":"https:\/\/schema.org","@graph":[{"@type":"WebPage","@id":"https:\/\/radiaatorikeskus.ee\/fi\/tuote\/flaps\/","url":"https:\/\/radiaatorikeskus.ee\/fi\/tuote\/flaps\/","name":"Flaps - Radiaatorikeskus","isPartOf":{"@id":"https:\/\/radiaatorikeskus.ee\/fi\/#website"},"primaryImageOfPage":{"@id":"https:\/\/radiaatorikeskus.ee\/fi\/tuote\/flaps\/#primaryimage"},"image":{"@id":"https:\/\/radiaatorikeskus.ee\/fi\/tuote\/flaps\/#primaryimage"},"thumbnailUrl":"https:\/\/radiaatorikeskus.ee\/wp-content\/uploads\/2023\/09\/Antrax-IT-Flaps-1.jpg","datePublished":"2023-09-28T08:13:07+00:00","dateModified":"2024-08-12T11:41:30+00:00","breadcrumb":{"@id":"https:\/\/radiaatorikeskus.ee\/fi\/tuote\/flaps\/#breadcrumb"},"inLanguage":"fi","potentialAction":[{"@type":"ReadAction","target":["https:\/\/radiaatorikeskus.ee\/fi\/tuote\/flaps\/"]}]},{"@type":"ImageObject","inLanguage":"fi","@id":"https:\/\/radiaatorikeskus.ee\/fi\/tuote\/flaps\/#primaryimage","url":"https:\/\/radiaatorikeskus.ee\/wp-content\/uploads\/2023\/09\/Antrax-IT-Flaps-1.jpg","contentUrl":"https:\/\/radiaatorikeskus.ee\/wp-content\/uploads\/2023\/09\/Antrax-IT-Flaps-1.jpg","width":800,"height":800},{"@type":"BreadcrumbList","@id":"https:\/\/radiaatorikeskus.ee\/fi\/tuote\/flaps\/#breadcrumb","itemListElement":[{"@type":"ListItem","position":1,"name":"Kotisivu","item":"https:\/\/radiaatorikeskus.ee\/fi\/"},{"@type":"ListItem","position":2,"name":"Tuotteet","item":"https:\/\/radiaatorikeskus.ee\/fi\/tuotteet\/"},{"@type":"ListItem","position":3,"name":"Flaps"}]},{"@type":"WebSite","@id":"https:\/\/radiaatorikeskus.ee\/fi\/#website","url":"https:\/\/radiaatorikeskus.ee\/fi\/","name":"Radiaatorikeskus","description":"Parim radiaatorite valik Eestis","potentialAction":[{"@type":"SearchAction","target":{"@type":"EntryPoint","urlTemplate":"https:\/\/radiaatorikeskus.ee\/fi\/?s={search_term_string}"},"query-input":{"@type":"PropertyValueSpecification","valueRequired":true,"valueName":"search_term_string"}}],"inLanguage":"fi"}]}},"_links":{"self":[{"href":"https:\/\/radiaatorikeskus.ee\/fi\/wp-json\/wp\/v2\/product\/4281","targetHints":{"allow":["GET"]}}],"collection":[{"href":"https:\/\/radiaatorikeskus.ee\/fi\/wp-json\/wp\/v2\/product"}],"about":[{"href":"https:\/\/radiaatorikeskus.ee\/fi\/wp-json\/wp\/v2\/types\/product"}],"wp:featuredmedia":[{"embeddable":true,"href":"https:\/\/radiaatorikeskus.ee\/fi\/wp-json\/wp\/v2\/media\/4282"}],"wp:attachment":[{"href":"https:\/\/radiaatorikeskus.ee\/fi\/wp-json\/wp\/v2\/media?parent=4281"}],"wp:term":[{"taxonomy":"product_brand","embeddable":true,"href":"https:\/\/radiaatorikeskus.ee\/fi\/wp-json\/wp\/v2\/product_brand?post=4281"},{"taxonomy":"product_cat","embeddable":true,"href":"https:\/\/radiaatorikeskus.ee\/fi\/wp-json\/wp\/v2\/product_cat?post=4281"},{"taxonomy":"product_tag","embeddable":true,"href":"https:\/\/radiaatorikeskus.ee\/fi\/wp-json\/wp\/v2\/product_tag?post=4281"}],"curies":[{"name":"wp","href":"https:\/\/api.w.org\/{rel}","templated":true}]}}