{"id":4356,"date":"2023-11-24T14:24:53","date_gmt":"2023-11-24T12:24:53","guid":{"rendered":"https:\/\/radiaatorikeskus.ee\/toode\/acheron\/"},"modified":"2024-08-12T16:15:27","modified_gmt":"2024-08-12T13:15:27","slug":"acheron","status":"publish","type":"product","link":"https:\/\/radiaatorikeskus.ee\/fi\/tuote\/acheron\/","title":{"rendered":"Acheron"},"content":{"rendered":"","protected":false},"excerpt":{"rendered":"<p>Ota askel l\u00e4hemm\u00e4s luontoa Acheronin kanssa. Rohkea, n\u00e4ytt\u00e4v\u00e4 ja ainutlaatuinen muotoilu, johon on saatu inspiraatio luonnosta. Kaksik\u00e4ytt\u00f6iset sienen lakit tarjoavat sek\u00e4 l\u00e4mp\u00f6\u00e4 ett\u00e4 valoa, ja taitavasti ty\u00f6stetty sammal luo luonnollisen ulkon\u00e4\u00f6n.<\/p>\n<p>Saatavana sek\u00e4 harjattu matta, kiillotettu ja RAL-s\u00e4vyill\u00e4 maalattu pintak\u00e4sittely.<br \/>\nSaatavana LED-lakeilla.<br \/>\nMahdollista valita useista eri alustoista.<\/p>\n","protected":false},"featured_media":4357,"template":"","meta":{"_acf_changed":false},"product_brand":[],"product_cat":[117],"product_tag":[124],"class_list":{"0":"post-4356","1":"product","2":"type-product","3":"status-publish","4":"has-post-thumbnail","6":"product_cat-terasjaeradiaattorit","7":"product_tag-aeon-fi","9":"first","10":"instock","11":"taxable","12":"shipping-taxable","13":"product-type-simple"},"acf":[],"yoast_head":"<!-- This site is optimized with the Yoast SEO plugin v26.2 - https:\/\/yoast.com\/wordpress\/plugins\/seo\/ -->\n<title>Acheron - Radiaatorikeskus<\/title>\n<meta name=\"robots\" content=\"index, follow, max-snippet:-1, max-image-preview:large, max-video-preview:-1\" \/>\n<link rel=\"canonical\" href=\"https:\/\/radiaatorikeskus.ee\/fi\/tuote\/acheron\/\" \/>\n<meta property=\"og:locale\" content=\"fi_FI\" \/>\n<meta property=\"og:type\" content=\"article\" \/>\n<meta property=\"og:title\" content=\"Acheron - Radiaatorikeskus\" \/>\n<meta property=\"og:description\" content=\"Ota askel l\u00e4hemm\u00e4s luontoa Acheronin kanssa. Rohkea, n\u00e4ytt\u00e4v\u00e4 ja ainutlaatuinen muotoilu, johon on saatu inspiraatio luonnosta. Kaksik\u00e4ytt\u00f6iset sienen lakit tarjoavat sek\u00e4 l\u00e4mp\u00f6\u00e4 ett\u00e4 valoa, ja taitavasti ty\u00f6stetty sammal luo luonnollisen ulkon\u00e4\u00f6n.  Saatavana sek\u00e4 harjattu matta, kiillotettu ja RAL-s\u00e4vyill\u00e4 maalattu pintak\u00e4sittely. Saatavana LED-lakeilla. Mahdollista valita useista eri alustoista.\" \/>\n<meta property=\"og:url\" content=\"https:\/\/radiaatorikeskus.ee\/fi\/tuote\/acheron\/\" \/>\n<meta property=\"og:site_name\" content=\"Radiaatorikeskus\" \/>\n<meta property=\"article:modified_time\" content=\"2024-08-12T13:15:27+00:00\" \/>\n<meta property=\"og:image\" content=\"https:\/\/radiaatorikeskus.ee\/wp-content\/uploads\/2023\/11\/Aeon-Acheron-1.jpg\" \/>\n\t<meta property=\"og:image:width\" content=\"900\" \/>\n\t<meta property=\"og:image:height\" content=\"900\" \/>\n\t<meta property=\"og:image:type\" content=\"image\/jpeg\" \/>\n<meta name=\"twitter:card\" content=\"summary_large_image\" \/>\n<meta name=\"twitter:label1\" content=\"Arvioitu lukuaika\" \/>\n\t<meta name=\"twitter:data1\" content=\"1 minuutti\" \/>\n<script type=\"application\/ld+json\" class=\"yoast-schema-graph\">{\"@context\":\"https:\/\/schema.org\",\"@graph\":[{\"@type\":\"WebPage\",\"@id\":\"https:\/\/radiaatorikeskus.ee\/fi\/tuote\/acheron\/\",\"url\":\"https:\/\/radiaatorikeskus.ee\/fi\/tuote\/acheron\/\",\"name\":\"Acheron - Radiaatorikeskus\",\"isPartOf\":{\"@id\":\"https:\/\/radiaatorikeskus.ee\/fi\/#website\"},\"primaryImageOfPage\":{\"@id\":\"https:\/\/radiaatorikeskus.ee\/fi\/tuote\/acheron\/#primaryimage\"},\"image\":{\"@id\":\"https:\/\/radiaatorikeskus.ee\/fi\/tuote\/acheron\/#primaryimage\"},\"thumbnailUrl\":\"https:\/\/radiaatorikeskus.ee\/wp-content\/uploads\/2023\/11\/Aeon-Acheron-1.jpg\",\"datePublished\":\"2023-11-24T12:24:53+00:00\",\"dateModified\":\"2024-08-12T13:15:27+00:00\",\"breadcrumb\":{\"@id\":\"https:\/\/radiaatorikeskus.ee\/fi\/tuote\/acheron\/#breadcrumb\"},\"inLanguage\":\"fi\",\"potentialAction\":[{\"@type\":\"ReadAction\",\"target\":[\"https:\/\/radiaatorikeskus.ee\/fi\/tuote\/acheron\/\"]}]},{\"@type\":\"ImageObject\",\"inLanguage\":\"fi\",\"@id\":\"https:\/\/radiaatorikeskus.ee\/fi\/tuote\/acheron\/#primaryimage\",\"url\":\"https:\/\/radiaatorikeskus.ee\/wp-content\/uploads\/2023\/11\/Aeon-Acheron-1.jpg\",\"contentUrl\":\"https:\/\/radiaatorikeskus.ee\/wp-content\/uploads\/2023\/11\/Aeon-Acheron-1.jpg\",\"width\":900,\"height\":900},{\"@type\":\"BreadcrumbList\",\"@id\":\"https:\/\/radiaatorikeskus.ee\/fi\/tuote\/acheron\/#breadcrumb\",\"itemListElement\":[{\"@type\":\"ListItem\",\"position\":1,\"name\":\"Kotisivu\",\"item\":\"https:\/\/radiaatorikeskus.ee\/fi\/\"},{\"@type\":\"ListItem\",\"position\":2,\"name\":\"Tuotteet\",\"item\":\"https:\/\/radiaatorikeskus.ee\/fi\/tuotteet\/\"},{\"@type\":\"ListItem\",\"position\":3,\"name\":\"Acheron\"}]},{\"@type\":\"WebSite\",\"@id\":\"https:\/\/radiaatorikeskus.ee\/fi\/#website\",\"url\":\"https:\/\/radiaatorikeskus.ee\/fi\/\",\"name\":\"Radiaatorikeskus\",\"description\":\"Parim radiaatorite valik Eestis\",\"potentialAction\":[{\"@type\":\"SearchAction\",\"target\":{\"@type\":\"EntryPoint\",\"urlTemplate\":\"https:\/\/radiaatorikeskus.ee\/fi\/?s={search_term_string}\"},\"query-input\":{\"@type\":\"PropertyValueSpecification\",\"valueRequired\":true,\"valueName\":\"search_term_string\"}}],\"inLanguage\":\"fi\"}]}<\/script>\n<!-- \/ Yoast SEO plugin. -->","yoast_head_json":{"title":"Acheron - Radiaatorikeskus","robots":{"index":"index","follow":"follow","max-snippet":"max-snippet:-1","max-image-preview":"max-image-preview:large","max-video-preview":"max-video-preview:-1"},"canonical":"https:\/\/radiaatorikeskus.ee\/fi\/tuote\/acheron\/","og_locale":"fi_FI","og_type":"article","og_title":"Acheron - Radiaatorikeskus","og_description":"Ota askel l\u00e4hemm\u00e4s luontoa Acheronin kanssa. Rohkea, n\u00e4ytt\u00e4v\u00e4 ja ainutlaatuinen muotoilu, johon on saatu inspiraatio luonnosta. Kaksik\u00e4ytt\u00f6iset sienen lakit tarjoavat sek\u00e4 l\u00e4mp\u00f6\u00e4 ett\u00e4 valoa, ja taitavasti ty\u00f6stetty sammal luo luonnollisen ulkon\u00e4\u00f6n.  Saatavana sek\u00e4 harjattu matta, kiillotettu ja RAL-s\u00e4vyill\u00e4 maalattu pintak\u00e4sittely. Saatavana LED-lakeilla. Mahdollista valita useista eri alustoista.","og_url":"https:\/\/radiaatorikeskus.ee\/fi\/tuote\/acheron\/","og_site_name":"Radiaatorikeskus","article_modified_time":"2024-08-12T13:15:27+00:00","og_image":[{"width":900,"height":900,"url":"https:\/\/radiaatorikeskus.ee\/wp-content\/uploads\/2023\/11\/Aeon-Acheron-1.jpg","type":"image\/jpeg"}],"twitter_card":"summary_large_image","twitter_misc":{"Arvioitu lukuaika":"1 minuutti"},"schema":{"@context":"https:\/\/schema.org","@graph":[{"@type":"WebPage","@id":"https:\/\/radiaatorikeskus.ee\/fi\/tuote\/acheron\/","url":"https:\/\/radiaatorikeskus.ee\/fi\/tuote\/acheron\/","name":"Acheron - Radiaatorikeskus","isPartOf":{"@id":"https:\/\/radiaatorikeskus.ee\/fi\/#website"},"primaryImageOfPage":{"@id":"https:\/\/radiaatorikeskus.ee\/fi\/tuote\/acheron\/#primaryimage"},"image":{"@id":"https:\/\/radiaatorikeskus.ee\/fi\/tuote\/acheron\/#primaryimage"},"thumbnailUrl":"https:\/\/radiaatorikeskus.ee\/wp-content\/uploads\/2023\/11\/Aeon-Acheron-1.jpg","datePublished":"2023-11-24T12:24:53+00:00","dateModified":"2024-08-12T13:15:27+00:00","breadcrumb":{"@id":"https:\/\/radiaatorikeskus.ee\/fi\/tuote\/acheron\/#breadcrumb"},"inLanguage":"fi","potentialAction":[{"@type":"ReadAction","target":["https:\/\/radiaatorikeskus.ee\/fi\/tuote\/acheron\/"]}]},{"@type":"ImageObject","inLanguage":"fi","@id":"https:\/\/radiaatorikeskus.ee\/fi\/tuote\/acheron\/#primaryimage","url":"https:\/\/radiaatorikeskus.ee\/wp-content\/uploads\/2023\/11\/Aeon-Acheron-1.jpg","contentUrl":"https:\/\/radiaatorikeskus.ee\/wp-content\/uploads\/2023\/11\/Aeon-Acheron-1.jpg","width":900,"height":900},{"@type":"BreadcrumbList","@id":"https:\/\/radiaatorikeskus.ee\/fi\/tuote\/acheron\/#breadcrumb","itemListElement":[{"@type":"ListItem","position":1,"name":"Kotisivu","item":"https:\/\/radiaatorikeskus.ee\/fi\/"},{"@type":"ListItem","position":2,"name":"Tuotteet","item":"https:\/\/radiaatorikeskus.ee\/fi\/tuotteet\/"},{"@type":"ListItem","position":3,"name":"Acheron"}]},{"@type":"WebSite","@id":"https:\/\/radiaatorikeskus.ee\/fi\/#website","url":"https:\/\/radiaatorikeskus.ee\/fi\/","name":"Radiaatorikeskus","description":"Parim radiaatorite valik Eestis","potentialAction":[{"@type":"SearchAction","target":{"@type":"EntryPoint","urlTemplate":"https:\/\/radiaatorikeskus.ee\/fi\/?s={search_term_string}"},"query-input":{"@type":"PropertyValueSpecification","valueRequired":true,"valueName":"search_term_string"}}],"inLanguage":"fi"}]}},"_links":{"self":[{"href":"https:\/\/radiaatorikeskus.ee\/fi\/wp-json\/wp\/v2\/product\/4356","targetHints":{"allow":["GET"]}}],"collection":[{"href":"https:\/\/radiaatorikeskus.ee\/fi\/wp-json\/wp\/v2\/product"}],"about":[{"href":"https:\/\/radiaatorikeskus.ee\/fi\/wp-json\/wp\/v2\/types\/product"}],"wp:featuredmedia":[{"embeddable":true,"href":"https:\/\/radiaatorikeskus.ee\/fi\/wp-json\/wp\/v2\/media\/4357"}],"wp:attachment":[{"href":"https:\/\/radiaatorikeskus.ee\/fi\/wp-json\/wp\/v2\/media?parent=4356"}],"wp:term":[{"taxonomy":"product_brand","embeddable":true,"href":"https:\/\/radiaatorikeskus.ee\/fi\/wp-json\/wp\/v2\/product_brand?post=4356"},{"taxonomy":"product_cat","embeddable":true,"href":"https:\/\/radiaatorikeskus.ee\/fi\/wp-json\/wp\/v2\/product_cat?post=4356"},{"taxonomy":"product_tag","embeddable":true,"href":"https:\/\/radiaatorikeskus.ee\/fi\/wp-json\/wp\/v2\/product_tag?post=4356"}],"curies":[{"name":"wp","href":"https:\/\/api.w.org\/{rel}","templated":true}]}}