{"id":5571,"date":"2025-10-28T09:10:52","date_gmt":"2025-10-28T07:10:52","guid":{"rendered":"https:\/\/radiaatorikeskus.ee\/toode\/briza-net-zero\/"},"modified":"2025-10-28T09:47:34","modified_gmt":"2025-10-28T07:47:34","slug":"briza-net-zero","status":"publish","type":"product","link":"https:\/\/radiaatorikeskus.ee\/fi\/tuote\/briza-net-zero\/","title":{"rendered":"Briza Net Zero"},"content":{"rendered":"","protected":false},"excerpt":{"rendered":"<p>S\u00e4\u00e4st\u00e4 jopa 35 % matalal\u00e4mp\u00f6tilaisella l\u00e4mmityksell\u00e4 yhdess\u00e4 Jaga-l\u00e4mp\u00f6pumppupattereiden kanssa.<br \/>\nMaksimaalinen sis\u00e4mukavuus, minimaalinen hiilidioksidip\u00e4\u00e4st\u00f6.<\/p>\n","protected":false},"featured_media":5559,"template":"","meta":{"_acf_changed":false},"product_brand":[],"product_cat":[120],"product_tag":[134],"class_list":{"0":"post-5571","1":"product","2":"type-product","3":"status-publish","4":"has-post-thumbnail","6":"product_cat-lampopumpulle-sopivat","7":"product_tag-jaga-fi","9":"first","10":"instock","11":"taxable","12":"shipping-taxable","13":"product-type-simple"},"acf":[],"yoast_head":"<!-- This site is optimized with the Yoast SEO plugin v26.2 - https:\/\/yoast.com\/wordpress\/plugins\/seo\/ -->\n<title>Briza Net Zero - Radiaatorikeskus<\/title>\n<meta name=\"robots\" content=\"index, follow, max-snippet:-1, max-image-preview:large, max-video-preview:-1\" \/>\n<link rel=\"canonical\" href=\"https:\/\/radiaatorikeskus.ee\/fi\/tuote\/briza-net-zero\/\" \/>\n<meta property=\"og:locale\" content=\"fi_FI\" \/>\n<meta property=\"og:type\" content=\"article\" \/>\n<meta property=\"og:title\" content=\"Briza Net Zero - Radiaatorikeskus\" \/>\n<meta property=\"og:description\" content=\"S\u00e4\u00e4st\u00e4 jopa 35 % matalal\u00e4mp\u00f6tilaisella l\u00e4mmityksell\u00e4 yhdess\u00e4 Jaga-l\u00e4mp\u00f6pumppupattereiden kanssa. Maksimaalinen sis\u00e4mukavuus, minimaalinen hiilidioksidip\u00e4\u00e4st\u00f6.\" \/>\n<meta property=\"og:url\" content=\"https:\/\/radiaatorikeskus.ee\/fi\/tuote\/briza-net-zero\/\" \/>\n<meta property=\"og:site_name\" content=\"Radiaatorikeskus\" \/>\n<meta property=\"article:modified_time\" content=\"2025-10-28T07:47:34+00:00\" \/>\n<meta property=\"og:image\" content=\"https:\/\/radiaatorikeskus.ee\/wp-content\/uploads\/2025\/10\/scene-b12-with-touchscreen-top2-scaled-1.jpg\" \/>\n\t<meta property=\"og:image:width\" content=\"2560\" \/>\n\t<meta property=\"og:image:height\" content=\"1920\" \/>\n\t<meta property=\"og:image:type\" content=\"image\/jpeg\" \/>\n<meta name=\"twitter:card\" content=\"summary_large_image\" \/>\n<meta name=\"twitter:label1\" content=\"Arvioitu lukuaika\" \/>\n\t<meta name=\"twitter:data1\" content=\"1 minuutti\" \/>\n<script type=\"application\/ld+json\" class=\"yoast-schema-graph\">{\"@context\":\"https:\/\/schema.org\",\"@graph\":[{\"@type\":\"WebPage\",\"@id\":\"https:\/\/radiaatorikeskus.ee\/fi\/tuote\/briza-net-zero\/\",\"url\":\"https:\/\/radiaatorikeskus.ee\/fi\/tuote\/briza-net-zero\/\",\"name\":\"Briza Net Zero - Radiaatorikeskus\",\"isPartOf\":{\"@id\":\"https:\/\/radiaatorikeskus.ee\/fi\/#website\"},\"primaryImageOfPage\":{\"@id\":\"https:\/\/radiaatorikeskus.ee\/fi\/tuote\/briza-net-zero\/#primaryimage\"},\"image\":{\"@id\":\"https:\/\/radiaatorikeskus.ee\/fi\/tuote\/briza-net-zero\/#primaryimage\"},\"thumbnailUrl\":\"https:\/\/radiaatorikeskus.ee\/wp-content\/uploads\/2025\/10\/scene-b12-with-touchscreen-top2-scaled-1.jpg\",\"datePublished\":\"2025-10-28T07:10:52+00:00\",\"dateModified\":\"2025-10-28T07:47:34+00:00\",\"breadcrumb\":{\"@id\":\"https:\/\/radiaatorikeskus.ee\/fi\/tuote\/briza-net-zero\/#breadcrumb\"},\"inLanguage\":\"fi\",\"potentialAction\":[{\"@type\":\"ReadAction\",\"target\":[\"https:\/\/radiaatorikeskus.ee\/fi\/tuote\/briza-net-zero\/\"]}]},{\"@type\":\"ImageObject\",\"inLanguage\":\"fi\",\"@id\":\"https:\/\/radiaatorikeskus.ee\/fi\/tuote\/briza-net-zero\/#primaryimage\",\"url\":\"https:\/\/radiaatorikeskus.ee\/wp-content\/uploads\/2025\/10\/scene-b12-with-touchscreen-top2-scaled-1.jpg\",\"contentUrl\":\"https:\/\/radiaatorikeskus.ee\/wp-content\/uploads\/2025\/10\/scene-b12-with-touchscreen-top2-scaled-1.jpg\",\"width\":2560,\"height\":1920},{\"@type\":\"BreadcrumbList\",\"@id\":\"https:\/\/radiaatorikeskus.ee\/fi\/tuote\/briza-net-zero\/#breadcrumb\",\"itemListElement\":[{\"@type\":\"ListItem\",\"position\":1,\"name\":\"Kotisivu\",\"item\":\"https:\/\/radiaatorikeskus.ee\/fi\/\"},{\"@type\":\"ListItem\",\"position\":2,\"name\":\"Tuotteet\",\"item\":\"https:\/\/radiaatorikeskus.ee\/fi\/tuotteet\/\"},{\"@type\":\"ListItem\",\"position\":3,\"name\":\"Briza Net Zero\"}]},{\"@type\":\"WebSite\",\"@id\":\"https:\/\/radiaatorikeskus.ee\/fi\/#website\",\"url\":\"https:\/\/radiaatorikeskus.ee\/fi\/\",\"name\":\"Radiaatorikeskus\",\"description\":\"Parim radiaatorite valik Eestis\",\"potentialAction\":[{\"@type\":\"SearchAction\",\"target\":{\"@type\":\"EntryPoint\",\"urlTemplate\":\"https:\/\/radiaatorikeskus.ee\/fi\/?s={search_term_string}\"},\"query-input\":{\"@type\":\"PropertyValueSpecification\",\"valueRequired\":true,\"valueName\":\"search_term_string\"}}],\"inLanguage\":\"fi\"}]}<\/script>\n<!-- \/ Yoast SEO plugin. -->","yoast_head_json":{"title":"Briza Net Zero - Radiaatorikeskus","robots":{"index":"index","follow":"follow","max-snippet":"max-snippet:-1","max-image-preview":"max-image-preview:large","max-video-preview":"max-video-preview:-1"},"canonical":"https:\/\/radiaatorikeskus.ee\/fi\/tuote\/briza-net-zero\/","og_locale":"fi_FI","og_type":"article","og_title":"Briza Net Zero - Radiaatorikeskus","og_description":"S\u00e4\u00e4st\u00e4 jopa 35 % matalal\u00e4mp\u00f6tilaisella l\u00e4mmityksell\u00e4 yhdess\u00e4 Jaga-l\u00e4mp\u00f6pumppupattereiden kanssa. Maksimaalinen sis\u00e4mukavuus, minimaalinen hiilidioksidip\u00e4\u00e4st\u00f6.","og_url":"https:\/\/radiaatorikeskus.ee\/fi\/tuote\/briza-net-zero\/","og_site_name":"Radiaatorikeskus","article_modified_time":"2025-10-28T07:47:34+00:00","og_image":[{"width":2560,"height":1920,"url":"https:\/\/radiaatorikeskus.ee\/wp-content\/uploads\/2025\/10\/scene-b12-with-touchscreen-top2-scaled-1.jpg","type":"image\/jpeg"}],"twitter_card":"summary_large_image","twitter_misc":{"Arvioitu lukuaika":"1 minuutti"},"schema":{"@context":"https:\/\/schema.org","@graph":[{"@type":"WebPage","@id":"https:\/\/radiaatorikeskus.ee\/fi\/tuote\/briza-net-zero\/","url":"https:\/\/radiaatorikeskus.ee\/fi\/tuote\/briza-net-zero\/","name":"Briza Net Zero - Radiaatorikeskus","isPartOf":{"@id":"https:\/\/radiaatorikeskus.ee\/fi\/#website"},"primaryImageOfPage":{"@id":"https:\/\/radiaatorikeskus.ee\/fi\/tuote\/briza-net-zero\/#primaryimage"},"image":{"@id":"https:\/\/radiaatorikeskus.ee\/fi\/tuote\/briza-net-zero\/#primaryimage"},"thumbnailUrl":"https:\/\/radiaatorikeskus.ee\/wp-content\/uploads\/2025\/10\/scene-b12-with-touchscreen-top2-scaled-1.jpg","datePublished":"2025-10-28T07:10:52+00:00","dateModified":"2025-10-28T07:47:34+00:00","breadcrumb":{"@id":"https:\/\/radiaatorikeskus.ee\/fi\/tuote\/briza-net-zero\/#breadcrumb"},"inLanguage":"fi","potentialAction":[{"@type":"ReadAction","target":["https:\/\/radiaatorikeskus.ee\/fi\/tuote\/briza-net-zero\/"]}]},{"@type":"ImageObject","inLanguage":"fi","@id":"https:\/\/radiaatorikeskus.ee\/fi\/tuote\/briza-net-zero\/#primaryimage","url":"https:\/\/radiaatorikeskus.ee\/wp-content\/uploads\/2025\/10\/scene-b12-with-touchscreen-top2-scaled-1.jpg","contentUrl":"https:\/\/radiaatorikeskus.ee\/wp-content\/uploads\/2025\/10\/scene-b12-with-touchscreen-top2-scaled-1.jpg","width":2560,"height":1920},{"@type":"BreadcrumbList","@id":"https:\/\/radiaatorikeskus.ee\/fi\/tuote\/briza-net-zero\/#breadcrumb","itemListElement":[{"@type":"ListItem","position":1,"name":"Kotisivu","item":"https:\/\/radiaatorikeskus.ee\/fi\/"},{"@type":"ListItem","position":2,"name":"Tuotteet","item":"https:\/\/radiaatorikeskus.ee\/fi\/tuotteet\/"},{"@type":"ListItem","position":3,"name":"Briza Net Zero"}]},{"@type":"WebSite","@id":"https:\/\/radiaatorikeskus.ee\/fi\/#website","url":"https:\/\/radiaatorikeskus.ee\/fi\/","name":"Radiaatorikeskus","description":"Parim radiaatorite valik Eestis","potentialAction":[{"@type":"SearchAction","target":{"@type":"EntryPoint","urlTemplate":"https:\/\/radiaatorikeskus.ee\/fi\/?s={search_term_string}"},"query-input":{"@type":"PropertyValueSpecification","valueRequired":true,"valueName":"search_term_string"}}],"inLanguage":"fi"}]}},"_links":{"self":[{"href":"https:\/\/radiaatorikeskus.ee\/fi\/wp-json\/wp\/v2\/product\/5571","targetHints":{"allow":["GET"]}}],"collection":[{"href":"https:\/\/radiaatorikeskus.ee\/fi\/wp-json\/wp\/v2\/product"}],"about":[{"href":"https:\/\/radiaatorikeskus.ee\/fi\/wp-json\/wp\/v2\/types\/product"}],"wp:featuredmedia":[{"embeddable":true,"href":"https:\/\/radiaatorikeskus.ee\/fi\/wp-json\/wp\/v2\/media\/5559"}],"wp:attachment":[{"href":"https:\/\/radiaatorikeskus.ee\/fi\/wp-json\/wp\/v2\/media?parent=5571"}],"wp:term":[{"taxonomy":"product_brand","embeddable":true,"href":"https:\/\/radiaatorikeskus.ee\/fi\/wp-json\/wp\/v2\/product_brand?post=5571"},{"taxonomy":"product_cat","embeddable":true,"href":"https:\/\/radiaatorikeskus.ee\/fi\/wp-json\/wp\/v2\/product_cat?post=5571"},{"taxonomy":"product_tag","embeddable":true,"href":"https:\/\/radiaatorikeskus.ee\/fi\/wp-json\/wp\/v2\/product_tag?post=5571"}],"curies":[{"name":"wp","href":"https:\/\/api.w.org\/{rel}","templated":true}]}}